{"id":10682,"date":"2025-09-17T12:58:44","date_gmt":"2025-09-17T10:58:44","guid":{"rendered":"https:\/\/boreait.com\/hu\/?post_type=product&#038;p=10682"},"modified":"2025-09-17T12:58:51","modified_gmt":"2025-09-17T10:58:51","slug":"lcd-kepernyo-hp-chromebook-11-g3-g4-g5-116-huvelykes-matt-hd-30-tus-erintesmentes","status":"publish","type":"product","link":"https:\/\/boreait.com\/hu\/termek\/lcd-kepernyo-hp-chromebook-11-g3-g4-g5-116-huvelykes-matt-hd-30-tus-erintesmentes\/","title":{"rendered":"LCD k\u00e9perny\u0151 HP Chromebook 11 G3 G4 G5 11,6 h\u00fcvelykes matt HD 30 t\u0171s, \u00e9rint\u00e9smentes"},"content":{"rendered":"<p><strong>T\u00e9nyleges LCD-kijelz\u0151s modell: MB116AN01-3, 1.1 \u2013 TELJESEN KOMPATIBILIS A LAPTOP K\u00c9PERNY\u0150J\u00c9VEL AZ LAPTOP HP Chromebook 11 G3, G4, G5 k\u00e9sz\u00fcl\u00e9k\u00e9hez \u2013 \u00e9rint\u00e9smentes<\/strong><\/p>\n<p>Friss\u00edtse vagy cser\u00e9lje ki HP Chromebook 11 G3, G4 vagy G5 kijelz\u0151j\u00e9t ezzel a kiv\u00e1l\u00f3 min\u0151s\u00e9g\u0171, 11,6 h\u00fcvelykes, \u00e9rint\u00e9smentes LCD-k\u00e9perny\u0151vel. Az 1366&#215;768 HD felbont\u00e1s\u00fa sz\u00e9lesv\u00e1szn\u00fa LCD-panel \u00e9les \u00e9s tiszta k\u00e9peket biztos\u00edt a z\u00f6kken\u0151mentes vizu\u00e1lis \u00e9lm\u00e9ny \u00e9rdek\u00e9ben. A matt fel\u00fclet cs\u00f6kkenti a t\u00fckr\u00f6z\u0151d\u00e9st, \u00edgy ide\u00e1lis k\u00fcl\u00f6nf\u00e9le f\u00e9nyviszonyokhoz.<\/p>\n<p>Ez a kijelz\u0151 30 t\u0171s eDP-csatlakoz\u00f3val rendelkezik, amely biztons\u00e1gos \u00e9s stabil kapcsolatot biztos\u00edt az eszk\u00f6zzel. A mell\u00e9kelt bal \u00e9s jobb tart\u00f3konzolok megk\u00f6nny\u00edtik \u00e9s probl\u00e9mamentesek a telep\u00edt\u00e9si folyamatot. Ez egy nem-IPS panel, amely t\u00f6k\u00e9letes olyan alapvet\u0151 haszn\u00e1latra, mint a b\u00f6ng\u00e9sz\u00e9s \u00e9s a termel\u00e9kenys\u00e9gi feladatok. Ak\u00e1r egy repedt k\u00e9perny\u0151t cser\u00e9l, ak\u00e1r egy \u00fajra friss\u00edt, ez az LCD-panel megb\u00edzhat\u00f3 v\u00e1laszt\u00e1s.<\/p>\n<p>\u00c1llapot: \u00daj.<\/p>\n","protected":false},"excerpt":{"rendered":"<p>Cser\u00e9lje vagy friss\u00edtse HP Chromebook 11 G3, G4 vagy G5 k\u00e9perny\u0151j\u00e9t ezzel a 11,6 h\u00fcvelykes, \u00e9rint\u00e9smentes LCD-kijelz\u0151vel. Matt fel\u00fclettel, 1366&#215;768 HD felbont\u00e1ssal \u00e9s 30 t\u0171s eDP-csatlakoz\u00e1ssal. Bal \u00e9s jobb tart\u00f3t tartalmaz. \u00c1llapot: \u00daj.<\/p>\n","protected":false},"featured_media":10686,"template":"","meta":[],"product_brand":[],"product_cat":[85,71],"product_tag":[],"class_list":{"0":"post-10682","1":"product","2":"type-product","3":"status-publish","4":"has-post-thumbnail","6":"product_cat-11-6-new-laptop-screens-lcd-panels","7":"product_cat-new-laptop-screens-lcd-panels","9":"first","10":"instock","11":"taxable","12":"shipping-taxable","13":"purchasable","14":"product-type-simple"},"_links":{"self":[{"href":"https:\/\/boreait.com\/hu\/wp-json\/wp\/v2\/product\/10682","targetHints":{"allow":["GET"]}}],"collection":[{"href":"https:\/\/boreait.com\/hu\/wp-json\/wp\/v2\/product"}],"about":[{"href":"https:\/\/boreait.com\/hu\/wp-json\/wp\/v2\/types\/product"}],"wp:featuredmedia":[{"embeddable":true,"href":"https:\/\/boreait.com\/hu\/wp-json\/wp\/v2\/media\/10686"}],"wp:attachment":[{"href":"https:\/\/boreait.com\/hu\/wp-json\/wp\/v2\/media?parent=10682"}],"wp:term":[{"taxonomy":"product_brand","embeddable":true,"href":"https:\/\/boreait.com\/hu\/wp-json\/wp\/v2\/product_brand?post=10682"},{"taxonomy":"product_cat","embeddable":true,"href":"https:\/\/boreait.com\/hu\/wp-json\/wp\/v2\/product_cat?post=10682"},{"taxonomy":"product_tag","embeddable":true,"href":"https:\/\/boreait.com\/hu\/wp-json\/wp\/v2\/product_tag?post=10682"}],"curies":[{"name":"wp","href":"https:\/\/api.w.org\/{rel}","templated":true}]}}