{"id":10681,"date":"2025-09-17T12:58:44","date_gmt":"2025-09-17T10:58:44","guid":{"rendered":"https:\/\/boreait.com\/hu\/?post_type=product&#038;p=10681"},"modified":"2025-09-17T12:58:51","modified_gmt":"2025-09-17T10:58:51","slug":"hp-compaq-pavilion-x360-116-lcd-1366x768-hd-non-touch-konzolokkal-uj","status":"publish","type":"product","link":"https:\/\/boreait.com\/hu\/termek\/hp-compaq-pavilion-x360-116-lcd-1366x768-hd-non-touch-konzolokkal-uj\/","title":{"rendered":"HP-Compaq Pavilion X360 11,6&#8243; LCD 1366&#215;768 HD Non-Touch konzolokkal \u00daj"},"content":{"rendered":"<p><strong>T\u00e9nyleges LCD-k\u00e9perny\u0151s modell: MB116AN01-3, 1.1 \u2013 TELJESEN KOMPATIBILIS A LAPTOP K\u00c9PERNY\u0150J\u00c9VEL HP-Compaq Pavilion X360 11-K100 sorozat \u2013 \u00e9rint\u00e9smentes<\/strong><\/p>\n<p>Fokozza HP-Compaq Pavilion X360 11-K100 sorozat\u00fa laptopj\u00e1t ezzel a kiv\u00e1l\u00f3 min\u0151s\u00e9g\u0171 11,6&#8243;-es LCD-k\u00e9perny\u0151vel. Ez a k\u00e9perny\u0151 1366&#215;768 HD felbont\u00e1ssal rendelkezik, amely \u00e9les \u00e9s tiszta k\u00e9pet biztos\u00edt a mindennapi haszn\u00e1latra. A 30 t\u0171s eDP-csatlakoz\u00f3 biztos\u00edtja a kompatibilit\u00e1st az eszk\u00f6zzel, m\u00edg a matt fel\u00fclet cs\u00f6kkenti a csillog\u00f3 f\u00e9nyviszonyokat.<\/p>\n<p>Ezt a k\u00e9perny\u0151t nem \u00e9rint\u0151k\u00e9perny\u0151s modellekhez tervezt\u00e9k, \u00e9s tartalmazza a sz\u00fcks\u00e9ges bal \u00e9s jobb tart\u00f3t az egyszer\u0171 telep\u00edt\u00e9s \u00e9rdek\u00e9ben. LED h\u00e1tt\u00e9rvil\u00e1g\u00edt\u00e1ssal \u00e9s nem IPS kijelz\u0151vel kiv\u00e1l\u00f3 teljes\u00edtm\u00e9nyt ny\u00fajt az alapvet\u0151 feladatokhoz \u00e9s a m\u00e9diamegtekint\u00e9shez. A k\u00e9perny\u0151 vadonat\u00faj, garant\u00e1ltan hib\u00e1tlan, teljesen m\u0171k\u00f6d\u0151k\u00e9pes csere a s\u00e9r\u00fclt vagy r\u00e9gi kijelz\u0151h\u00f6z.<\/p>\n","protected":false},"excerpt":{"rendered":"<p>Cser\u00e9lje le HP-Compaq Pavilion X360 11-K100 laptopja k\u00e9perny\u0151j\u00e9t erre a 11,6 h\u00fcvelykes HD LCD-k\u00e9perny\u0151re. Matt fel\u00fclettel, 1366&#215;768-as felbont\u00e1ssal \u00e9s 30 t\u0171s eDP-csatlakoz\u00f3val ez a k\u00e9perny\u0151 t\u00f6k\u00e9letes a nem \u00e9rint\u0151k\u00e9perny\u0151s modellekhez. Bal \u00e9s jobb konzolok mell\u00e9kelve. \u00c1llapot: \u00daj.<\/p>\n","protected":false},"featured_media":10686,"template":"","meta":[],"product_brand":[],"product_cat":[85,71],"product_tag":[],"class_list":{"0":"post-10681","1":"product","2":"type-product","3":"status-publish","4":"has-post-thumbnail","6":"product_cat-11-6-new-laptop-screens-lcd-panels","7":"product_cat-new-laptop-screens-lcd-panels","9":"first","10":"instock","11":"taxable","12":"shipping-taxable","13":"purchasable","14":"product-type-simple"},"_links":{"self":[{"href":"https:\/\/boreait.com\/hu\/wp-json\/wp\/v2\/product\/10681","targetHints":{"allow":["GET"]}}],"collection":[{"href":"https:\/\/boreait.com\/hu\/wp-json\/wp\/v2\/product"}],"about":[{"href":"https:\/\/boreait.com\/hu\/wp-json\/wp\/v2\/types\/product"}],"wp:featuredmedia":[{"embeddable":true,"href":"https:\/\/boreait.com\/hu\/wp-json\/wp\/v2\/media\/10686"}],"wp:attachment":[{"href":"https:\/\/boreait.com\/hu\/wp-json\/wp\/v2\/media?parent=10681"}],"wp:term":[{"taxonomy":"product_brand","embeddable":true,"href":"https:\/\/boreait.com\/hu\/wp-json\/wp\/v2\/product_brand?post=10681"},{"taxonomy":"product_cat","embeddable":true,"href":"https:\/\/boreait.com\/hu\/wp-json\/wp\/v2\/product_cat?post=10681"},{"taxonomy":"product_tag","embeddable":true,"href":"https:\/\/boreait.com\/hu\/wp-json\/wp\/v2\/product_tag?post=10681"}],"curies":[{"name":"wp","href":"https:\/\/api.w.org\/{rel}","templated":true}]}}