{"id":10680,"date":"2025-09-17T12:58:43","date_gmt":"2025-09-17T10:58:43","guid":{"rendered":"https:\/\/boreait.com\/hu\/?post_type=product&#038;p=10680"},"modified":"2025-09-17T12:58:51","modified_gmt":"2025-09-17T10:58:51","slug":"hp-stream-116-lcd-kepernyo-1366x768-hd-erintesmentes-matt-30-tus-tartokkal-uj","status":"publish","type":"product","link":"https:\/\/boreait.com\/hu\/termek\/hp-stream-116-lcd-kepernyo-1366x768-hd-erintesmentes-matt-30-tus-tartokkal-uj\/","title":{"rendered":"HP Stream 11,6&#8243; LCD k\u00e9perny\u0151 1366&#215;768 HD \u00e9rint\u00e9smentes matt 30 t\u0171s tart\u00f3kkal \u00daj"},"content":{"rendered":"<p><strong>T\u00e9nyleges LCD-k\u00e9perny\u0151s modell: MB116AN01-3, 1.1 \u2013 TELJESEN KOMPATIBILIS A LAPTOP K\u00c9PERNY\u0150J\u00c9VEL A HP Stream 11-Y000 sorozat, R000 sorozat, R014WM, 11-R SOROZAT \u2013 \u00e9rint\u00e9smentes<\/strong><\/p>\n<p>Friss\u00edtse HP laptop kijelz\u0151j\u00e9t ezzel a 11,6 h\u00fcvelykes LCD-k\u00e9perny\u0151vel, amelyet olyan modellekhez terveztek, mint a HP Stream 11-Y000 Series, R000 Series, R014WM \u00e9s 11-R Series. Ez a k\u00e9perny\u0151 \u00e9les, 1366&#215;768 HD felbont\u00e1ssal rendelkezik, amely \u00e9les \u00e9s tiszta k\u00e9peket biztos\u00edt a mindennapi haszn\u00e1lathoz. a nem IPS technol\u00f3gia p\u00e9nzt\u00e1rcabar\u00e1t megold\u00e1st biztos\u00edt a min\u0151s\u00e9gi kompromisszumok n\u00e9lk\u00fcl.<\/p>\n<p>A 30 t\u0171s eDP-csatlakoz\u00f3val \u00e9s a mell\u00e9kelt bal \u00e9s jobb konzollal ez az LCD-k\u00e9perny\u0151 k\u00f6nnyen felszerelhet\u0151, \u00edgy t\u00f6k\u00e9letesen illeszkedik az eszk\u00f6zh\u00f6z. Ak\u00e1r egy t\u00f6r\u00f6tt k\u00e9perny\u0151t cser\u00e9l, ak\u00e1r egyszer\u0171en friss\u00edt, ez az \u00faj, nem \u00e9rint\u0151k\u00e9perny\u0151 nagyszer\u0171 v\u00e1laszt\u00e1s a z\u00f6kken\u0151mentes megjelen\u00edt\u00e9shez.<\/p>\n<p>K\u00e9rj\u00fck, vegye figyelembe, hogy ez a k\u00e9perny\u0151 nem rendelkezik \u00e9rint\u00e9si funkci\u00f3val. Teljesen \u00faj, beszerel\u00e9sre k\u00e9sz.<\/p>\n","protected":false},"excerpt":{"rendered":"<p>Cser\u00e9lje le HP laptopja k\u00e9perny\u0151j\u00e9t erre a 11,6 h\u00fcvelykes LCD-re a HP Stream 11-Y000, R000, R014WM \u00e9s 11-R sorozatokhoz. Nem \u00e9rint\u00e9smentes, HD 1366&#215;768 felbont\u00e1s, matt fel\u00fclet, bal \u00e9s jobb konzollal. \u00c1llapot: \u00faj.<\/p>\n","protected":false},"featured_media":10686,"template":"","meta":[],"product_brand":[],"product_cat":[85,71],"product_tag":[],"class_list":{"0":"post-10680","1":"product","2":"type-product","3":"status-publish","4":"has-post-thumbnail","6":"product_cat-11-6-new-laptop-screens-lcd-panels","7":"product_cat-new-laptop-screens-lcd-panels","9":"first","10":"instock","11":"taxable","12":"shipping-taxable","13":"purchasable","14":"product-type-simple"},"_links":{"self":[{"href":"https:\/\/boreait.com\/hu\/wp-json\/wp\/v2\/product\/10680","targetHints":{"allow":["GET"]}}],"collection":[{"href":"https:\/\/boreait.com\/hu\/wp-json\/wp\/v2\/product"}],"about":[{"href":"https:\/\/boreait.com\/hu\/wp-json\/wp\/v2\/types\/product"}],"wp:featuredmedia":[{"embeddable":true,"href":"https:\/\/boreait.com\/hu\/wp-json\/wp\/v2\/media\/10686"}],"wp:attachment":[{"href":"https:\/\/boreait.com\/hu\/wp-json\/wp\/v2\/media?parent=10680"}],"wp:term":[{"taxonomy":"product_brand","embeddable":true,"href":"https:\/\/boreait.com\/hu\/wp-json\/wp\/v2\/product_brand?post=10680"},{"taxonomy":"product_cat","embeddable":true,"href":"https:\/\/boreait.com\/hu\/wp-json\/wp\/v2\/product_cat?post=10680"},{"taxonomy":"product_tag","embeddable":true,"href":"https:\/\/boreait.com\/hu\/wp-json\/wp\/v2\/product_tag?post=10680"}],"curies":[{"name":"wp","href":"https:\/\/api.w.org\/{rel}","templated":true}]}}