{"id":10679,"date":"2025-09-17T12:58:43","date_gmt":"2025-09-17T10:58:43","guid":{"rendered":"https:\/\/boreait.com\/hu\/?post_type=product&#038;p=10679"},"modified":"2025-09-17T12:58:51","modified_gmt":"2025-09-17T10:58:51","slug":"lcd-kepernyo-dell-chromebook-11-cb1c13-116-huvelykes-hd-30-tus-matt-erintesmentes-uj","status":"publish","type":"product","link":"https:\/\/boreait.com\/hu\/termek\/lcd-kepernyo-dell-chromebook-11-cb1c13-116-huvelykes-hd-30-tus-matt-erintesmentes-uj\/","title":{"rendered":"LCD k\u00e9perny\u0151 Dell Chromebook 11 CB1C13 11,6 h\u00fcvelykes HD 30 t\u0171s matt \u00e9rint\u00e9smentes \u00daj"},"content":{"rendered":"<p><strong>T\u00e9nyleges LCD-k\u00e9perny\u0151s modell: MB116AN01-3, 1.1 \u2013 TELJESEN KOMPATIBILIS A LAPTOP K\u00c9PERNY\u0150J\u00c9VEL A LAPTOP Dell Chromebook 11 CB1C13 P22T P26T \u2013 \u00e9rint\u00e9smentes<\/strong><\/p>\n<p>Friss\u00edtse Dell Chromebook 11 CB1C13 P22T P26T k\u00e9sz\u00fcl\u00e9k\u00e9t ezzel a kiv\u00e1l\u00f3 min\u0151s\u00e9g\u0171 csere LCD-k\u00e9perny\u0151vel. Ez a 11,6 h\u00fcvelykes, sz\u00e9les k\u00e9perny\u0151s LCD-panel 1366&#215;768 HD felbont\u00e1st k\u00edn\u00e1l az \u00e9les k\u00e9pek \u00e9s a kiv\u00e1l\u00f3 tisztas\u00e1g \u00e9rdek\u00e9ben. A matt fel\u00fclet seg\u00edt cs\u00f6kkenteni a t\u00fckr\u00f6z\u0151d\u00e9st, \u00edgy ide\u00e1lis a j\u00f3l megvil\u00e1g\u00edtott k\u00f6rnyezetben val\u00f3 munkav\u00e9gz\u00e9shez. A k\u00e9perny\u0151n 30 t\u0171s eDP-csatlakoz\u00f3 tal\u00e1lhat\u00f3 a k\u00e9sz\u00fcl\u00e9khez val\u00f3 biztons\u00e1gos \u00e9s stabil csatlakoz\u00e1s \u00e9rdek\u00e9ben.<\/p>\n<p>Ez a kijelz\u0151 \u00e9rint\u00e9smentes, \u00e9s az egyszer\u0171 telep\u00edt\u00e9s \u00e9rdek\u00e9ben bal \u00e9s jobb oldali konzollal rendelkezik. B\u00e1r nem IPS-k\u00e9perny\u0151r\u0151l van sz\u00f3, m\u00e9gis egyenletes sz\u00edneket \u00e9s tiszta k\u00e9peket biztos\u00edt a mindennapi feladatokhoz, nagyszer\u0171 teljes\u00edtm\u00e9nyt ny\u00fajtva szem\u00e9lyes \u00e9s professzion\u00e1lis haszn\u00e1latra egyar\u00e1nt. A k\u00e9perny\u0151 teljesen \u00faj \u00e1llapotban van, t\u00f6k\u00e9letes illeszked\u00e9st \u00e9s kiv\u00e1l\u00f3 teljes\u00edtm\u00e9nyt biztos\u00edt Chromebookj\u00e1hoz.<\/p>\n","protected":false},"excerpt":{"rendered":"<p>Cser\u00e9lje ki Dell Chromebook 11 CB1C13 P22T P26T k\u00e9perny\u0151j\u00e9t erre a 11,6 h\u00fcvelykes HD, \u00e9rint\u00e9smentes LCD-k\u00e9perny\u0151re. 1366&#215;768 HD felbont\u00e1ssal, 30 t\u0171s eDP-csatlakoz\u00e1ssal \u00e9s matt fel\u00fclettel ez a k\u00e9perny\u0151 t\u00f6k\u00e9letes a tiszta, t\u00fckr\u00f6z\u0151d\u00e9smentes megjelen\u00edt\u00e9shez. \u00c1llapot: \u00daj.<\/p>\n","protected":false},"featured_media":10686,"template":"","meta":[],"product_brand":[],"product_cat":[85,71],"product_tag":[],"class_list":{"0":"post-10679","1":"product","2":"type-product","3":"status-publish","4":"has-post-thumbnail","6":"product_cat-11-6-new-laptop-screens-lcd-panels","7":"product_cat-new-laptop-screens-lcd-panels","9":"first","10":"instock","11":"taxable","12":"shipping-taxable","13":"purchasable","14":"product-type-simple"},"_links":{"self":[{"href":"https:\/\/boreait.com\/hu\/wp-json\/wp\/v2\/product\/10679","targetHints":{"allow":["GET"]}}],"collection":[{"href":"https:\/\/boreait.com\/hu\/wp-json\/wp\/v2\/product"}],"about":[{"href":"https:\/\/boreait.com\/hu\/wp-json\/wp\/v2\/types\/product"}],"wp:featuredmedia":[{"embeddable":true,"href":"https:\/\/boreait.com\/hu\/wp-json\/wp\/v2\/media\/10686"}],"wp:attachment":[{"href":"https:\/\/boreait.com\/hu\/wp-json\/wp\/v2\/media?parent=10679"}],"wp:term":[{"taxonomy":"product_brand","embeddable":true,"href":"https:\/\/boreait.com\/hu\/wp-json\/wp\/v2\/product_brand?post=10679"},{"taxonomy":"product_cat","embeddable":true,"href":"https:\/\/boreait.com\/hu\/wp-json\/wp\/v2\/product_cat?post=10679"},{"taxonomy":"product_tag","embeddable":true,"href":"https:\/\/boreait.com\/hu\/wp-json\/wp\/v2\/product_tag?post=10679"}],"curies":[{"name":"wp","href":"https:\/\/api.w.org\/{rel}","templated":true}]}}