{"id":10677,"date":"2025-09-17T12:58:43","date_gmt":"2025-09-17T10:58:43","guid":{"rendered":"https:\/\/boreait.com\/hu\/?post_type=product&#038;p=10677"},"modified":"2025-09-17T12:58:50","modified_gmt":"2025-09-17T10:58:50","slug":"dell-inspiron-11-3162-116-lcd-erintesmentes-1366x768-hd-matt-edp-30-tus-uj","status":"publish","type":"product","link":"https:\/\/boreait.com\/hu\/termek\/dell-inspiron-11-3162-116-lcd-erintesmentes-1366x768-hd-matt-edp-30-tus-uj\/","title":{"rendered":"DELL INSPIRON 11-3162 11,6&#8243; LCD \u00e9rint\u00e9smentes 1366&#215;768 HD matt eDP 30 t\u0171s \u00faj"},"content":{"rendered":"<p><strong>T\u00e9nyleges LCD-kijelz\u0151s modell: MB116AN01-3, 1.1 \u2013 TELJESEN KOMPATIBILIS A DELL INSPIRON 11-3162, 11-3000 SOROZAT\u00da LAPTOP K\u00c9PERNY\u0150J\u00c9VEL \u2013 \u00e9rint\u00e9smentes<\/strong><\/p>\n<p>Ezt a kiv\u00e1l\u00f3 min\u0151s\u00e9g\u0171 LCD-k\u00e9perny\u0151t kifejezetten a DELL INSPIRON 11-3162 \u00e9s 11-3000 sorozat\u00fa laptopokhoz tervezt\u00e9k. A 11,6 h\u00fcvelykes sz\u00e9lesv\u00e1szn\u00fa kijelz\u0151vel 1366&#215;768 HD felbont\u00e1st k\u00edn\u00e1l, \u00e9les \u00e9s tiszta k\u00e9pet biztos\u00edtva a mindennapi feladatokhoz. A nem \u00e9rint\u0151k\u00e9perny\u0151 matt fel\u00fclettel rendelkezik, amely cs\u00f6kkenti a t\u00fckr\u00f6z\u0151d\u00e9st, \u00edgy alkalmas k\u00fcl\u00f6nf\u00e9le megvil\u00e1g\u00edt\u00e1si k\u00f6rnyezetekre.<\/p>\n<p>A 30 t\u0171s eDP kapcsolat stabil \u00e9s megb\u00edzhat\u00f3 kapcsolatot biztos\u00edt a k\u00e9perny\u0151 \u00e9s az eszk\u00f6z k\u00f6z\u00f6tt. A LED-es h\u00e1tt\u00e9rvil\u00e1g\u00edt\u00e1s\u00fa \u00e9s nem IPS-es k\u00e9perny\u0151 megfizethet\u0151bb lehet\u0151s\u00e9get k\u00edn\u00e1l azok sz\u00e1m\u00e1ra, akiknek alapvet\u0151 laptop kijelz\u0151funkci\u00f3kra van sz\u00fcks\u00e9g\u00fck.<\/p>\n<p>Ez a kijelz\u0151 bal \u00e9s jobb oldali konzollal is rendelkezik, \u00edgy a telep\u00edt\u00e9s egyszer\u0171bb \u00e9s k\u00e9nyelmesebb. Ak\u00e1r egy s\u00e9r\u00fclt k\u00e9perny\u0151t cser\u00e9l, ak\u00e1r a jobb teljes\u00edtm\u00e9ny \u00e9rdek\u00e9ben friss\u00edt, ez az LCD-k\u00e9perny\u0151 DELL laptopj\u00e1hoz nagyszer\u0171 v\u00e1laszt\u00e1s.<\/p>\n","protected":false},"excerpt":{"rendered":"<p>Cser\u00e9lje ki DELL INSPIRON 11-3162 k\u00e9perny\u0151j\u00e9t erre a 11,6&#8243;-os, \u00e9rint\u00e9smentes LCD-kijelz\u0151re. 1366&#215;768 HD felbont\u00e1s\u00e1val, matt fel\u00fclet\u00e9vel \u00e9s 30 t\u0171s eDP-csatlakoz\u00e1s\u00e1val t\u00f6k\u00e9letes a DELL INSPIRON 11-3000 sorozat\u00fa laptopj\u00e1hoz. \u00c1llapot: \u00daj.<\/p>\n","protected":false},"featured_media":10686,"template":"","meta":[],"product_brand":[],"product_cat":[85,71],"product_tag":[],"class_list":{"0":"post-10677","1":"product","2":"type-product","3":"status-publish","4":"has-post-thumbnail","6":"product_cat-11-6-new-laptop-screens-lcd-panels","7":"product_cat-new-laptop-screens-lcd-panels","9":"first","10":"instock","11":"taxable","12":"shipping-taxable","13":"purchasable","14":"product-type-simple"},"_links":{"self":[{"href":"https:\/\/boreait.com\/hu\/wp-json\/wp\/v2\/product\/10677","targetHints":{"allow":["GET"]}}],"collection":[{"href":"https:\/\/boreait.com\/hu\/wp-json\/wp\/v2\/product"}],"about":[{"href":"https:\/\/boreait.com\/hu\/wp-json\/wp\/v2\/types\/product"}],"wp:featuredmedia":[{"embeddable":true,"href":"https:\/\/boreait.com\/hu\/wp-json\/wp\/v2\/media\/10686"}],"wp:attachment":[{"href":"https:\/\/boreait.com\/hu\/wp-json\/wp\/v2\/media?parent=10677"}],"wp:term":[{"taxonomy":"product_brand","embeddable":true,"href":"https:\/\/boreait.com\/hu\/wp-json\/wp\/v2\/product_brand?post=10677"},{"taxonomy":"product_cat","embeddable":true,"href":"https:\/\/boreait.com\/hu\/wp-json\/wp\/v2\/product_cat?post=10677"},{"taxonomy":"product_tag","embeddable":true,"href":"https:\/\/boreait.com\/hu\/wp-json\/wp\/v2\/product_tag?post=10677"}],"curies":[{"name":"wp","href":"https:\/\/api.w.org\/{rel}","templated":true}]}}