{"id":10676,"date":"2025-09-17T12:58:43","date_gmt":"2025-09-17T10:58:43","guid":{"rendered":"https:\/\/boreait.com\/hu\/?post_type=product&#038;p=10676"},"modified":"2025-09-17T12:58:50","modified_gmt":"2025-09-17T10:58:50","slug":"lcd-kepernyo-asus-chromebook-c201p-116-hd-matt-30-tus-erintesmentes-uj","status":"publish","type":"product","link":"https:\/\/boreait.com\/hu\/termek\/lcd-kepernyo-asus-chromebook-c201p-116-hd-matt-30-tus-erintesmentes-uj\/","title":{"rendered":"LCD k\u00e9perny\u0151 ASUS Chromebook C201P 11,6&#8243; HD matt 30 t\u0171s, \u00e9rint\u00e9smentes \u00daj"},"content":{"rendered":"<p><strong>T\u00e9nyleges LCD-kijelz\u0151s modell: MB116AN01-3, 1.1 \u2013 TELJESEN KOMPATIBILIS A LAPTOP K\u00c9PERNY\u0150J\u00c9VEL ASUS CHROMEBOOK C201P, C201PA \u2013 \u00e9rint\u00e9smentes<\/strong><\/p>\n<p>Friss\u00edtse ASUS Chromebook C201P vagy C201PA k\u00e9sz\u00fcl\u00e9k\u00e9t ezzel a pr\u00e9mium 11,6 h\u00fcvelykes LCD-k\u00e9perny\u0151vel. A kiv\u00e1l\u00f3 megjelen\u00edt\u00e9si tisztas\u00e1gra tervezett, \u00e9rint\u00e9smentes k\u00e9perny\u0151 1366&#215;768 HD felbont\u00e1s\u00fa, tiszta \u00e9s \u00e9les k\u00e9pet biztos\u00edt a mindennapi haszn\u00e1latra. A matt fel\u00fclet cs\u00f6kkenti a t\u00fckr\u00f6z\u0151d\u00e9st, \u00edgy jobb l\u00e1that\u00f3s\u00e1got biztos\u00edt k\u00fcl\u00f6nb\u00f6z\u0151 f\u00e9nyviszonyok k\u00f6z\u00f6tt.<\/p>\n<p>A 30 t\u0171s eDP-csatlakoz\u00f3val a telep\u00edt\u00e9s egyszer\u0171, a k\u00e9perny\u0151n pedig bal \u00e9s jobb oldali konzol is tal\u00e1lhat\u00f3 a biztons\u00e1gos r\u00f6gz\u00edt\u00e9shez. Ez a k\u00e9perny\u0151 ide\u00e1lis a s\u00e9r\u00fclt vagy hib\u00e1s kijelz\u0151 cser\u00e9j\u00e9hez. K\u00e9rj\u00fck, vegye figyelembe, hogy nem IPS, ami azt jelenti, hogy nem k\u00edn\u00e1lja az IPS k\u00e9perny\u0151k sz\u00e9les l\u00e1t\u00f3sz\u00f6g\u00e9t, de m\u00e9g mindig j\u00f3 min\u0151s\u00e9get biztos\u00edt a rendszeres haszn\u00e1lathoz.<\/p>\n<p>Ak\u00e1r Chromebookja jav\u00edt\u00e1s\u00e1t, ak\u00e1r friss\u00edt\u00e9s\u00e9t v\u00e9gzi, ez az \u00faj LCD-k\u00e9perny\u0151 megb\u00edzhat\u00f3 \u00e9s k\u00f6lts\u00e9ghat\u00e9kony megold\u00e1s.<\/p>\n","protected":false},"excerpt":{"rendered":"<p>Cser\u00e9lje ki ASUS Chromebook C201P\/C201PA k\u00e9perny\u0151j\u00e9t erre a kiv\u00e1l\u00f3 min\u0151s\u00e9g\u0171 11,6 h\u00fcvelykes LCD-kijelz\u0151re. 1366&#215;768 HD felbont\u00e1s\u00fa, matt fel\u00fclettel \u00e9s 30 t\u0171s eDP-csatlakoz\u00f3val megb\u00edzhat\u00f3 teljes\u00edtm\u00e9nyt ny\u00fajt. \u00c1llapot: \u00daj.<\/p>\n","protected":false},"featured_media":10686,"template":"","meta":[],"product_brand":[],"product_cat":[85,71],"product_tag":[],"class_list":{"0":"post-10676","1":"product","2":"type-product","3":"status-publish","4":"has-post-thumbnail","6":"product_cat-11-6-new-laptop-screens-lcd-panels","7":"product_cat-new-laptop-screens-lcd-panels","9":"first","10":"instock","11":"taxable","12":"shipping-taxable","13":"purchasable","14":"product-type-simple"},"_links":{"self":[{"href":"https:\/\/boreait.com\/hu\/wp-json\/wp\/v2\/product\/10676","targetHints":{"allow":["GET"]}}],"collection":[{"href":"https:\/\/boreait.com\/hu\/wp-json\/wp\/v2\/product"}],"about":[{"href":"https:\/\/boreait.com\/hu\/wp-json\/wp\/v2\/types\/product"}],"wp:featuredmedia":[{"embeddable":true,"href":"https:\/\/boreait.com\/hu\/wp-json\/wp\/v2\/media\/10686"}],"wp:attachment":[{"href":"https:\/\/boreait.com\/hu\/wp-json\/wp\/v2\/media?parent=10676"}],"wp:term":[{"taxonomy":"product_brand","embeddable":true,"href":"https:\/\/boreait.com\/hu\/wp-json\/wp\/v2\/product_brand?post=10676"},{"taxonomy":"product_cat","embeddable":true,"href":"https:\/\/boreait.com\/hu\/wp-json\/wp\/v2\/product_cat?post=10676"},{"taxonomy":"product_tag","embeddable":true,"href":"https:\/\/boreait.com\/hu\/wp-json\/wp\/v2\/product_tag?post=10676"}],"curies":[{"name":"wp","href":"https:\/\/api.w.org\/{rel}","templated":true}]}}