{"id":10674,"date":"2025-09-17T12:58:43","date_gmt":"2025-09-17T10:58:43","guid":{"rendered":"https:\/\/boreait.com\/hu\/?post_type=product&#038;p=10674"},"modified":"2025-09-17T12:58:49","modified_gmt":"2025-09-17T10:58:49","slug":"lcd-kepernyo-acer-chromebook-11-cb3-111-116-hd-30-tus-matt-led-uj","status":"publish","type":"product","link":"https:\/\/boreait.com\/hu\/termek\/lcd-kepernyo-acer-chromebook-11-cb3-111-116-hd-30-tus-matt-led-uj\/","title":{"rendered":"LCD k\u00e9perny\u0151 Acer Chromebook 11 CB3-111 11,6&#8243; HD 30 t\u0171s matt LED \u00faj"},"content":{"rendered":"<p><strong>T\u00e9nyleges LCD-k\u00e9perny\u0151s modell: MB116AN01-3, 1.1 \u2013 TELJESEN KOMPATIBILIS A LAPTOP K\u00c9PERNY\u0150J\u00c9VEL Acer Chromebook 11 CB3-111 Series \u2013 \u00e9rint\u00e9smentes<\/strong><\/p>\n<p>Friss\u00edtse Acer Chromebook 11 CB3-111 Series k\u00e9sz\u00fcl\u00e9k\u00e9t egy megb\u00edzhat\u00f3 csereLCD-k\u00e9perny\u0151vel. Ez a 11,6 h\u00fcvelykes sz\u00e9lesv\u00e1szn\u00fa kijelz\u0151 \u00e9les HD felbont\u00e1st (1366&#215;768) biztos\u00edt a tiszta k\u00e9p \u00e9rdek\u00e9ben. \u00c9rint\u00e9smentes kialak\u00edt\u00e1s\u00e1nak \u00e9s matt fel\u00fclet\u00e9nek k\u00f6sz\u00f6nhet\u0151en cs\u00f6kkenti a t\u00fckr\u00f6z\u0151d\u00e9st a k\u00e9nyelmes megtekint\u00e9s \u00e9rdek\u00e9ben. A k\u00e9perny\u0151 30 t\u0171s eDP-csatlakoz\u00e1ssal rendelkezik, \u00e9s LED-es h\u00e1tt\u00e9rvil\u00e1g\u00edt\u00e1s\u00fa, \u00edgy energiahat\u00e9konys\u00e1got \u00e9s hossz\u00fa \u00e9lettartamot biztos\u00edt.<\/p>\n<p>Ez a k\u00e9perny\u0151 bal \u00e9s jobb oldali tart\u00f3konzollal \u00e9rkezik, ami leegyszer\u0171s\u00edti a telep\u00edt\u00e9st \u00e9s biztons\u00e1gos illeszked\u00e9st biztos\u00edt. A tart\u00f3ss\u00e1gra tervezve ide\u00e1lis helyettes\u00edt\u0151je a t\u00f6r\u00f6tt vagy s\u00e9r\u00fclt k\u00e9perny\u0151knek a Chromebookon. Megjegyz\u00e9s: Ez a modell nem IPS, \u00edgy klasszikus megjelen\u00edt\u00e9si \u00e9lm\u00e9nyt biztos\u00edt.<\/p>\n<p>\u00c1llapot: vadonat\u00faj, min\u0151s\u00e9gileg tesztelt, \u00e9s k\u00e9szen \u00e1ll a laptop teljes\u00edtm\u00e9ny\u00e9nek helyre\u00e1ll\u00edt\u00e1s\u00e1ra.<\/p>\n","protected":false},"excerpt":{"rendered":"<p>Cser\u00e9lje ki laptopja kijelz\u0151j\u00e9t erre az \u00faj, 11,6 h\u00fcvelykes HD LCD-k\u00e9perny\u0151re az Acer Chromebook 11 CB3-111 sorozathoz. \u00c9rint\u00e9smentes, matt fel\u00fclet, 1366&#215;768 felbont\u00e1s, 30 t\u0171s eDP csatlakoz\u00e1s, bal \u00e9s jobb konzollal. \u00c1llapot: \u00daj.<\/p>\n","protected":false},"featured_media":10686,"template":"","meta":[],"product_brand":[],"product_cat":[85,71],"product_tag":[],"class_list":{"0":"post-10674","1":"product","2":"type-product","3":"status-publish","4":"has-post-thumbnail","6":"product_cat-11-6-new-laptop-screens-lcd-panels","7":"product_cat-new-laptop-screens-lcd-panels","9":"first","10":"instock","11":"taxable","12":"shipping-taxable","13":"purchasable","14":"product-type-simple"},"_links":{"self":[{"href":"https:\/\/boreait.com\/hu\/wp-json\/wp\/v2\/product\/10674","targetHints":{"allow":["GET"]}}],"collection":[{"href":"https:\/\/boreait.com\/hu\/wp-json\/wp\/v2\/product"}],"about":[{"href":"https:\/\/boreait.com\/hu\/wp-json\/wp\/v2\/types\/product"}],"wp:featuredmedia":[{"embeddable":true,"href":"https:\/\/boreait.com\/hu\/wp-json\/wp\/v2\/media\/10686"}],"wp:attachment":[{"href":"https:\/\/boreait.com\/hu\/wp-json\/wp\/v2\/media?parent=10674"}],"wp:term":[{"taxonomy":"product_brand","embeddable":true,"href":"https:\/\/boreait.com\/hu\/wp-json\/wp\/v2\/product_brand?post=10674"},{"taxonomy":"product_cat","embeddable":true,"href":"https:\/\/boreait.com\/hu\/wp-json\/wp\/v2\/product_cat?post=10674"},{"taxonomy":"product_tag","embeddable":true,"href":"https:\/\/boreait.com\/hu\/wp-json\/wp\/v2\/product_tag?post=10674"}],"curies":[{"name":"wp","href":"https:\/\/api.w.org\/{rel}","templated":true}]}}