{"id":10673,"date":"2025-09-17T12:58:43","date_gmt":"2025-09-17T10:58:43","guid":{"rendered":"https:\/\/boreait.com\/hu\/?post_type=product&#038;p=10673"},"modified":"2025-09-17T12:58:49","modified_gmt":"2025-09-17T10:58:49","slug":"lcd-kepernyo-acer-chromebook-11-c720-c740-116-hd-matt-konzolokkal-uj","status":"publish","type":"product","link":"https:\/\/boreait.com\/hu\/termek\/lcd-kepernyo-acer-chromebook-11-c720-c740-116-hd-matt-konzolokkal-uj\/","title":{"rendered":"LCD k\u00e9perny\u0151 Acer Chromebook 11 C720 C740 11,6&#8243; HD matt konzolokkal \u00daj"},"content":{"rendered":"<p><strong>T\u00e9nyleges LCD-k\u00e9perny\u0151s modell: MB116AN01-3, 1.1 \u2013 TELJESEN KOMPATIBILIS A LAPTOP K\u00c9PERNY\u0150J\u00c9VEL Acer Chromebook 11 C720 C740 Series \u2013 \u00e9rint\u00e9smentes<\/strong><\/p>\n<p>Friss\u00edtse Acer Chromebook 11 C720 vagy C740 sorozat\u00fa laptopj\u00e1nak kijelz\u0151j\u00e9t ezzel a 11,6 h\u00fcvelykes HD LCD-k\u00e9perny\u0151vel, amelyet \u00fagy terveztek, hogy kompakt form\u00e1tumban \u00e9les \u00e9s \u00e9l\u00e9nk l\u00e1tv\u00e1nyt ny\u00fajtson. Ez a k\u00e9perny\u0151 1366&#215;768-as felbont\u00e1ssal rendelkezik, amely t\u00f6k\u00e9letes HD-\u00e9lm\u00e9nyt biztos\u00edt a mindennapi feladatokhoz \u00e9s a m\u00e9diafogyaszt\u00e1shoz. A matt fel\u00fcletnek k\u00f6sz\u00f6nhet\u0151en a k\u00e9perny\u0151 minim\u00e1lisra cs\u00f6kkenti a k\u00e9nyelmes haszn\u00e1latot.<\/p>\n<p>Ez az \u00e9rint\u00e9smentes LCD-kijelz\u0151 30 t\u0171s eDP-csatlakoz\u00f3val \u00e9s LED-es h\u00e1tt\u00e9rvil\u00e1g\u00edt\u00e1ssal rendelkezik az energiahat\u00e9kony teljes\u00edtm\u00e9ny \u00e9rdek\u00e9ben. A k\u00e9perny\u0151 el\u0151re telep\u00edtett bal \u00e9s jobb oldali r\u00f6gz\u00edt\u0151kkel rendelkezik, \u00edgy k\u00f6nnyen r\u00f6gz\u00edthet\u0151 a laptopban. Noha nem IPS, ez a kijelz\u0151 megb\u00edzhat\u00f3, kiv\u00e1l\u00f3 tisztas\u00e1g\u00fa megtekint\u00e9si \u00e9lm\u00e9nyt k\u00edn\u00e1l.<\/p>\n<p>Ide\u00e1lis a s\u00e9r\u00fclt vagy nem m\u0171k\u00f6d\u0151 k\u00e9perny\u0151 cser\u00e9j\u00e9re, ez az \u00faj \u00e1llapot\u00fa k\u00e9perny\u0151 seg\u00edt vissza\u00e1ll\u00edtani Chromebookja kijelz\u0151j\u00e9nek eredeti min\u0151s\u00e9g\u00e9t, megb\u00edzhat\u00f3 \u00e9s tiszta megtekint\u00e9si \u00e9lm\u00e9nyt biztos\u00edtva.<\/p>\n","protected":false},"excerpt":{"rendered":"<p>Cser\u00e9lje ki Acer Chromebook 11 C720 vagy C740 sorozat\u00fa k\u00e9perny\u0151j\u00e9t erre az \u00faj, 11,6 h\u00fcvelykes HD LCD-re. 1366&#215;768-as felbont\u00e1s\u00fa, matt fel\u00fclettel \u00e9s LED-es h\u00e1tt\u00e9rvil\u00e1g\u00edt\u00e1ssal, tiszta \u00e9s \u00e9les l\u00e1tv\u00e1nyt ny\u00fajt. Bal \u00e9s jobb oldali r\u00f6gz\u00edt\u0151keretekkel az egyszer\u0171 telep\u00edt\u00e9s \u00e9rdek\u00e9ben. \u00c1llapot: \u00faj.<\/p>\n","protected":false},"featured_media":10686,"template":"","meta":[],"product_brand":[],"product_cat":[85,71],"product_tag":[],"class_list":{"0":"post-10673","1":"product","2":"type-product","3":"status-publish","4":"has-post-thumbnail","6":"product_cat-11-6-new-laptop-screens-lcd-panels","7":"product_cat-new-laptop-screens-lcd-panels","9":"first","10":"instock","11":"taxable","12":"shipping-taxable","13":"purchasable","14":"product-type-simple"},"_links":{"self":[{"href":"https:\/\/boreait.com\/hu\/wp-json\/wp\/v2\/product\/10673","targetHints":{"allow":["GET"]}}],"collection":[{"href":"https:\/\/boreait.com\/hu\/wp-json\/wp\/v2\/product"}],"about":[{"href":"https:\/\/boreait.com\/hu\/wp-json\/wp\/v2\/types\/product"}],"wp:featuredmedia":[{"embeddable":true,"href":"https:\/\/boreait.com\/hu\/wp-json\/wp\/v2\/media\/10686"}],"wp:attachment":[{"href":"https:\/\/boreait.com\/hu\/wp-json\/wp\/v2\/media?parent=10673"}],"wp:term":[{"taxonomy":"product_brand","embeddable":true,"href":"https:\/\/boreait.com\/hu\/wp-json\/wp\/v2\/product_brand?post=10673"},{"taxonomy":"product_cat","embeddable":true,"href":"https:\/\/boreait.com\/hu\/wp-json\/wp\/v2\/product_cat?post=10673"},{"taxonomy":"product_tag","embeddable":true,"href":"https:\/\/boreait.com\/hu\/wp-json\/wp\/v2\/product_tag?post=10673"}],"curies":[{"name":"wp","href":"https:\/\/api.w.org\/{rel}","templated":true}]}}