{"id":10672,"date":"2025-09-17T12:58:42","date_gmt":"2025-09-17T10:58:42","guid":{"rendered":"https:\/\/boreait.com\/hu\/?post_type=product&#038;p=10672"},"modified":"2025-09-17T12:58:49","modified_gmt":"2025-09-17T10:58:49","slug":"116-lcd-kepernyo-acer-aspire-es1-111-131-132-hd-1366x768-matt-led-uj","status":"publish","type":"product","link":"https:\/\/boreait.com\/hu\/termek\/116-lcd-kepernyo-acer-aspire-es1-111-131-132-hd-1366x768-matt-led-uj\/","title":{"rendered":"11,6&#8243; LCD k\u00e9perny\u0151 Acer Aspire ES1-111 131 132 HD 1366&#215;768 matt LED \u00faj"},"content":{"rendered":"<p><strong>T\u00e9nyleges LCD-k\u00e9perny\u0151s modell: MB116AN01-3 ver 1.1 \u2013 TELJESEN KOMPATIBILIS A LAPTOP K\u00c9PERNY\u0150J\u00c9VEL Acer Aspire ES1-111 131 132 &#8211; \u00e9rint\u00e9smentes<\/strong><\/p>\n<p>Fejlessze fel Acer Aspire ES1-111, 131 vagy 132 laptopj\u00e1t ezzel a kiv\u00e1l\u00f3 min\u0151s\u00e9g\u0171, \u00e9rint\u00e9smentes csere LCD-k\u00e9perny\u0151vel. A HD-szabv\u00e1nyoknak megfelel\u0151en 1366&#215;768-as felbont\u00e1st k\u00edn\u00e1l 11,6 h\u00fcvelykes sz\u00e9lesv\u00e1szn\u00fa kijelz\u0151n, \u00edgy \u00e9les l\u00e1tv\u00e1nyt ny\u00fajt a mindennapi haszn\u00e1latra. A matt fel\u00fclet cs\u00f6kkenti a t\u00fckr\u00f6z\u0151d\u00e9st, \u00edgy k\u00e9nyelmes haszn\u00e1latot tesz lehet\u0151v\u00e9 k\u00fcl\u00f6nf\u00e9le f\u00e9nyviszonyok k\u00f6z\u00f6tt.<\/p>\n<p>Ez a k\u00e9perny\u0151 30 t\u0171s eDP-csatlakoz\u00f3n kereszt\u00fcl csatlakozik, \u00e9s bal \u00e9s jobb oldali konzolt tartalmaz, leegyszer\u0171s\u00edtve a telep\u00edt\u00e9st \u00e9s a biztons\u00e1gos illeszked\u00e9st. LED-es h\u00e1tt\u00e9rvil\u00e1g\u00edt\u00e1sa hozz\u00e1j\u00e1rul a hat\u00e9kony energiafelhaszn\u00e1l\u00e1shoz \u00e9s az \u00e9l\u00e9nk k\u00e9pmin\u0151s\u00e9ghez. Annak ellen\u00e9re, hogy ez a kijelz\u0151 nem IPS, a kompatibilis Acer Aspire modelleken tiszta vizu\u00e1lis \u00e9lm\u00e9nyre lett optimaliz\u00e1lva. Ide\u00e1lis a t\u00f6r\u00f6tt vagy s\u00e9r\u00fclt k\u00e9perny\u0151 \u00faj, tart\u00f3s opci\u00f3ra val\u00f3 cser\u00e9j\u00e9hez.<\/p>\n<p>\u00c1llapot: vadonat\u00faj, k\u00e9szen \u00e1ll a megb\u00edzhat\u00f3 teljes\u00edtm\u00e9ny \u00e9s vizu\u00e1lis min\u0151s\u00e9g biztos\u00edt\u00e1s\u00e1ra.<\/p>\n","protected":false},"excerpt":{"rendered":"<p>Cser\u00e9lje ki vagy friss\u00edtse Acer Aspire ES1-111, 131 vagy 132 laptop kijelz\u0151j\u00e9t ezzel az \u00faj 11,6&#8243; HD LCD k\u00e9perny\u0151vel. Jellemz\u0151k a matt fel\u00fclet, 1366&#215;768 felbont\u00e1s \u00e9s eDP 30 t\u0171s csatlakoz\u00e1s. Bal \u00e9s jobb konzollal a k\u00f6nny\u0171 telep\u00edt\u00e9s \u00e9rdek\u00e9ben. \u00c1llapot: \u00faj.<\/p>\n","protected":false},"featured_media":10686,"template":"","meta":[],"product_brand":[],"product_cat":[85,71],"product_tag":[],"class_list":{"0":"post-10672","1":"product","2":"type-product","3":"status-publish","4":"has-post-thumbnail","6":"product_cat-11-6-new-laptop-screens-lcd-panels","7":"product_cat-new-laptop-screens-lcd-panels","9":"first","10":"instock","11":"taxable","12":"shipping-taxable","13":"purchasable","14":"product-type-simple"},"_links":{"self":[{"href":"https:\/\/boreait.com\/hu\/wp-json\/wp\/v2\/product\/10672","targetHints":{"allow":["GET"]}}],"collection":[{"href":"https:\/\/boreait.com\/hu\/wp-json\/wp\/v2\/product"}],"about":[{"href":"https:\/\/boreait.com\/hu\/wp-json\/wp\/v2\/types\/product"}],"wp:featuredmedia":[{"embeddable":true,"href":"https:\/\/boreait.com\/hu\/wp-json\/wp\/v2\/media\/10686"}],"wp:attachment":[{"href":"https:\/\/boreait.com\/hu\/wp-json\/wp\/v2\/media?parent=10672"}],"wp:term":[{"taxonomy":"product_brand","embeddable":true,"href":"https:\/\/boreait.com\/hu\/wp-json\/wp\/v2\/product_brand?post=10672"},{"taxonomy":"product_cat","embeddable":true,"href":"https:\/\/boreait.com\/hu\/wp-json\/wp\/v2\/product_cat?post=10672"},{"taxonomy":"product_tag","embeddable":true,"href":"https:\/\/boreait.com\/hu\/wp-json\/wp\/v2\/product_tag?post=10672"}],"curies":[{"name":"wp","href":"https:\/\/api.w.org\/{rel}","templated":true}]}}