{"id":10671,"date":"2025-09-17T12:58:42","date_gmt":"2025-09-17T10:58:42","guid":{"rendered":"https:\/\/boreait.com\/hu\/?post_type=product&#038;p=10671"},"modified":"2025-09-17T12:58:49","modified_gmt":"2025-09-17T10:58:49","slug":"acer-aspire-e3-111-112-lcd-kepernyo-116-1366x768-hd-matt-30-tus-uj","status":"publish","type":"product","link":"https:\/\/boreait.com\/hu\/termek\/acer-aspire-e3-111-112-lcd-kepernyo-116-1366x768-hd-matt-30-tus-uj\/","title":{"rendered":"Acer Aspire E3-111 112 LCD k\u00e9perny\u0151 11,6&#8243; 1366&#215;768 HD matt 30 t\u0171s \u00faj"},"content":{"rendered":"<p><strong>T\u00e9nyleges LCD-k\u00e9perny\u0151s modell: MB116AN01-3 ver 1.1 \u2013 TELJESEN KOMPATIBILIS A LAPTOP K\u00c9PERNY\u0150J\u00c9VEL Acer Aspire E3-111 112 &#8211; \u00e9rint\u00e9smentes<\/strong><\/p>\n<p>Friss\u00edtse laptop \u00e9lm\u00e9ny\u00e9t ezzel a kiv\u00e1l\u00f3 min\u0151s\u00e9g\u0171 LCD-k\u00e9perny\u0151vel, amelyet kifejezetten az Acer Aspire E3-111 112 modellhez terveztek. Ez a 11,6 h\u00fcvelykes sz\u00e9lesv\u00e1szn\u00fa kijelz\u0151 1366&#215;768 HD felbont\u00e1ssal b\u00fcszk\u00e9lkedhet, tiszta \u00e9s \u00e9l\u00e9nk l\u00e1tv\u00e1nyt ny\u00fajtva minden sz\u00e1m\u00edt\u00e1stechnikai ig\u00e9nyhez. A matt fel\u00fclet cs\u00f6kkenti a t\u00fckr\u00f6z\u0151d\u00e9st, \u00edgy ide\u00e1lis k\u00fcl\u00f6nf\u00e9le f\u00e9nyviszonyok k\u00f6z\u00f6tt.<\/p>\n<p>A 30 t\u0171s csatlakoz\u00f3val ell\u00e1tott k\u00e9perny\u0151 biztons\u00e1gos \u00e9s megb\u00edzhat\u00f3 kapcsolatot biztos\u00edt eszk\u00f6z\u00e9vel. Ezenk\u00edv\u00fcl bal \u00e9s jobb oldali konzollal is rendelkezik az egyszer\u0171 telep\u00edt\u00e9s \u00e9rdek\u00e9ben, amely lehet\u0151v\u00e9 teszi a r\u00e9gi vagy s\u00e9r\u00fclt k\u00e9perny\u0151 gyors \u00e9s hat\u00e9kony cser\u00e9j\u00e9t. K\u00e9rj\u00fck, vegye figyelembe, hogy ez egy \u00e9rint\u00e9smentes kijelz\u0151, \u00e9s LED-es h\u00e1tt\u00e9rvil\u00e1g\u00edt\u00e1ssal rendelkezik, amely kiv\u00e1l\u00f3 f\u00e9nyer\u0151t \u00e9s sz\u00ednkontrasztot biztos\u00edt az IPS technol\u00f3gia n\u00e9lk\u00fcl.<\/p>\n<p>Biztos lehet benne, hogy ez az LCD-k\u00e9perny\u0151 teljesen \u00faj \u00e1llapotban van, k\u00e9szen \u00e1ll arra, hogy jav\u00edtsa laptopja teljes\u00edtm\u00e9ny\u00e9t \u00e9s a kijelz\u0151 min\u0151s\u00e9g\u00e9t.<\/p>\n","protected":false},"excerpt":{"rendered":"<p>Cser\u00e9lje ki Acer Aspire E3-111 112 laptopja k\u00e9perny\u0151j\u00e9t erre a 11,6&#8243;-es LCD-kijelz\u0151re. 1366&#215;768 HD felbont\u00e1s\u00fa, matt fel\u00fclettel \u00e9s 30 t\u0171s csatlakoz\u00f3val rendelkezik, ez a nem \u00e9rint\u0151k\u00e9perny\u0151 bal \u00e9s jobb oldali konzollal rendelkezik az egyszer\u0171 telep\u00edt\u00e9s \u00e9rdek\u00e9ben. \u00c1llapot: \u00daj.<\/p>\n","protected":false},"featured_media":10686,"template":"","meta":[],"product_brand":[],"product_cat":[85,71],"product_tag":[],"class_list":{"0":"post-10671","1":"product","2":"type-product","3":"status-publish","4":"has-post-thumbnail","6":"product_cat-11-6-new-laptop-screens-lcd-panels","7":"product_cat-new-laptop-screens-lcd-panels","9":"first","10":"instock","11":"taxable","12":"shipping-taxable","13":"purchasable","14":"product-type-simple"},"_links":{"self":[{"href":"https:\/\/boreait.com\/hu\/wp-json\/wp\/v2\/product\/10671","targetHints":{"allow":["GET"]}}],"collection":[{"href":"https:\/\/boreait.com\/hu\/wp-json\/wp\/v2\/product"}],"about":[{"href":"https:\/\/boreait.com\/hu\/wp-json\/wp\/v2\/types\/product"}],"wp:featuredmedia":[{"embeddable":true,"href":"https:\/\/boreait.com\/hu\/wp-json\/wp\/v2\/media\/10686"}],"wp:attachment":[{"href":"https:\/\/boreait.com\/hu\/wp-json\/wp\/v2\/media?parent=10671"}],"wp:term":[{"taxonomy":"product_brand","embeddable":true,"href":"https:\/\/boreait.com\/hu\/wp-json\/wp\/v2\/product_brand?post=10671"},{"taxonomy":"product_cat","embeddable":true,"href":"https:\/\/boreait.com\/hu\/wp-json\/wp\/v2\/product_cat?post=10671"},{"taxonomy":"product_tag","embeddable":true,"href":"https:\/\/boreait.com\/hu\/wp-json\/wp\/v2\/product_tag?post=10671"}],"curies":[{"name":"wp","href":"https:\/\/api.w.org\/{rel}","templated":true}]}}