{"id":10670,"date":"2025-09-17T12:58:42","date_gmt":"2025-09-17T10:58:42","guid":{"rendered":"https:\/\/boreait.com\/hu\/?post_type=product&#038;p=10670"},"modified":"2025-09-17T12:58:49","modified_gmt":"2025-09-17T10:58:49","slug":"lcd-kijelzo-acer-aspire-one-ao1-131m-116-hd-30-tus-uj-konzolokkal","status":"publish","type":"product","link":"https:\/\/boreait.com\/hu\/termek\/lcd-kijelzo-acer-aspire-one-ao1-131m-116-hd-30-tus-uj-konzolokkal\/","title":{"rendered":"LCD kijelz\u0151 Acer ASPIRE ONE AO1-131M 11,6&#8243; HD 30 t\u0171s \u00faj, konzolokkal"},"content":{"rendered":"<p><strong>T\u00e9nyleges LCD-k\u00e9perny\u0151s modell: MB116AN01-3, 1.1 \u2013 TELJESEN KOMPATIBILIS A LAPTOP K\u00c9PERNY\u0150J\u00c9VEL Acer ASPIRE ONE CLOUDBOOK AO1-131M SOROZAT, 11. sorozat \u2013 \u00e9rint\u00e9smentes<\/strong><\/p>\n<p>Friss\u00edtse Acer ASPIRE ONE CLOUDBOOK AO1-131M k\u00e9sz\u00fcl\u00e9k\u00e9t ezzel a kiv\u00e1l\u00f3 min\u0151s\u00e9g\u0171 11,6 h\u00fcvelykes LCD-k\u00e9perny\u0151vel. A kifejezetten a 11-es sorozathoz tervezett kijelz\u0151 matt fel\u00fclettel rendelkezik, amely cs\u00f6kkenti a t\u00fckr\u00f6z\u0151d\u00e9st, \u00edgy ide\u00e1lis k\u00fcl\u00f6nf\u00e9le megvil\u00e1g\u00edt\u00e1si k\u00f6r\u00fclm\u00e9nyek k\u00f6z\u00f6tt. Az 1366&#215;768 HD felbont\u00e1ssal \u00e9lvezheti az \u00e9l\u00e9nk sz\u00edneket \u00e9s az \u00e9les k\u00e9peket.<\/p>\n<p>A k\u00e9perny\u0151 30 t\u0171s csatlakoz\u00f3t haszn\u00e1l, \u00e9s \u00e9rint\u00e9smentes, \u00edgy egyszer\u0171 telep\u00edt\u00e9st tesz lehet\u0151v\u00e9. A LED-es h\u00e1tt\u00e9rvil\u00e1g\u00edt\u00e1s f\u00e9nyes \u00e9s energiatakar\u00e9kos vil\u00e1g\u00edt\u00e1st biztos\u00edt, m\u00edg a kijelz\u0151t \u00fagy tervezt\u00e9k, hogy v\u00e1ltoztat\u00e1s n\u00e9lk\u00fcl z\u00f6kken\u0151mentesen illeszkedjen a laptopba. A mell\u00e9kelt bal \u00e9s jobb oldali konzolok biztons\u00e1gos illeszked\u00e9st biztos\u00edtanak az egyszer\u0171 be\u00e1ll\u00edt\u00e1s \u00e9rdek\u00e9ben.<\/p>\n<p>K\u00e9rj\u00fck, vegye figyelembe, hogy ez az LCD-k\u00e9perny\u0151 nem IPS, ami befoly\u00e1solhatja a l\u00e1t\u00f3sz\u00f6get. Vadonat\u00faj \u00e1llapotban \u00e9rkezik, \u00edgy garant\u00e1lja, hogy hib\u00e1tlan term\u00e9ket kap, amely k\u00e9szen \u00e1ll a laptop teljes\u00edtm\u00e9ny\u00e9nek jav\u00edt\u00e1s\u00e1ra.<\/p>\n","protected":false},"excerpt":{"rendered":"<p>Cser\u00e9lje le laptopja kijelz\u0151j\u00e9t erre a 11,6&#8243;-os LCD-k\u00e9perny\u0151re az Acer ASPIRE ONE CLOUDBOOK AO1-131M-hez. Matt fel\u00fclettel, 1366&#215;768 HD felbont\u00e1ssal \u00e9s 30 t\u0171s csatlakoz\u00e1ssal tiszta k\u00e9pet biztos\u00edt. Bal \u00e9s jobb konzollal az egyszer\u0171 telep\u00edt\u00e9s \u00e9rdek\u00e9ben. \u00c1llapot: \u00daj.<\/p>\n","protected":false},"featured_media":10686,"template":"","meta":[],"product_brand":[],"product_cat":[85,71],"product_tag":[],"class_list":{"0":"post-10670","1":"product","2":"type-product","3":"status-publish","4":"has-post-thumbnail","6":"product_cat-11-6-new-laptop-screens-lcd-panels","7":"product_cat-new-laptop-screens-lcd-panels","9":"first","10":"instock","11":"taxable","12":"shipping-taxable","13":"purchasable","14":"product-type-simple"},"_links":{"self":[{"href":"https:\/\/boreait.com\/hu\/wp-json\/wp\/v2\/product\/10670","targetHints":{"allow":["GET"]}}],"collection":[{"href":"https:\/\/boreait.com\/hu\/wp-json\/wp\/v2\/product"}],"about":[{"href":"https:\/\/boreait.com\/hu\/wp-json\/wp\/v2\/types\/product"}],"wp:featuredmedia":[{"embeddable":true,"href":"https:\/\/boreait.com\/hu\/wp-json\/wp\/v2\/media\/10686"}],"wp:attachment":[{"href":"https:\/\/boreait.com\/hu\/wp-json\/wp\/v2\/media?parent=10670"}],"wp:term":[{"taxonomy":"product_brand","embeddable":true,"href":"https:\/\/boreait.com\/hu\/wp-json\/wp\/v2\/product_brand?post=10670"},{"taxonomy":"product_cat","embeddable":true,"href":"https:\/\/boreait.com\/hu\/wp-json\/wp\/v2\/product_cat?post=10670"},{"taxonomy":"product_tag","embeddable":true,"href":"https:\/\/boreait.com\/hu\/wp-json\/wp\/v2\/product_tag?post=10670"}],"curies":[{"name":"wp","href":"https:\/\/api.w.org\/{rel}","templated":true}]}}