{"id":10669,"date":"2025-09-17T12:58:42","date_gmt":"2025-09-17T10:58:42","guid":{"rendered":"https:\/\/boreait.com\/hu\/?post_type=product&#038;p=10669"},"modified":"2025-09-17T12:58:48","modified_gmt":"2025-09-17T10:58:48","slug":"lcd-kijelzo-acer-aspire-one-a01-131-c1g9-116-hd-30-tus-matt-uj","status":"publish","type":"product","link":"https:\/\/boreait.com\/hu\/termek\/lcd-kijelzo-acer-aspire-one-a01-131-c1g9-116-hd-30-tus-matt-uj\/","title":{"rendered":"LCD kijelz\u0151 Acer Aspire One A01-131-C1G9 11,6&#8243; HD 30 t\u0171s matt \u00faj"},"content":{"rendered":"<p><strong>T\u00e9nyleges LCD-k\u00e9perny\u0151s modell: MB116AN01-3 ver 1.1 \u2013 TELJESEN KOMPATIBILIS A LAPTOP K\u00c9PERNY\u0150J\u00c9VEL Acer Aspire One A01-131-C1G9 \u2013 \u00e9rint\u00e9smentes<\/strong><\/p>\n<p>Fokozza az Acer Aspire One A01-131-C1G9-et egy kiv\u00e1l\u00f3 min\u0151s\u00e9g\u0171 csereLCD-k\u00e9perny\u0151vel. Ez a 11,6 h\u00fcvelykes sz\u00e9lesv\u00e1szn\u00fa kijelz\u0151 1366&#215;768 HD felbont\u00e1st k\u00edn\u00e1l, tiszta \u00e9s \u00e9l\u00e9nk l\u00e1tv\u00e1nyt biztos\u00edtva minden sz\u00e1m\u00edt\u00e1stechnikai ig\u00e9nyhez. A matt fel\u00fclet\u0171 k\u00e9perny\u0151 seg\u00edt cs\u00f6kkenteni a t\u00fckr\u00f6z\u0151d\u00e9st, \u00edgy k\u00f6nnyebben l\u00e1that\u00f3 k\u00fcl\u00f6nb\u00f6z\u0151 f\u00e9nyviszonyok k\u00f6z\u00f6tt.<\/p>\n<p>A kijelz\u0151 30 t\u0171s csatlakoz\u00f3val van felszerelve, valamint bal \u00e9s jobb oldali konzolokat is tartalmaz, \u00edgy biztos\u00edtva a biztons\u00e1gos \u00e9s egyszer\u0171 telep\u00edt\u00e9si folyamatot. K\u00e9rj\u00fck, vegye figyelembe, hogy ez a k\u00e9perny\u0151 \u00e9rint\u00e9smentes, \u00e9s LED-es h\u00e1tt\u00e9rvil\u00e1g\u00edt\u00e1ssal rendelkezik a jobb energiahat\u00e9konys\u00e1g \u00e9s f\u00e9nyer\u0151 \u00e9rdek\u00e9ben. Ez egy nem IPS panel, amely kiv\u00e1l\u00f3 \u00e9rt\u00e9ket biztos\u00edt a mindennapi feladatokhoz.<\/p>\n<p>Ez az LCD-k\u00e9perny\u0151 teljesen \u00faj \u00e1llapotban van, \u00edgy a hib\u00e1k miatti agg\u00f3d\u00e1s n\u00e9lk\u00fcl \u00e1ll\u00edthatja vissza laptopja optim\u00e1lis teljes\u00edtm\u00e9ny\u00e9t. Friss\u00edtse eszk\u00f6z\u00e9t m\u00e9g ma, \u00e9s \u00e9lvezze a friss, tiszta kijelz\u0151t.<\/p>\n","protected":false},"excerpt":{"rendered":"<p>Cser\u00e9lje ki laptopja kijelz\u0151j\u00e9t vadonat\u00faj LCD-k\u00e9perny\u0151re az Acer Aspire One A01-131-C1G9 sz\u00e1m\u00e1ra. Ez a 11,6&#8243;-os sz\u00e9lesv\u00e1szn\u00fa kijelz\u0151 matt fel\u00fclettel, 1366&#215;768 HD felbont\u00e1ssal \u00e9s 30 t\u0171s csatlakoz\u00f3val rendelkezik. Bal \u00e9s jobb oldali konzolt tartalmaz az egyszer\u0171 telep\u00edt\u00e9s \u00e9rdek\u00e9ben. \u00c1llapot: \u00daj.<\/p>\n","protected":false},"featured_media":10686,"template":"","meta":[],"product_brand":[],"product_cat":[85,71],"product_tag":[],"class_list":{"0":"post-10669","1":"product","2":"type-product","3":"status-publish","4":"has-post-thumbnail","6":"product_cat-11-6-new-laptop-screens-lcd-panels","7":"product_cat-new-laptop-screens-lcd-panels","9":"first","10":"instock","11":"taxable","12":"shipping-taxable","13":"purchasable","14":"product-type-simple"},"_links":{"self":[{"href":"https:\/\/boreait.com\/hu\/wp-json\/wp\/v2\/product\/10669","targetHints":{"allow":["GET"]}}],"collection":[{"href":"https:\/\/boreait.com\/hu\/wp-json\/wp\/v2\/product"}],"about":[{"href":"https:\/\/boreait.com\/hu\/wp-json\/wp\/v2\/types\/product"}],"wp:featuredmedia":[{"embeddable":true,"href":"https:\/\/boreait.com\/hu\/wp-json\/wp\/v2\/media\/10686"}],"wp:attachment":[{"href":"https:\/\/boreait.com\/hu\/wp-json\/wp\/v2\/media?parent=10669"}],"wp:term":[{"taxonomy":"product_brand","embeddable":true,"href":"https:\/\/boreait.com\/hu\/wp-json\/wp\/v2\/product_brand?post=10669"},{"taxonomy":"product_cat","embeddable":true,"href":"https:\/\/boreait.com\/hu\/wp-json\/wp\/v2\/product_cat?post=10669"},{"taxonomy":"product_tag","embeddable":true,"href":"https:\/\/boreait.com\/hu\/wp-json\/wp\/v2\/product_tag?post=10669"}],"curies":[{"name":"wp","href":"https:\/\/api.w.org\/{rel}","templated":true}]}}