{"id":10668,"date":"2025-09-17T12:58:42","date_gmt":"2025-09-17T10:58:42","guid":{"rendered":"https:\/\/boreait.com\/hu\/?post_type=product&#038;p=10668"},"modified":"2025-09-17T12:58:48","modified_gmt":"2025-09-17T10:58:48","slug":"mb116an01-3-lcd-kepernyo-116-hd-1366x768-erintesmentes-30-tus-uj","status":"publish","type":"product","link":"https:\/\/boreait.com\/hu\/termek\/mb116an01-3-lcd-kepernyo-116-hd-1366x768-erintesmentes-30-tus-uj\/","title":{"rendered":"MB116AN01-3 LCD k\u00e9perny\u0151 11,6&#8243; HD 1366&#215;768, \u00e9rint\u00e9smentes 30 t\u0171s \u00faj"},"content":{"rendered":"<p>Jav\u00edtsa laptopja kijelz\u0151j\u00e9t az MB116AN01-3 ver 1.1 LCD-k\u00e9perny\u0151vel, amelyet kifejezetten a z\u00f6kken\u0151mentes teljes\u00edtm\u00e9ny \u00e9s tisztas\u00e1g \u00e9rdek\u00e9ben terveztek. Ez a 11,6 h\u00fcvelykes sz\u00e9lesv\u00e1szn\u00fa panel 1366&#215;768 HD felbont\u00e1st k\u00edn\u00e1l, \u00edgy \u00e9les k\u00e9peket \u00e9s \u00e9l\u00e9nk sz\u00edneket biztos\u00edt a mindennapi sz\u00e1m\u00edt\u00e1stechnikai ig\u00e9nyekhez. A matt fel\u00fclet cs\u00f6kkenti a t\u00fckr\u00f6z\u0151d\u00e9st, k\u00e9nyelmes megtekint\u00e9si \u00e9lm\u00e9nyt biztos\u00edtva, ak\u00e1r belt\u00e9ren, ak\u00e1r kint dolgozik.<\/p>\n<p>A 30 t\u0171s csatlakoz\u00f3val felszerelt kijelz\u0151 k\u00fcl\u00f6nf\u00e9le laptopmodellekkel kompatibilis, \u00edgy kiv\u00e1l\u00f3 v\u00e1laszt\u00e1s azok sz\u00e1m\u00e1ra, akik jelenlegi k\u00e9perny\u0151j\u00fcket cser\u00e9lni vagy friss\u00edteni szeretn\u00e9k. A k\u00e9perny\u0151 bal \u00e9s jobb oldali konzollal is rendelkezik, ami megk\u00f6nny\u00edti az egyszer\u0171 telep\u00edt\u00e9si folyamatot.<\/p>\n<p>K\u00e9rj\u00fck, vegye figyelembe, hogy ez egy \u00e9rint\u00e9smentes kijelz\u0151, \u00e9s eDP-technol\u00f3gi\u00e1s LED-es h\u00e1tt\u00e9rvil\u00e1g\u00edt\u00e1ssal rendelkezik. Teljesen \u00faj \u00e1llapotban van, \u00edgy megb\u00edzhat\u00f3 term\u00e9ket kap, amely az elv\u00e1r\u00e1soknak megfelel\u0151en m\u0171k\u00f6dik.<\/p>\n","protected":false},"excerpt":{"rendered":"<p>Friss\u00edtse laptopj\u00e1t az MB116AN01-3 ver 1.1 LCD k\u00e9perny\u0151vel. Ez az \u00e9rint\u00e9smentes, 11,6&#8243;-os sz\u00e9lesv\u00e1szn\u00fa kijelz\u0151 1366&#215;768 HD felbont\u00e1ssal, 30 t\u0171s csatlakoz\u00f3val \u00e9s matt fel\u00fclettel rendelkezik. Bal \u00e9s jobb oldali konzollal az egyszer\u0171 telep\u00edt\u00e9s \u00e9rdek\u00e9ben. \u00c1llapot: \u00daj.<\/p>\n","protected":false},"featured_media":10686,"template":"","meta":[],"product_brand":[],"product_cat":[85,71],"product_tag":[],"class_list":{"0":"post-10668","1":"product","2":"type-product","3":"status-publish","4":"has-post-thumbnail","6":"product_cat-11-6-new-laptop-screens-lcd-panels","7":"product_cat-new-laptop-screens-lcd-panels","9":"first","10":"instock","11":"virtual","12":"taxable","13":"purchasable","14":"product-type-simple"},"_links":{"self":[{"href":"https:\/\/boreait.com\/hu\/wp-json\/wp\/v2\/product\/10668","targetHints":{"allow":["GET"]}}],"collection":[{"href":"https:\/\/boreait.com\/hu\/wp-json\/wp\/v2\/product"}],"about":[{"href":"https:\/\/boreait.com\/hu\/wp-json\/wp\/v2\/types\/product"}],"wp:featuredmedia":[{"embeddable":true,"href":"https:\/\/boreait.com\/hu\/wp-json\/wp\/v2\/media\/10686"}],"wp:attachment":[{"href":"https:\/\/boreait.com\/hu\/wp-json\/wp\/v2\/media?parent=10668"}],"wp:term":[{"taxonomy":"product_brand","embeddable":true,"href":"https:\/\/boreait.com\/hu\/wp-json\/wp\/v2\/product_brand?post=10668"},{"taxonomy":"product_cat","embeddable":true,"href":"https:\/\/boreait.com\/hu\/wp-json\/wp\/v2\/product_cat?post=10668"},{"taxonomy":"product_tag","embeddable":true,"href":"https:\/\/boreait.com\/hu\/wp-json\/wp\/v2\/product_tag?post=10668"}],"curies":[{"name":"wp","href":"https:\/\/api.w.org\/{rel}","templated":true}]}}