{"id":10667,"date":"2025-09-17T12:58:42","date_gmt":"2025-09-17T10:58:42","guid":{"rendered":"https:\/\/boreait.com\/hu\/?post_type=product&#038;p=10667"},"modified":"2025-09-17T12:58:48","modified_gmt":"2025-09-17T10:58:48","slug":"n173fga-e44-173-lcd-kepernyo-hd-1600x900-30-tus-erintesmentes-uj","status":"publish","type":"product","link":"https:\/\/boreait.com\/hu\/termek\/n173fga-e44-173-lcd-kepernyo-hd-1600x900-30-tus-erintesmentes-uj\/","title":{"rendered":"N173FGA-E44 17,3&#8243; LCD k\u00e9perny\u0151 HD+ 1600&#215;900 30 t\u0171s, \u00e9rint\u00e9smentes \u00daj"},"content":{"rendered":"<p><strong>T\u00e9nyleges LCD-k\u00e9perny\u0151s modell: NT173WDM-N27 \u2013 TELJESEN KOMPATIBILIS A 842648-3G1 LAPTOP K\u00c9PERNY\u0150VEL<\/strong><\/p>\n<p>\u00dajra\u00e9leszti laptop \u00e9lm\u00e9ny\u00e9t az N173FGA-E44 17,3 h\u00fcvelykes LCD-k\u00e9perny\u0151vel, amelyet az optim\u00e1lis teljes\u00edtm\u00e9nyre \u00e9s a vizu\u00e1lis tisztas\u00e1gra terveztek. Ez az \u00e9rint\u00e9s n\u00e9lk\u00fcli kijelz\u0151 1600&#215;900 HD+ felbont\u00e1st k\u00edn\u00e1l, \u00edgy \u00e9les \u00e9s \u00e9l\u00e9nk k\u00e9peket biztos\u00edt a mindennapi feladatokhoz \u00e9s a multim\u00e9di\u00e1s \u00e9lvezethez. A matt fel\u00fclet cs\u00f6kkenti a t\u00fckr\u00f6z\u0151d\u00e9st, \u00edgy ide\u00e1lis munkav\u00e9gz\u00e9si vagy megvil\u00e1g\u00edt\u00e1si k\u00f6r\u00fclm\u00e9nyek k\u00f6z\u00f6tt is.<\/p>\n<p>A 30 t\u0171s csatlakoz\u00f3val \u00e9s az EDP interf\u00e9sszel ez a k\u00e9perny\u0151 k\u00f6nnyen telep\u00edthet\u0151, \u00e9s sz\u00e1mos laptopmodellel kompatibilis. K\u00e9rj\u00fck, vegye figyelembe, hogy ez a k\u00e9perny\u0151 fels\u0151 \u00e9s als\u00f3 konzolokkal van felszerelve a nagyobb stabilit\u00e1s \u00e9rdek\u00e9ben a telep\u00edt\u00e9s sor\u00e1n. Teljesen \u00faj \u00e1llapotban van, \u00edgy kiv\u00e1l\u00f3 min\u0151s\u00e9g\u0171 term\u00e9ket kap, amely k\u00e9szen \u00e1ll laptopja funkcionalit\u00e1s\u00e1nak jav\u00edt\u00e1s\u00e1ra.<\/p>\n","protected":false},"excerpt":{"rendered":"<p>B\u0151v\u00edtse laptopj\u00e1t az N173FGA-E44 17,3&#8243;-es LCD-k\u00e9perny\u0151vel. 30 t\u0171s csatlakoz\u00e1ssal, HD+ felbont\u00e1ssal (1600&#215;900) \u00e9s matt fel\u00fclettel rendelkezik, \u00edgy ez az \u00e9rint\u00e9smentes kijelz\u0151 t\u00f6k\u00e9letesen megfelel sz\u00e1m\u00edt\u00e1stechnikai ig\u00e9nyeinek. \u00c1llapot: \u00daj.<\/p>\n","protected":false},"featured_media":10665,"template":"","meta":[],"product_brand":[],"product_cat":[72,71],"product_tag":[],"class_list":{"0":"post-10667","1":"product","2":"type-product","3":"status-publish","4":"has-post-thumbnail","6":"product_cat-17-3","7":"product_cat-new-laptop-screens-lcd-panels","9":"first","10":"instock","11":"taxable","12":"shipping-taxable","13":"purchasable","14":"product-type-simple"},"_links":{"self":[{"href":"https:\/\/boreait.com\/hu\/wp-json\/wp\/v2\/product\/10667","targetHints":{"allow":["GET"]}}],"collection":[{"href":"https:\/\/boreait.com\/hu\/wp-json\/wp\/v2\/product"}],"about":[{"href":"https:\/\/boreait.com\/hu\/wp-json\/wp\/v2\/types\/product"}],"wp:featuredmedia":[{"embeddable":true,"href":"https:\/\/boreait.com\/hu\/wp-json\/wp\/v2\/media\/10665"}],"wp:attachment":[{"href":"https:\/\/boreait.com\/hu\/wp-json\/wp\/v2\/media?parent=10667"}],"wp:term":[{"taxonomy":"product_brand","embeddable":true,"href":"https:\/\/boreait.com\/hu\/wp-json\/wp\/v2\/product_brand?post=10667"},{"taxonomy":"product_cat","embeddable":true,"href":"https:\/\/boreait.com\/hu\/wp-json\/wp\/v2\/product_cat?post=10667"},{"taxonomy":"product_tag","embeddable":true,"href":"https:\/\/boreait.com\/hu\/wp-json\/wp\/v2\/product_tag?post=10667"}],"curies":[{"name":"wp","href":"https:\/\/api.w.org\/{rel}","templated":true}]}}