{"id":10666,"date":"2025-09-17T12:58:42","date_gmt":"2025-09-17T10:58:42","guid":{"rendered":"https:\/\/boreait.com\/hu\/?post_type=product&#038;p=10666"},"modified":"2025-09-17T12:58:47","modified_gmt":"2025-09-17T10:58:47","slug":"lcd-kepernyo-173-842648-3g1-30-tus-matt-hd-led-erintesmentes-uj","status":"publish","type":"product","link":"https:\/\/boreait.com\/hu\/termek\/lcd-kepernyo-173-842648-3g1-30-tus-matt-hd-led-erintesmentes-uj\/","title":{"rendered":"LCD k\u00e9perny\u0151 17,3&#8243; 842648-3G1 30 t\u0171s matt HD+ LED \u00e9rint\u00e9smentes \u00daj"},"content":{"rendered":"<p><strong>T\u00e9nyleges LCD-k\u00e9perny\u0151s modell: NT173WDM-N27 \u2013 TELJESEN KOMPATIBILIS A 842648-3G1 LAPTOP K\u00c9PERNY\u0150VEL<\/strong><\/p>\n<p>Revitaliz\u00e1lja laptopja kijelz\u0151j\u00e9t a 842648-3G1 LCD-k\u00e9perny\u0151vel, amely egy kiv\u00e1l\u00f3 min\u0151s\u00e9g\u0171 csere, amelyet a z\u00f6kken\u0151mentes megtekint\u00e9si \u00e9lm\u00e9ny \u00e9rdek\u00e9ben terveztek. Ez a 17,3 h\u00fcvelykes k\u00e9perny\u0151 30 t\u0171s eDP-csatlakoz\u00f3val rendelkezik, \u00e9s \u00e9les, 1600&#215;900-as HD+ felbont\u00e1st biztos\u00edt, \u00edgy a k\u00e9p \u00e9les \u00e9s tiszta.<\/p>\n<p>A matt fel\u00fclet minim\u00e1lisra cs\u00f6kkenti a visszaver\u0151d\u00e9st, \u00edgy ide\u00e1lis k\u00fcl\u00f6nf\u00e9le f\u00e9nyviszonyok melletti haszn\u00e1latra, m\u00edg a LED-es h\u00e1tt\u00e9rvil\u00e1g\u00edt\u00e1s fokozza a f\u00e9nyer\u0151t \u00e9s a sz\u00ednek \u00e9l\u00e9nks\u00e9g\u00e9t. Az IPS-kijelz\u0151kkel ellent\u00e9tben ez a k\u00e9perny\u0151 kiv\u00e1l\u00f3 teljes\u00edtm\u00e9nyt ny\u00fajt a mindennapi sz\u00e1m\u00edt\u00e1stechnikai feladatokhoz, \u00edgy a munk\u00e1hoz \u00e9s a szabadid\u0151h\u00f6z egyar\u00e1nt megb\u00edzhat\u00f3 v\u00e1laszt\u00e1s.<\/p>\n<p>A k\u00e9perny\u0151h\u00f6z fels\u0151 \u00e9s als\u00f3 tart\u00f3elemek tartoznak, amelyek leegyszer\u0171s\u00edtik a telep\u00edt\u00e9si folyamatot, \u00e9s biztons\u00e1gosan illeszkednek a laptopba. A vadonat\u00faj \u00e1llapotnak k\u00f6sz\u00f6nhet\u0151en biztos lehet abban, hogy olyan term\u00e9ket kap, amely megfelel a magas min\u0151s\u00e9gi k\u00f6vetelm\u00e9nyeknek, \u00e9s k\u00e9szen \u00e1ll arra, hogy vissza\u00e1ll\u00edtsa k\u00e9sz\u00fcl\u00e9ke m\u0171k\u00f6d\u0151k\u00e9pess\u00e9g\u00e9t.<\/p>\n","protected":false},"excerpt":{"rendered":"<p>B\u0151v\u00edtse laptopj\u00e1t a 17,3 h\u00fcvelykes LCD-k\u00e9perny\u0151vel (842648-3G1 modell), amely 30 t\u0171s csatlakoz\u00f3val rendelkezik. Ez az \u00e9rint\u00e9smentes kijelz\u0151 HD+ felbont\u00e1st (1600&#215;900) k\u00edn\u00e1l matt fel\u00fclettel a csillap\u00edt\u00e1s cs\u00f6kkent\u00e9se \u00e9rdek\u00e9ben. Fels\u0151 \u00e9s als\u00f3 tart\u00f3kkal rendelkezik a k\u00f6nny\u0171 telep\u00edt\u00e9s \u00e9rdek\u00e9ben. \u00c1llapot: \u00daj.<\/p>\n","protected":false},"featured_media":10665,"template":"","meta":[],"product_brand":[],"product_cat":[72,71],"product_tag":[],"class_list":{"0":"post-10666","1":"product","2":"type-product","3":"status-publish","4":"has-post-thumbnail","6":"product_cat-17-3","7":"product_cat-new-laptop-screens-lcd-panels","9":"first","10":"instock","11":"taxable","12":"shipping-taxable","13":"purchasable","14":"product-type-simple"},"_links":{"self":[{"href":"https:\/\/boreait.com\/hu\/wp-json\/wp\/v2\/product\/10666","targetHints":{"allow":["GET"]}}],"collection":[{"href":"https:\/\/boreait.com\/hu\/wp-json\/wp\/v2\/product"}],"about":[{"href":"https:\/\/boreait.com\/hu\/wp-json\/wp\/v2\/types\/product"}],"wp:featuredmedia":[{"embeddable":true,"href":"https:\/\/boreait.com\/hu\/wp-json\/wp\/v2\/media\/10665"}],"wp:attachment":[{"href":"https:\/\/boreait.com\/hu\/wp-json\/wp\/v2\/media?parent=10666"}],"wp:term":[{"taxonomy":"product_brand","embeddable":true,"href":"https:\/\/boreait.com\/hu\/wp-json\/wp\/v2\/product_brand?post=10666"},{"taxonomy":"product_cat","embeddable":true,"href":"https:\/\/boreait.com\/hu\/wp-json\/wp\/v2\/product_cat?post=10666"},{"taxonomy":"product_tag","embeddable":true,"href":"https:\/\/boreait.com\/hu\/wp-json\/wp\/v2\/product_tag?post=10666"}],"curies":[{"name":"wp","href":"https:\/\/api.w.org\/{rel}","templated":true}]}}