{"id":10657,"date":"2025-09-17T12:58:20","date_gmt":"2025-09-17T10:58:20","guid":{"rendered":"https:\/\/boreait.com\/hu\/?post_type=product&#038;p=10657"},"modified":"2025-09-17T12:58:47","modified_gmt":"2025-09-17T10:58:47","slug":"173-huvelykes-lcd-kepernyo-851051-002-erintesmentes-1600x900-hd-matt-30-tus-uj","status":"publish","type":"product","link":"https:\/\/boreait.com\/hu\/termek\/173-huvelykes-lcd-kepernyo-851051-002-erintesmentes-1600x900-hd-matt-30-tus-uj\/","title":{"rendered":"17,3 h\u00fcvelykes LCD k\u00e9perny\u0151 851051-002 \u00e9rint\u00e9smentes 1600&#215;900 HD+ matt 30 t\u0171s \u00daj"},"content":{"rendered":"<p><strong>T\u00e9nyleges LCD-k\u00e9perny\u0151s modell: NT173WDM-N27 \u2013 TELJESEN KOMPATIBILIS A 851051-002 LAPTOP K\u00c9PERNY\u0150VEL<\/strong><\/p>\n<p>Alak\u00edtsa \u00e1t laptopja \u00e9lm\u00e9ny\u00e9t a kiv\u00e1l\u00f3 min\u0151s\u00e9g\u0171, 17,3 h\u00fcvelykes 851051-002 LCD-k\u00e9perny\u0151vel. Ez a megb\u00edzhat\u00f3 teljes\u00edtm\u00e9nyre tervezett kijelz\u0151 1600&#215;900 HD+ felbont\u00e1st k\u00edn\u00e1l, \u00edgy a munk\u00e1hoz \u00e9s a sz\u00f3rakoz\u00e1shoz egyar\u00e1nt \u00e9les k\u00e9pet biztos\u00edt. A matt fel\u00fclet cs\u00f6kkenti a t\u00fckr\u00f6z\u0151d\u00e9st, \u00edgy t\u00f6k\u00e9letes a k\u00fcl\u00f6nf\u00e9le f\u00e9nyviszonyokhoz.<\/p>\n<p>Ez a nem \u00e9rint\u0151k\u00e9perny\u0151 30 t\u0171s eDP-csatlakoz\u00f3val van felszerelve, \u00e9s fels\u0151 \u00e9s als\u00f3 tart\u00f3kkal rendelkezik az egyszer\u0171 telep\u00edt\u00e9s \u00e9rdek\u00e9ben. Ide\u00e1lis a s\u00e9r\u00fclt kijelz\u0151 cser\u00e9j\u00e9hez vagy a k\u00e9sz\u00fcl\u00e9k friss\u00edt\u00e9s\u00e9hez, ez az LCD-k\u00e9perny\u0151 kiv\u00e1l\u00f3 v\u00e1laszt\u00e1s laptopja funkcionalit\u00e1s\u00e1nak b\u0151v\u00edt\u00e9s\u00e9re.<\/p>\n<p>Megnyugodhat, ez a term\u00e9k teljesen \u00faj \u00e1llapotban van, megb\u00edzhat\u00f3 \u00e9s hibamentes k\u00e9perny\u0151t biztos\u00edt, amely k\u00e9szen \u00e1ll a laptopba val\u00f3 beszerel\u00e9sre.<\/p>\n","protected":false},"excerpt":{"rendered":"<p>Friss\u00edtse laptopja kijelz\u0151j\u00e9t a 17,3&#8243;-es 851051-002 LCD-k\u00e9perny\u0151vel. Ez a nem \u00e9rint\u0151k\u00e9perny\u0151 matt fel\u00fclettel, HD+ felbont\u00e1ssal (1600&#215;900) \u00e9s 30 t\u0171s eDP-csatlakoz\u00f3val rendelkezik. \u00c1llapot: \u00daj.<\/p>\n","protected":false},"featured_media":10665,"template":"","meta":[],"product_brand":[],"product_cat":[72,71],"product_tag":[],"class_list":{"0":"post-10657","1":"product","2":"type-product","3":"status-publish","4":"has-post-thumbnail","6":"product_cat-17-3","7":"product_cat-new-laptop-screens-lcd-panels","9":"first","10":"instock","11":"taxable","12":"shipping-taxable","13":"purchasable","14":"product-type-simple"},"_links":{"self":[{"href":"https:\/\/boreait.com\/hu\/wp-json\/wp\/v2\/product\/10657","targetHints":{"allow":["GET"]}}],"collection":[{"href":"https:\/\/boreait.com\/hu\/wp-json\/wp\/v2\/product"}],"about":[{"href":"https:\/\/boreait.com\/hu\/wp-json\/wp\/v2\/types\/product"}],"wp:featuredmedia":[{"embeddable":true,"href":"https:\/\/boreait.com\/hu\/wp-json\/wp\/v2\/media\/10665"}],"wp:attachment":[{"href":"https:\/\/boreait.com\/hu\/wp-json\/wp\/v2\/media?parent=10657"}],"wp:term":[{"taxonomy":"product_brand","embeddable":true,"href":"https:\/\/boreait.com\/hu\/wp-json\/wp\/v2\/product_brand?post=10657"},{"taxonomy":"product_cat","embeddable":true,"href":"https:\/\/boreait.com\/hu\/wp-json\/wp\/v2\/product_cat?post=10657"},{"taxonomy":"product_tag","embeddable":true,"href":"https:\/\/boreait.com\/hu\/wp-json\/wp\/v2\/product_tag?post=10657"}],"curies":[{"name":"wp","href":"https:\/\/api.w.org\/{rel}","templated":true}]}}