{"id":10656,"date":"2025-09-17T12:58:20","date_gmt":"2025-09-17T10:58:20","guid":{"rendered":"https:\/\/boreait.com\/hu\/?post_type=product&#038;p=10656"},"modified":"2025-09-17T12:58:47","modified_gmt":"2025-09-17T10:58:47","slug":"hp-173-lcd-kepernyo-17-x001nc-17-x020ca-17-x037cl-modellekhez-uj","status":"publish","type":"product","link":"https:\/\/boreait.com\/hu\/termek\/hp-173-lcd-kepernyo-17-x001nc-17-x020ca-17-x037cl-modellekhez-uj\/","title":{"rendered":"HP 17,3&#8243; LCD k\u00e9perny\u0151 17-X001NC 17-X020CA 17-X037CL modellekhez \u00daj"},"content":{"rendered":"<p><strong>T\u00e9nyleges LCD-k\u00e9perny\u0151s modell: NT173WDM-N27 \u2013 TELJESEN KOMPATIBILIS A HP 17-X001NC 17-X020CA 17-X037CL 17-X032NA 17-X013DS LAPTOP K\u00c9PERNY\u0150VEL<\/strong><\/p>\n<p>Fokozza HP laptopja kijelz\u0151j\u00e9t ezzel a kiv\u00e1l\u00f3 min\u0151s\u00e9g\u0171, 17,3 h\u00fcvelykes LCD-k\u00e9perny\u0151vel, amelyet kifejezetten a HP 17-X001NC, 17-X020CA, 17-X037CL, 17-X032NA \u00e9s 17-X013DS modellekhez terveztek. Ez a k\u00e9perny\u0151 1600&#215;90-es, matt felbont\u00e1s\u00fa \u00e9s \u00e9les vizu\u00e1lis tartalmat k\u00edn\u00e1l. a fel\u00fclet cs\u00f6kkenti a t\u00fckr\u00f6z\u0151d\u00e9st, \u00edgy ide\u00e1lis k\u00fcl\u00f6nf\u00e9le f\u00e9nyviszonyok k\u00f6z\u00f6tt t\u00f6rt\u00e9n\u0151 haszn\u00e1latra, ak\u00e1r belt\u00e9ren, ak\u00e1r szabadban dolgozik.<\/p>\n<p>A 30 t\u0171s eDP-csatlakoz\u00f3val ez az \u00e9rint\u00e9smentes kijelz\u0151 k\u00f6nnyen telep\u00edthet\u0151, fels\u0151 \u00e9s als\u00f3 tart\u00f3konzollal egy\u00fctt, \u00edgy biztos\u00edtva a biztons\u00e1gos illeszked\u00e9st a laptop h\u00e1z\u00e1ba. Fontos megjegyezni, hogy ez egy nem IPS panel, ami azt jelenti, hogy az IPS kijelz\u0151kh\u00f6z k\u00e9pest sz\u0171kebb betekint\u00e9si sz\u00f6ggel rendelkezik, de \u00edgy is kiv\u00e1l\u00f3 teljes\u00edtm\u00e9nyt ny\u00fajt a mindennapi feladatokhoz.<\/p>\n<p>Ez az LCD-k\u00e9perny\u0151 vadonat\u00faj \u00e1llapotban van, megb\u00edzhat\u00f3s\u00e1got \u00e9s hossz\u00fa \u00e9lettartamot biztos\u00edtva k\u00e9sz\u00fcl\u00e9k\u00e9nek. Ak\u00e1r egy t\u00f6r\u00f6tt k\u00e9perny\u0151t cser\u00e9l, ak\u00e1r a megl\u00e9v\u0151 kijelz\u0151j\u00e9t friss\u00edti, ez az LCD-k\u00e9perny\u0151 t\u00f6k\u00e9letes v\u00e1laszt\u00e1s laptopja funkcionalit\u00e1s\u00e1nak helyre\u00e1ll\u00edt\u00e1s\u00e1hoz.<\/p>\n","protected":false},"excerpt":{"rendered":"<p>Friss\u00edtse HP laptopj\u00e1t ezzel a 17,3 h\u00fcvelykes LCD-k\u00e9perny\u0151vel, amely kompatibilis a 17-X001NC, 17-X020CA, 17-X037CL, 17-X032NA \u00e9s 17-X013DS modellekkel. Matt fel\u00fclettel \u00e9s 1600&#215;900 HD+ felbont\u00e1ssal rendelkezik.<\/p>\n","protected":false},"featured_media":10665,"template":"","meta":[],"product_brand":[],"product_cat":[72,71],"product_tag":[],"class_list":{"0":"post-10656","1":"product","2":"type-product","3":"status-publish","4":"has-post-thumbnail","6":"product_cat-17-3","7":"product_cat-new-laptop-screens-lcd-panels","9":"first","10":"instock","11":"taxable","12":"shipping-taxable","13":"purchasable","14":"product-type-simple"},"_links":{"self":[{"href":"https:\/\/boreait.com\/hu\/wp-json\/wp\/v2\/product\/10656","targetHints":{"allow":["GET"]}}],"collection":[{"href":"https:\/\/boreait.com\/hu\/wp-json\/wp\/v2\/product"}],"about":[{"href":"https:\/\/boreait.com\/hu\/wp-json\/wp\/v2\/types\/product"}],"wp:featuredmedia":[{"embeddable":true,"href":"https:\/\/boreait.com\/hu\/wp-json\/wp\/v2\/media\/10665"}],"wp:attachment":[{"href":"https:\/\/boreait.com\/hu\/wp-json\/wp\/v2\/media?parent=10656"}],"wp:term":[{"taxonomy":"product_brand","embeddable":true,"href":"https:\/\/boreait.com\/hu\/wp-json\/wp\/v2\/product_brand?post=10656"},{"taxonomy":"product_cat","embeddable":true,"href":"https:\/\/boreait.com\/hu\/wp-json\/wp\/v2\/product_cat?post=10656"},{"taxonomy":"product_tag","embeddable":true,"href":"https:\/\/boreait.com\/hu\/wp-json\/wp\/v2\/product_tag?post=10656"}],"curies":[{"name":"wp","href":"https:\/\/api.w.org\/{rel}","templated":true}]}}