{"id":10655,"date":"2025-09-17T12:58:20","date_gmt":"2025-09-17T10:58:20","guid":{"rendered":"https:\/\/boreait.com\/hu\/?post_type=product&#038;p=10655"},"modified":"2025-09-17T12:58:47","modified_gmt":"2025-09-17T10:58:47","slug":"l22563-001-l22733-001-173-lcd-kepernyo-hd-matt-30-tus-edp-tartokkal-uj","status":"publish","type":"product","link":"https:\/\/boreait.com\/hu\/termek\/l22563-001-l22733-001-173-lcd-kepernyo-hd-matt-30-tus-edp-tartokkal-uj\/","title":{"rendered":"L22563-001\/L22733-001 17,3&#8243; LCD k\u00e9perny\u0151 HD+ matt 30 t\u0171s eDP tart\u00f3kkal \u00daj"},"content":{"rendered":"<p><strong>T\u00e9nyleges LCD-k\u00e9perny\u0151s modell: NT173WDM-N27 \u2013 TELJESEN KOMPATIBILIS A LAPTOP K\u00c9PERNY\u0150VEL L22563-001 L22733-001<\/strong><\/p>\n<p>Fokozza laptopja kijelz\u0151j\u00e9t az L22563-001 \/ L22733-001 17,3 h\u00fcvelykes, \u00e9rint\u00e9smentes LCD-k\u00e9perny\u0151vel, amely \u00e9les, 1600 x 900 k\u00e9ppontos HD+ felbont\u00e1st k\u00edn\u00e1l. LED-es h\u00e1tt\u00e9rvil\u00e1g\u00edt\u00e1s\u00e1val ez a k\u00e9perny\u0151 energiahat\u00e9kony f\u00e9nyer\u0151t \u00e9s tisztas\u00e1got biztos\u00edt, amely ide\u00e1lis a mindennapi sz\u00e1m\u00edt\u00e1stechnikai feladatokhoz. A matts\u00e1g cs\u00f6kkenti a l\u00e1t\u00e1si f\u00e9nyt.<\/p>\n<p>A 30 t\u0171s eDP-csatlakoz\u00f3val felszerelt LCD-k\u00e9perny\u0151 szil\u00e1rd \u00e9s megb\u00edzhat\u00f3 kapcsolatot biztos\u00edt. Tartalmaz fels\u0151 \u00e9s als\u00f3 tart\u00f3t, \u00edgy egyszer\u0171en telep\u00edthet\u0151 vagy cser\u00e9lhet\u0151 a kompatibilis laptopmodellekben. Ez a k\u00e9perny\u0151 nem IPS, megb\u00edzhat\u00f3 min\u0151s\u00e9get biztos\u00edt az alapvet\u0151 ig\u00e9nyekhez, mik\u00f6zben meg\u0151rzi a kiv\u00e1l\u00f3 felbont\u00e1st \u00e9s az \u00e9les l\u00e1tv\u00e1nyt.<\/p>\n<p>\u00daj \u00e1llapot\u00fa, ez a cserek\u00e9perny\u0151 nagy teljes\u00edtm\u00e9nyt biztos\u00edt k\u00f6zvetlen\u00fcl a dobozb\u00f3l, \u00e9s t\u00f6k\u00e9letes a laptop kijelz\u0151j\u00e9nek jav\u00edt\u00e1s\u00e1hoz vagy friss\u00edt\u00e9s\u00e9hez.<\/p>\n","protected":false},"excerpt":{"rendered":"<p>Friss\u00edtse laptopj\u00e1t az L22563-001 \/ L22733-001 17,3&#8243;-os, \u00e9rint\u00e9smentes LCD-k\u00e9perny\u0151vel. A HD+ 1600&#215;900 felbont\u00e1s\u00fa, matt fel\u00fclettel \u00e9s 30 t\u0171s eDP-csatlakoz\u00e1ssal ez a k\u00e9perny\u0151 tiszta, r\u00e9szletgazdag l\u00e1tv\u00e1nyt ny\u00fajt. Fels\u0151 \u00e9s als\u00f3 konzolok mell\u00e9kelve: az egyszer\u0171 telep\u00edt\u00e9s \u00e9rdek\u00e9ben. \u00c1llapot.<\/p>\n","protected":false},"featured_media":10665,"template":"","meta":[],"product_brand":[],"product_cat":[72,71],"product_tag":[],"class_list":{"0":"post-10655","1":"product","2":"type-product","3":"status-publish","4":"has-post-thumbnail","6":"product_cat-17-3","7":"product_cat-new-laptop-screens-lcd-panels","9":"first","10":"instock","11":"taxable","12":"shipping-taxable","13":"purchasable","14":"product-type-simple"},"_links":{"self":[{"href":"https:\/\/boreait.com\/hu\/wp-json\/wp\/v2\/product\/10655","targetHints":{"allow":["GET"]}}],"collection":[{"href":"https:\/\/boreait.com\/hu\/wp-json\/wp\/v2\/product"}],"about":[{"href":"https:\/\/boreait.com\/hu\/wp-json\/wp\/v2\/types\/product"}],"wp:featuredmedia":[{"embeddable":true,"href":"https:\/\/boreait.com\/hu\/wp-json\/wp\/v2\/media\/10665"}],"wp:attachment":[{"href":"https:\/\/boreait.com\/hu\/wp-json\/wp\/v2\/media?parent=10655"}],"wp:term":[{"taxonomy":"product_brand","embeddable":true,"href":"https:\/\/boreait.com\/hu\/wp-json\/wp\/v2\/product_brand?post=10655"},{"taxonomy":"product_cat","embeddable":true,"href":"https:\/\/boreait.com\/hu\/wp-json\/wp\/v2\/product_cat?post=10655"},{"taxonomy":"product_tag","embeddable":true,"href":"https:\/\/boreait.com\/hu\/wp-json\/wp\/v2\/product_tag?post=10655"}],"curies":[{"name":"wp","href":"https:\/\/api.w.org\/{rel}","templated":true}]}}