{"id":10654,"date":"2025-09-17T12:58:19","date_gmt":"2025-09-17T10:58:19","guid":{"rendered":"https:\/\/boreait.com\/hu\/?post_type=product&#038;p=10654"},"modified":"2025-09-17T12:58:46","modified_gmt":"2025-09-17T10:58:46","slug":"173-lcd-kepernyo-7qk06ua-hd-1600x900-matt-edp-30-tus-tartokkal-uj","status":"publish","type":"product","link":"https:\/\/boreait.com\/hu\/termek\/173-lcd-kepernyo-7qk06ua-hd-1600x900-matt-edp-30-tus-tartokkal-uj\/","title":{"rendered":"17,3&#8243; LCD k\u00e9perny\u0151 7QK06UA HD+ 1600&#215;900 matt eDP 30 t\u0171s tart\u00f3kkal \u00daj"},"content":{"rendered":"<p><strong>T\u00e9nyleges LCD-k\u00e9perny\u0151s modell: NT173WDM-N27 \u2013 TELJESEN KOMPATIBILIS A 7QK06UA LAPTOP K\u00c9PERNY\u0150VEL<\/strong><\/p>\n<p>Fokozza laptopja megtekint\u00e9si \u00e9lm\u00e9ny\u00e9t ezzel a kiv\u00e1l\u00f3 min\u0151s\u00e9g\u0171, 17,3 h\u00fcvelykes LCD-k\u00e9perny\u0151vel, amelyet a 7QK06UA modellel kompatibilisnek terveztek. Ez az \u00e9rint\u00e9smentes kijelz\u0151 HD+ felbont\u00e1st (1600&#215;900), \u00e9les k\u00e9pet \u00e9s tisztas\u00e1got biztos\u00edt a mindennapi feladatokhoz. Matt fel\u00fclet\u00e9vel cs\u00f6kkenti a t\u00fckr\u00f6z\u0151d\u00e9st \u00e9s a t\u00fckr\u00f6z\u0151d\u00e9st, \u00edgy ide\u00e1lis a k\u00fcl\u00f6nb\u00f6z\u0151 f\u00e9nyviszonyokhoz.<\/p>\n<p>EDP 30 t\u0171s csatlakoz\u00f3val k\u00e9sz\u00fclt k\u00e9perny\u0151 megb\u00edzhat\u00f3 csatlakoz\u00e1st \u00e9s z\u00f6kken\u0151mentes teljes\u00edtm\u00e9nyt biztos\u00edt. Az IPS-kijelz\u0151kkel ellent\u00e9tben ez a nem IPS LED-k\u00e9perny\u0151 szabv\u00e1nyos sz\u00ednm\u00e9lys\u00e9get \u00e9s betekint\u00e9si sz\u00f6get k\u00edn\u00e1l, amely megfelel az alapvet\u0151 sz\u00e1m\u00edt\u00e1si ig\u00e9nyeknek. A mell\u00e9kelt fels\u0151 \u00e9s als\u00f3 konzolok biztons\u00e1goss\u00e1 \u00e9s stabill\u00e1 teszik a telep\u00edt\u00e9st, \u00edgy \u00e9lvezheti a z\u00f6kken\u0151mentes illeszked\u00e9st a k\u00e9sz\u00fcl\u00e9kben.<\/p>\n<p>Ez az LCD-k\u00e9perny\u0151 vadonat\u00faj, \u00e9s gondosan gy\u00e1rtott\u00e1k, hogy biztos\u00edtsa a tart\u00f3s friss\u00edt\u00e9shez sz\u00fcks\u00e9ges min\u0151s\u00e9get.<\/p>\n","protected":false},"excerpt":{"rendered":"<p>B\u0151v\u00edtse laptopja kijelz\u0151j\u00e9t ezzel a 17,3 h\u00fcvelykes, \u00e9rint\u00e9smentes LCD-k\u00e9perny\u0151vel a 7QK06UA modellhez. HD+ felbont\u00e1ssal (1600&#215;900), matt fel\u00fclettel, valamint fels\u0151 \u00e9s als\u00f3 tart\u00f3kkal a biztons\u00e1gos r\u00f6gz\u00edt\u00e9s \u00e9rdek\u00e9ben. \u00c1llapot: \u00daj.<\/p>\n","protected":false},"featured_media":10665,"template":"","meta":[],"product_brand":[],"product_cat":[72,71],"product_tag":[],"class_list":{"0":"post-10654","1":"product","2":"type-product","3":"status-publish","4":"has-post-thumbnail","6":"product_cat-17-3","7":"product_cat-new-laptop-screens-lcd-panels","9":"first","10":"instock","11":"taxable","12":"shipping-taxable","13":"purchasable","14":"product-type-simple"},"_links":{"self":[{"href":"https:\/\/boreait.com\/hu\/wp-json\/wp\/v2\/product\/10654","targetHints":{"allow":["GET"]}}],"collection":[{"href":"https:\/\/boreait.com\/hu\/wp-json\/wp\/v2\/product"}],"about":[{"href":"https:\/\/boreait.com\/hu\/wp-json\/wp\/v2\/types\/product"}],"wp:featuredmedia":[{"embeddable":true,"href":"https:\/\/boreait.com\/hu\/wp-json\/wp\/v2\/media\/10665"}],"wp:attachment":[{"href":"https:\/\/boreait.com\/hu\/wp-json\/wp\/v2\/media?parent=10654"}],"wp:term":[{"taxonomy":"product_brand","embeddable":true,"href":"https:\/\/boreait.com\/hu\/wp-json\/wp\/v2\/product_brand?post=10654"},{"taxonomy":"product_cat","embeddable":true,"href":"https:\/\/boreait.com\/hu\/wp-json\/wp\/v2\/product_cat?post=10654"},{"taxonomy":"product_tag","embeddable":true,"href":"https:\/\/boreait.com\/hu\/wp-json\/wp\/v2\/product_tag?post=10654"}],"curies":[{"name":"wp","href":"https:\/\/api.w.org\/{rel}","templated":true}]}}