{"id":10653,"date":"2025-09-17T12:58:19","date_gmt":"2025-09-17T10:58:19","guid":{"rendered":"https:\/\/boreait.com\/hu\/?post_type=product&#038;p=10653"},"modified":"2025-09-17T12:58:46","modified_gmt":"2025-09-17T10:58:46","slug":"hp-17-by-series-173-lcd-kepernyo-hd-matt-30-tus-edp-tartokkal-uj","status":"publish","type":"product","link":"https:\/\/boreait.com\/hu\/termek\/hp-17-by-series-173-lcd-kepernyo-hd-matt-30-tus-edp-tartokkal-uj\/","title":{"rendered":"HP 17-by Series 17,3&#8243; LCD k\u00e9perny\u0151 HD+ matt 30 t\u0171s eDP tart\u00f3kkal \u00daj"},"content":{"rendered":"<p><strong>T\u00e9nyleges LCD-k\u00e9perny\u0151s modell: NT173WDM-N27 \u2013 TELJESEN KOMPATIBILIS A HP 17-by1053dx 17-BY0004NO 17-BY0032CY 17-BY1021CL HP 17-BY3000NC LAPTOP K\u00c9PERNY\u0150VEL<\/p>\n<p>Friss\u00edtse vagy cser\u00e9lje ki HP laptopja k\u00e9perny\u0151j\u00e9t erre a kiv\u00e1l\u00f3 min\u0151s\u00e9g\u0171, vadonat\u00faj 17,3&#8243;-es LCD-kijelz\u0151re, amelyet olyan kompatibilis HP-modellekhez terveztek, mint a HP 17-by1053dx, 17-BY0004NO, 17-BY0032CY, 17-BY1021CL, HP 17-BY, 5000by.21na. 1600&#215;900 (HD+) felbont\u00e1st biztos\u00edt, \u00e9les k\u00e9pet \u00e9s tisztas\u00e1got biztos\u00edtva a feladatok sz\u00e9les sk\u00e1l\u00e1j\u00e1hoz, a streamel\u00e9st\u0151l a munkahelyi alkalmaz\u00e1sokig.<\/p>\n<p>Ez az LCD-k\u00e9perny\u0151 matt fel\u00fclettel rendelkezik, amely cs\u00f6kkenti a t\u00fckr\u00f6z\u0151d\u00e9st, \u00e9s k\u00e9nyelmes megtekint\u00e9st biztos\u00edt k\u00fcl\u00f6nb\u00f6z\u0151 f\u00e9nyviszonyok k\u00f6z\u00f6tt. A 30 \u00e9rintkez\u0151s eDP csatlakoz\u00e1ssal stabil csatlakoz\u00e1st biztos\u00edt, m\u00edg a mell\u00e9kelt fels\u0151 \u00e9s als\u00f3 tart\u00f3konzolok egyszer\u0171v\u00e9 \u00e9s biztons\u00e1goss\u00e1 teszik a telep\u00edt\u00e9st. Vegye figyelembe, hogy ez egy \u00e9rint\u00e9smentes \u00e9s nem IPS k\u00e9perny\u0151, amely megb\u00edzhat\u00f3 funkcionalit\u00e1st biztos\u00edt a pr\u00e9mium kijelz\u0151k magasabb k\u00f6lts\u00e9ge n\u00e9lk\u00fcl. T\u00f6k\u00e9letes azok sz\u00e1m\u00e1ra, akik megb\u00edzhat\u00f3 cser\u00e9t keresnek, amely megfelel a mindennapi ig\u00e9nyeknek.<\/p>\n<p>Ez a k\u00e9perny\u0151 vadonat\u00faj \u00e1llapotban van, kiv\u00e1l\u00f3 min\u0151s\u00e9get \u00e9s hossz\u00fa \u00e9lettartamot biztos\u00edt laptopja kijelz\u0151j\u00e9nek.<\/p>\n","protected":false},"excerpt":{"rendered":"<p>Cser\u00e9lje le laptopja kijelz\u0151j\u00e9t erre az \u00faj 17,3&#8243;-es LCD-k\u00e9perny\u0151re, amely kompatibilis a k\u00fcl\u00f6nb\u00f6z\u0151 HP-modellekkel, bele\u00e9rtve a 17-by1053dx-et, a 17-BY0004NO-t \u00e9s m\u00e1sokat. A HD+ 1600&#215;900 felbont\u00e1ssal, 30 t\u0171s eDP-csatlakoz\u00e1ssal \u00e9s matt fel\u00fclettel ez a k\u00e9perny\u0151 tiszta l\u00e1tv\u00e1nyt ny\u00fajt, \u00e9s cs\u00f6kkentett f\u00e9nyvisszaver\u00e9ssel.<\/p>\n","protected":false},"featured_media":10665,"template":"","meta":[],"product_brand":[],"product_cat":[72,71],"product_tag":[],"class_list":{"0":"post-10653","1":"product","2":"type-product","3":"status-publish","4":"has-post-thumbnail","6":"product_cat-17-3","7":"product_cat-new-laptop-screens-lcd-panels","9":"first","10":"instock","11":"taxable","12":"shipping-taxable","13":"purchasable","14":"product-type-simple"},"_links":{"self":[{"href":"https:\/\/boreait.com\/hu\/wp-json\/wp\/v2\/product\/10653","targetHints":{"allow":["GET"]}}],"collection":[{"href":"https:\/\/boreait.com\/hu\/wp-json\/wp\/v2\/product"}],"about":[{"href":"https:\/\/boreait.com\/hu\/wp-json\/wp\/v2\/types\/product"}],"wp:featuredmedia":[{"embeddable":true,"href":"https:\/\/boreait.com\/hu\/wp-json\/wp\/v2\/media\/10665"}],"wp:attachment":[{"href":"https:\/\/boreait.com\/hu\/wp-json\/wp\/v2\/media?parent=10653"}],"wp:term":[{"taxonomy":"product_brand","embeddable":true,"href":"https:\/\/boreait.com\/hu\/wp-json\/wp\/v2\/product_brand?post=10653"},{"taxonomy":"product_cat","embeddable":true,"href":"https:\/\/boreait.com\/hu\/wp-json\/wp\/v2\/product_cat?post=10653"},{"taxonomy":"product_tag","embeddable":true,"href":"https:\/\/boreait.com\/hu\/wp-json\/wp\/v2\/product_tag?post=10653"}],"curies":[{"name":"wp","href":"https:\/\/api.w.org\/{rel}","templated":true}]}}