{"id":10652,"date":"2025-09-17T12:58:19","date_gmt":"2025-09-17T10:58:19","guid":{"rendered":"https:\/\/boreait.com\/hu\/?post_type=product&#038;p=10652"},"modified":"2025-09-17T12:58:46","modified_gmt":"2025-09-17T10:58:46","slug":"lcd-kepernyo-173-910136-002-910136-003-hd-30-tus-matt-led-erintesmentes-uj","status":"publish","type":"product","link":"https:\/\/boreait.com\/hu\/termek\/lcd-kepernyo-173-910136-002-910136-003-hd-30-tus-matt-led-erintesmentes-uj\/","title":{"rendered":"LCD k\u00e9perny\u0151 17,3&#8243; 910136-002 910136-003 HD+ 30 t\u0171s matt LED \u00e9rint\u00e9smentes \u00daj"},"content":{"rendered":"<p><strong>T\u00e9nyleges LCD-k\u00e9perny\u0151s modell: NT173WDM-N27 \u2013 TELJESEN KOMPATIBILIS A 910136-002 \u00c9S 910136-003 LAPTOP K\u00c9PERNY\u0150VEL<\/strong><\/p>\n<p>Fokozza a laptop \u00e9lm\u00e9ny\u00e9t a 910136-002 \/ 910136-003 LCD-k\u00e9perny\u0151vel, amelyet kifejezetten megb\u00edzhat\u00f3 teljes\u00edtm\u00e9nyre \u00e9s \u00e9l\u00e9nk l\u00e1tv\u00e1nyra terveztek. Ez a 17,3 h\u00fcvelykes kijelz\u0151 1600&#215;900 HD+ felbont\u00e1ssal rendelkezik, ami \u00e9les k\u00e9pmin\u0151s\u00e9get \u00e9s tiszta r\u00e9szleteket biztos\u00edt. Az \u00e9rint\u00e9smentes k\u00e9perny\u0151 LED-technol\u00f3gi\u00e1t haszn\u00e1l, amely vil\u00e1gos \u00e9s \u00e9l\u00e9nk sz\u00edneket biztos\u00edt, m\u00edg a matt fel\u00fclet cs\u00f6kkenti a t\u00fckr\u00f6z\u0151d\u00e9st a k\u00e9nyelmes megtekint\u00e9s \u00e9rdek\u00e9ben k\u00fcl\u00f6nf\u00e9le f\u00e9nyviszonyok k\u00f6z\u00f6tt.<\/p>\n<p>A szabv\u00e1nyos 30 t\u0171s csatlakoz\u00f3val ez a k\u00e9perny\u0151 sok laptopmodellel kompatibilis. A mell\u00e9kelt fels\u0151 \u00e9s als\u00f3 tart\u00f3konzolok egyszer\u0171v\u00e9 teszik a telep\u00edt\u00e9st, lehet\u0151v\u00e9 t\u00e9ve a megl\u00e9v\u0151 k\u00e9perny\u0151 egyszer\u0171 cser\u00e9j\u00e9t. K\u00e9rj\u00fck, vegye figyelembe, hogy ez az LCD-k\u00e9perny\u0151 nem rendelkezik IPS technol\u00f3gi\u00e1val, de kiv\u00e1l\u00f3 teljes\u00edtm\u00e9nyt ny\u00fajt a mindennapi feladatokhoz.<\/p>\n<p>A term\u00e9k vadonat\u00faj \u00e1llapotban van, \u00edgy kiv\u00e1l\u00f3 min\u0151s\u00e9g\u0171, haszn\u00e1latra k\u00e9sz csereeszk\u00f6zt kap. Ide\u00e1lis mindazok sz\u00e1m\u00e1ra, akik szeretn\u00e9nek vissza\u00e1ll\u00edtani vagy friss\u00edteni laptopjuk kijelz\u0151j\u00e9t, ez az LCD-k\u00e9perny\u0151 megb\u00edzhat\u00f3 v\u00e1laszt\u00e1s.<\/p>\n","protected":false},"excerpt":{"rendered":"<p>Friss\u00edtse laptopja kijelz\u0151j\u00e9t a 910136-002 \/ 910136-003 LCD-k\u00e9perny\u0151vel. Ez a 17,3&#8243;-os, nem \u00e9rint\u0151k\u00e9perny\u0151 30 t\u0171s csatlakoz\u00e1ssal, matt fel\u00fclettel \u00e9s 1600&#215;900 HD+ felbont\u00e1ssal rendelkezik. Fels\u0151 \u00e9s als\u00f3 tart\u00f3kkal rendelkezik az egyszer\u0171 telep\u00edt\u00e9s \u00e9rdek\u00e9ben. \u00c1llapot: \u00daj.<\/p>\n","protected":false},"featured_media":10665,"template":"","meta":[],"product_brand":[],"product_cat":[72,71],"product_tag":[],"class_list":{"0":"post-10652","1":"product","2":"type-product","3":"status-publish","4":"has-post-thumbnail","6":"product_cat-17-3","7":"product_cat-new-laptop-screens-lcd-panels","9":"first","10":"instock","11":"taxable","12":"shipping-taxable","13":"purchasable","14":"product-type-simple"},"_links":{"self":[{"href":"https:\/\/boreait.com\/hu\/wp-json\/wp\/v2\/product\/10652","targetHints":{"allow":["GET"]}}],"collection":[{"href":"https:\/\/boreait.com\/hu\/wp-json\/wp\/v2\/product"}],"about":[{"href":"https:\/\/boreait.com\/hu\/wp-json\/wp\/v2\/types\/product"}],"wp:featuredmedia":[{"embeddable":true,"href":"https:\/\/boreait.com\/hu\/wp-json\/wp\/v2\/media\/10665"}],"wp:attachment":[{"href":"https:\/\/boreait.com\/hu\/wp-json\/wp\/v2\/media?parent=10652"}],"wp:term":[{"taxonomy":"product_brand","embeddable":true,"href":"https:\/\/boreait.com\/hu\/wp-json\/wp\/v2\/product_brand?post=10652"},{"taxonomy":"product_cat","embeddable":true,"href":"https:\/\/boreait.com\/hu\/wp-json\/wp\/v2\/product_cat?post=10652"},{"taxonomy":"product_tag","embeddable":true,"href":"https:\/\/boreait.com\/hu\/wp-json\/wp\/v2\/product_tag?post=10652"}],"curies":[{"name":"wp","href":"https:\/\/api.w.org\/{rel}","templated":true}]}}