{"id":10651,"date":"2025-09-17T12:58:19","date_gmt":"2025-09-17T10:58:19","guid":{"rendered":"https:\/\/boreait.com\/hu\/?post_type=product&#038;p=10651"},"modified":"2025-09-17T12:58:45","modified_gmt":"2025-09-17T10:58:45","slug":"173-huvelykes-lcd-kepernyo-hp-17-bs-sorozathoz-30-tus-hd-erintesmentes-uj","status":"publish","type":"product","link":"https:\/\/boreait.com\/hu\/termek\/173-huvelykes-lcd-kepernyo-hp-17-bs-sorozathoz-30-tus-hd-erintesmentes-uj\/","title":{"rendered":"17,3 h\u00fcvelykes LCD-k\u00e9perny\u0151 HP 17-BS sorozathoz, 30 t\u0171s HD+ \u00e9rint\u00e9smentes \u00daj"},"content":{"rendered":"<p><strong>T\u00e9nyleges LCD-k\u00e9perny\u0151s modell: NT173WDM-N27 \u2013 TELJESEN KOMPATIBILIS A LAPTOP K\u00c9PERNY\u0150VEL HP 17-BS007NF 17-BS099NZ 17-BS019DX 17-BS055NR 17-BS057CL 17-BS054NG<\/strong><\/p>\n<p>Revitaliz\u00e1lja HP \u200b\u200blaptopj\u00e1t ezzel a kiv\u00e1l\u00f3 min\u0151s\u00e9g\u0171, 17,3 h\u00fcvelykes LCD-k\u00e9perny\u0151vel, amelyet a 17-BS007NF, 17-BS099NZ, 17-BS019DX, 17-BS055NR, 17-BS057CL \u00e9s 17-BS054NG modellekhez terveztek. Ez a nem \u00e9rint\u0151k\u00e9perny\u0151s, 0,00,000000000000000000000000,0&#215;900 felbont\u00e1s\u00fa HD kijelz\u0151 \u00e9les \u00e9s \u00e9l\u00e9nk k\u00e9pek a jobb megtekint\u00e9si \u00e9lm\u00e9ny \u00e9rdek\u00e9ben.<\/p>\n<p>A k\u00e9perny\u0151 30 t\u0171s eDP-csatlakoz\u00f3val rendelkezik, amely megb\u00edzhat\u00f3 kapcsolatot \u00e9s egyszer\u0171 telep\u00edt\u00e9st biztos\u00edt. Matt fel\u00fclete cs\u00f6kkenti a t\u00fckr\u00f6z\u0151d\u00e9st, \u00edgy alkalmas k\u00fcl\u00f6nf\u00e9le f\u00e9nyviszonyokhoz, m\u00edg a LED-es h\u00e1tt\u00e9rvil\u00e1g\u00edt\u00e1s er\u0151s \u00e9s energiatakar\u00e9kos megvil\u00e1g\u00edt\u00e1st biztos\u00edt.<\/p>\n<p>A fels\u0151 \u00e9s als\u00f3 tart\u00f3elemekkel ez a k\u00e9perny\u0151 k\u00e9szen \u00e1ll a laptopba val\u00f3 beszerel\u00e9sre. T\u00f6k\u00e9letes azok sz\u00e1m\u00e1ra, akik egy s\u00e9r\u00fclt kijelz\u0151t szeretn\u00e9nek cser\u00e9lni, vagy jav\u00edtani k\u00edv\u00e1nj\u00e1k vizu\u00e1lis \u00e9lm\u00e9ny\u00fcket. Ez az LCD-k\u00e9perny\u0151 teljesen \u00faj \u00e1llapotban van, \u00e9s hib\u00e1tlan teljes\u00edtm\u00e9nyt garant\u00e1l.<\/p>\n","protected":false},"excerpt":{"rendered":"<p>Cser\u00e9lje ki laptopja kijelz\u0151j\u00e9t erre a 17,3 h\u00fcvelykes LCD-k\u00e9perny\u0151re, amely kompatibilis a HP 17-BS007NF, 17-BS099NZ, 17-BS019DX, 17-BS055NR, 17-BS057CL \u00e9s 17-BS054NG modellekkel. 30 t\u0171s csatlakoz\u00f3val \u00e9s LED-es felbont\u00e1ssal,0 matt f\u00e9ny\u0171, HD+0,0,000,0,0 ez a k\u00e9perny\u0151 tiszta k\u00e9pet biztos\u00edt \u00c1llapot: \u00daj.<\/p>\n","protected":false},"featured_media":10665,"template":"","meta":[],"product_brand":[],"product_cat":[72,71],"product_tag":[],"class_list":{"0":"post-10651","1":"product","2":"type-product","3":"status-publish","4":"has-post-thumbnail","6":"product_cat-17-3","7":"product_cat-new-laptop-screens-lcd-panels","9":"first","10":"instock","11":"taxable","12":"shipping-taxable","13":"purchasable","14":"product-type-simple"},"_links":{"self":[{"href":"https:\/\/boreait.com\/hu\/wp-json\/wp\/v2\/product\/10651","targetHints":{"allow":["GET"]}}],"collection":[{"href":"https:\/\/boreait.com\/hu\/wp-json\/wp\/v2\/product"}],"about":[{"href":"https:\/\/boreait.com\/hu\/wp-json\/wp\/v2\/types\/product"}],"wp:featuredmedia":[{"embeddable":true,"href":"https:\/\/boreait.com\/hu\/wp-json\/wp\/v2\/media\/10665"}],"wp:attachment":[{"href":"https:\/\/boreait.com\/hu\/wp-json\/wp\/v2\/media?parent=10651"}],"wp:term":[{"taxonomy":"product_brand","embeddable":true,"href":"https:\/\/boreait.com\/hu\/wp-json\/wp\/v2\/product_brand?post=10651"},{"taxonomy":"product_cat","embeddable":true,"href":"https:\/\/boreait.com\/hu\/wp-json\/wp\/v2\/product_cat?post=10651"},{"taxonomy":"product_tag","embeddable":true,"href":"https:\/\/boreait.com\/hu\/wp-json\/wp\/v2\/product_tag?post=10651"}],"curies":[{"name":"wp","href":"https:\/\/api.w.org\/{rel}","templated":true}]}}