{"id":10650,"date":"2025-09-17T12:58:19","date_gmt":"2025-09-17T10:58:19","guid":{"rendered":"https:\/\/boreait.com\/hu\/?post_type=product&#038;p=10650"},"modified":"2025-09-17T12:58:45","modified_gmt":"2025-09-17T10:58:45","slug":"lcd-kijelzo-asus-vivobook-x705ma-x705mb-x705qa-173-hd-30-tus-uj","status":"publish","type":"product","link":"https:\/\/boreait.com\/hu\/termek\/lcd-kijelzo-asus-vivobook-x705ma-x705mb-x705qa-173-hd-30-tus-uj\/","title":{"rendered":"LCD kijelz\u0151 ASUS VIVOBOOK X705MA X705MB X705QA 17,3&#8243; HD+ 30 t\u0171s \u00faj"},"content":{"rendered":"<p><strong>T\u00e9nyleges LCD-k\u00e9perny\u0151s modell: NT173WDM-N27 \u2013 TELJESEN KOMPATIBILIS A LAPTOP K\u00c9PERNY\u0150J\u00c9VEL ASUS VIVOBOOK X705MA X705MB X705QA \u2013 \u00e9rint\u00e9smentes<\/strong><\/p>\n<p>Friss\u00edtse ASUS VIVOBOOK-j\u00e1t ezzel a kiv\u00e1l\u00f3 min\u0151s\u00e9g\u0171, 17,3 h\u00fcvelykes LCD-k\u00e9perny\u0151vel, amely kompatibilis az X705MA, X705MB \u00e9s X705QA modellekkel. Ez a kijelz\u0151 1600&#215;900 HD+ felbont\u00e1ssal rendelkezik, amely \u00e9les \u00e9s tiszta k\u00e9pet biztos\u00edt minden sz\u00e1m\u00edt\u00e1stechnikai ig\u00e9ny\u00e9hez. A matt fel\u00fclet cs\u00f6kkenti a t\u00fckr\u00f6z\u0151d\u00e9st, mik\u00f6zben ide\u00e1lis f\u00e9nyviszonyokat 3 vagy 0 csatlakoztat. biztons\u00e1gos kapcsolatot biztos\u00edt laptopj\u00e1val.<\/p>\n<p>Ezt a k\u00e9perny\u0151t nem \u00e9rint\u0151k\u00e9perny\u0151nek tervezt\u00e9k, \u00e9s t\u00f6k\u00e9letes azoknak a felhaszn\u00e1l\u00f3knak, akik a hagyom\u00e1nyos laptop \u00e9lm\u00e9nyt r\u00e9szes\u00edtik el\u0151nyben. A k\u00e9perny\u0151 fels\u0151 \u00e9s als\u00f3 konzolokkal is rendelkezik az egyszer\u0171 telep\u00edt\u00e9s \u00e9rdek\u00e9ben, lehet\u0151v\u00e9 t\u00e9ve a r\u00e9gi vagy s\u00e9r\u00fclt kijelz\u0151 cser\u00e9j\u00e9t minim\u00e1lis gonddal. Ez a vadonat\u00faj LCD-k\u00e9perny\u0151 garant\u00e1lja, hogy hib\u00e1tlan term\u00e9ket kap, amely jav\u00edtja laptopja teljes\u00edtm\u00e9ny\u00e9t.<\/p>\n","protected":false},"excerpt":{"rendered":"<p>Cser\u00e9lje le laptopja kijelz\u0151j\u00e9t erre az \u00faj 17,3&#8243;-es LCD-k\u00e9perny\u0151re az ASUS VIVOBOOK X705MA, X705MB \u00e9s X705QA sz\u00e1m\u00e1ra. 1600&#215;900 HD+ felbont\u00e1ssal, matt fel\u00fclettel \u00e9s 30 t\u0171s eDP-csatlakoz\u00e1ssal ez a nem \u00e9rint\u0151k\u00e9perny\u0151 megb\u00edzhat\u00f3 teljes\u00edtm\u00e9nyt ny\u00fajt. Fels\u0151 \u00e9s als\u00f3 konzolokkal.<\/p>\n","protected":false},"featured_media":10665,"template":"","meta":[],"product_brand":[],"product_cat":[72,71],"product_tag":[],"class_list":{"0":"post-10650","1":"product","2":"type-product","3":"status-publish","4":"has-post-thumbnail","6":"product_cat-17-3","7":"product_cat-new-laptop-screens-lcd-panels","9":"first","10":"instock","11":"taxable","12":"shipping-taxable","13":"purchasable","14":"product-type-simple"},"_links":{"self":[{"href":"https:\/\/boreait.com\/hu\/wp-json\/wp\/v2\/product\/10650","targetHints":{"allow":["GET"]}}],"collection":[{"href":"https:\/\/boreait.com\/hu\/wp-json\/wp\/v2\/product"}],"about":[{"href":"https:\/\/boreait.com\/hu\/wp-json\/wp\/v2\/types\/product"}],"wp:featuredmedia":[{"embeddable":true,"href":"https:\/\/boreait.com\/hu\/wp-json\/wp\/v2\/media\/10665"}],"wp:attachment":[{"href":"https:\/\/boreait.com\/hu\/wp-json\/wp\/v2\/media?parent=10650"}],"wp:term":[{"taxonomy":"product_brand","embeddable":true,"href":"https:\/\/boreait.com\/hu\/wp-json\/wp\/v2\/product_brand?post=10650"},{"taxonomy":"product_cat","embeddable":true,"href":"https:\/\/boreait.com\/hu\/wp-json\/wp\/v2\/product_cat?post=10650"},{"taxonomy":"product_tag","embeddable":true,"href":"https:\/\/boreait.com\/hu\/wp-json\/wp\/v2\/product_tag?post=10650"}],"curies":[{"name":"wp","href":"https:\/\/api.w.org\/{rel}","templated":true}]}}