{"id":10649,"date":"2025-09-17T12:58:19","date_gmt":"2025-09-17T10:58:19","guid":{"rendered":"https:\/\/boreait.com\/hu\/?post_type=product&#038;p=10649"},"modified":"2025-09-17T12:58:45","modified_gmt":"2025-09-17T10:58:45","slug":"173-lcd-kepernyo-lenovo-ideapad-l340-17api-30-pin-hd-uj","status":"publish","type":"product","link":"https:\/\/boreait.com\/hu\/termek\/173-lcd-kepernyo-lenovo-ideapad-l340-17api-30-pin-hd-uj\/","title":{"rendered":"17,3&#8243; LCD k\u00e9perny\u0151 Lenovo IDEAPAD L340-17API 30 Pin HD+ \u00faj"},"content":{"rendered":"<p><strong>T\u00e9nyleges LCD-k\u00e9perny\u0151s modell: NT173WDM-N27 \u2013 TELJESEN KOMPATIBILIS A LAPTOP K\u00c9PERNY\u0150J\u00c9VEL Lenovo IDEAPAD L340-L340-17API 7IRH 17IWL 17,3&#8243; &#8211; \u00e9rint\u00e9smentes<\/strong><\/p>\n<p>Fokozza a Lenovo laptopok \u00e9lm\u00e9ny\u00e9t ezzel a kiv\u00e1l\u00f3 min\u0151s\u00e9g\u0171 17,3&#8243;-es LCD-k\u00e9perny\u0151vel, amelyet kifejezetten az IDEAPAD L340-17API 7IRH 17IWL modellekhez terveztek. Ez a kijelz\u0151 1600&#215;900 HD+ felbont\u00e1ssal rendelkezik, amely \u00e9les \u00e9s tiszta k\u00e9pet biztos\u00edt minden sz\u00e1m\u00edt\u00e1stechnikai ig\u00e9ny\u00e9hez. A matt fel\u00fclet seg\u00edt cs\u00f6kkenteni a vak\u00edt\u00f3 f\u00e9nyviszonyokat.<\/p>\n<p>A 30 t\u0171s csatlakoz\u00f3val felszerelt \u00e9s LED-technol\u00f3gi\u00e1t haszn\u00e1l\u00f3 k\u00e9perny\u0151 f\u00e9nyes \u00e9s energiahat\u00e9kony teljes\u00edtm\u00e9nyt biztos\u00edt. B\u00e1r nem IPS panelr\u0151l van sz\u00f3, m\u00e9gis \u00e9l\u00e9nk sz\u00edneket \u00e9s megb\u00edzhat\u00f3 teljes\u00edtm\u00e9nyt biztos\u00edt a mindennapi feladatokhoz, mint p\u00e9ld\u00e1ul a b\u00f6ng\u00e9sz\u00e9s, a streamel\u00e9s \u00e9s a termel\u00e9kenys\u00e9gi munka.<\/p>\n<p>Ez az LCD-k\u00e9perny\u0151 fels\u0151 \u00e9s als\u00f3 tart\u00f3kkal rendelkezik az egyszer\u0171 telep\u00edt\u00e9s \u00e9rdek\u00e9ben, \u00edgy k\u00f6nnyed\u00e9n kicser\u00e9lheti s\u00e9r\u00fclt vagy elavult kijelz\u0151j\u00e9t. Biztos lehet benne, hogy ez a term\u00e9k vadonat\u00faj, hib\u00e1tlan, k\u00e9szen \u00e1ll arra, hogy laptopja teljes potenci\u00e1lj\u00e1t vissza\u00e1ll\u00edtsa.<\/p>\n","protected":false},"excerpt":{"rendered":"<p>B\u0151v\u00edtse Lenovo laptopj\u00e1t ezzel a 17,3 h\u00fcvelykes LCD-k\u00e9perny\u0151vel, amely kompatibilis az IDEAPAD L340-17API 7IRH 17IWL modellekkel. 30 t\u0171s csatlakoz\u00e1ssal, 1600&#215;900 HD+ felbont\u00e1ssal \u00e9s matt fel\u00fclettel, ez a LED-kijelz\u0151 \u00e9l\u00e9nk l\u00e1tv\u00e1nyt ny\u00fajt. \u00c1llapot: \u00daj.<\/p>\n","protected":false},"featured_media":10665,"template":"","meta":[],"product_brand":[],"product_cat":[72,71],"product_tag":[],"class_list":{"0":"post-10649","1":"product","2":"type-product","3":"status-publish","4":"has-post-thumbnail","6":"product_cat-17-3","7":"product_cat-new-laptop-screens-lcd-panels","9":"first","10":"instock","11":"taxable","12":"shipping-taxable","13":"purchasable","14":"product-type-simple"},"_links":{"self":[{"href":"https:\/\/boreait.com\/hu\/wp-json\/wp\/v2\/product\/10649","targetHints":{"allow":["GET"]}}],"collection":[{"href":"https:\/\/boreait.com\/hu\/wp-json\/wp\/v2\/product"}],"about":[{"href":"https:\/\/boreait.com\/hu\/wp-json\/wp\/v2\/types\/product"}],"wp:featuredmedia":[{"embeddable":true,"href":"https:\/\/boreait.com\/hu\/wp-json\/wp\/v2\/media\/10665"}],"wp:attachment":[{"href":"https:\/\/boreait.com\/hu\/wp-json\/wp\/v2\/media?parent=10649"}],"wp:term":[{"taxonomy":"product_brand","embeddable":true,"href":"https:\/\/boreait.com\/hu\/wp-json\/wp\/v2\/product_brand?post=10649"},{"taxonomy":"product_cat","embeddable":true,"href":"https:\/\/boreait.com\/hu\/wp-json\/wp\/v2\/product_cat?post=10649"},{"taxonomy":"product_tag","embeddable":true,"href":"https:\/\/boreait.com\/hu\/wp-json\/wp\/v2\/product_tag?post=10649"}],"curies":[{"name":"wp","href":"https:\/\/api.w.org\/{rel}","templated":true}]}}