{"id":10647,"date":"2025-09-17T12:58:19","date_gmt":"2025-09-17T10:58:19","guid":{"rendered":"https:\/\/boreait.com\/hu\/?post_type=product&#038;p=10647"},"modified":"2025-09-17T12:58:40","modified_gmt":"2025-09-17T10:58:40","slug":"lcd-kepernyo-dell-inspiron-17-3793-173-1600x900-hd-30-tus-uj","status":"publish","type":"product","link":"https:\/\/boreait.com\/hu\/termek\/lcd-kepernyo-dell-inspiron-17-3793-173-1600x900-hd-30-tus-uj\/","title":{"rendered":"LCD k\u00e9perny\u0151 Dell Inspiron 17 3793 17,3&#8243; 1600&#215;900 HD+ 30 t\u0171s \u00faj"},"content":{"rendered":"<p><strong>T\u00e9nyleges LCD-kijelz\u0151s modell: NT173WDM-N27 \u2013 TELJESEN KOMPATIBILIS A LAPTOP K\u00c9PERNY\u0150J\u00c9VEL Dell Inspiron 17 3793 \u2013 \u00e9rint\u00e9smentes<\/strong><\/p>\n<p>Friss\u00edtse Dell Inspiron 17 3793 \u00e9rint\u00e9smentes laptopj\u00e1t ezzel a kiv\u00e1l\u00f3 min\u0151s\u00e9g\u0171 17,3 h\u00fcvelykes LCD-k\u00e9perny\u0151vel. A kifejezetten az \u00d6n eszk\u00f6z\u00e9hez tervezett kijelz\u0151 30 t\u0171s csatlakoz\u00f3val \u00e9s 1600&#215;900 HD+ felbont\u00e1ssal rendelkezik, amely tiszta \u00e9s \u00e9l\u00e9nk vizu\u00e1lis \u00e9lm\u00e9nyt biztos\u00edt. A matt fel\u00fclet minimaliz\u00e1lja a t\u00fckr\u00f6z\u0151d\u00e9st, \u00edgy alkalmas a k\u00fcl\u00f6nf\u00e9le f\u00e9nyviszonyokra.<\/p>\n<p>Ez a LED-es h\u00e1tt\u00e9rvil\u00e1g\u00edt\u00e1s\u00fa panel egy nem IPS-kijelz\u0151, amely megb\u00edzhat\u00f3 teljes\u00edtm\u00e9nyt ny\u00fajt a mindennapi feladatokhoz, mint p\u00e9ld\u00e1ul a b\u00f6ng\u00e9sz\u00e9s, a munkav\u00e9gz\u00e9s \u00e9s a m\u00e9diafogyaszt\u00e1s. A k\u00e9perny\u0151 fels\u0151 \u00e9s als\u00f3 tart\u00f3kkal rendelkezik, \u00edgy a telep\u00edt\u00e9s egyszer\u0171 \u00e9s probl\u00e9mamentes.<\/p>\n<p>\u00c1llapot: \u00daj. Gy\u0151z\u0151dj\u00f6n meg arr\u00f3l, hogy laptopja j\u00f3l n\u00e9z ki \u00e9s a legjobb teljes\u00edtm\u00e9nyt ny\u00fajtja ezzel a pr\u00e9mium cserek\u00e9perny\u0151vel, amelyet a k\u00f6nny\u0171 kompatibilit\u00e1s \u00e9s a tart\u00f3s tart\u00f3ss\u00e1g \u00e9rdek\u00e9ben terveztek.<\/p>\n","protected":false},"excerpt":{"rendered":"<p>Cser\u00e9lje ki Dell Inspiron 17 3793 laptopja k\u00e9perny\u0151j\u00e9t erre az \u00faj, 17,3 h\u00fcvelykes LCD-kijelz\u0151re. A 30 t\u0171s csatlakoz\u00e1ssal, 1600&#215;900 HD+ felbont\u00e1ssal \u00e9s matt fel\u00fclettel megb\u00edzhat\u00f3 teljes\u00edtm\u00e9nyt ny\u00fajt. Fels\u0151 \u00e9s als\u00f3 tart\u00f3konzollal rendelkezik az egyszer\u0171 telep\u00edt\u00e9s \u00e9rdek\u00e9ben.<\/p>\n","protected":false},"featured_media":10665,"template":"","meta":[],"product_brand":[],"product_cat":[72,71],"product_tag":[],"class_list":{"0":"post-10647","1":"product","2":"type-product","3":"status-publish","4":"has-post-thumbnail","6":"product_cat-17-3","7":"product_cat-new-laptop-screens-lcd-panels","9":"first","10":"instock","11":"taxable","12":"shipping-taxable","13":"purchasable","14":"product-type-simple"},"_links":{"self":[{"href":"https:\/\/boreait.com\/hu\/wp-json\/wp\/v2\/product\/10647","targetHints":{"allow":["GET"]}}],"collection":[{"href":"https:\/\/boreait.com\/hu\/wp-json\/wp\/v2\/product"}],"about":[{"href":"https:\/\/boreait.com\/hu\/wp-json\/wp\/v2\/types\/product"}],"wp:featuredmedia":[{"embeddable":true,"href":"https:\/\/boreait.com\/hu\/wp-json\/wp\/v2\/media\/10665"}],"wp:attachment":[{"href":"https:\/\/boreait.com\/hu\/wp-json\/wp\/v2\/media?parent=10647"}],"wp:term":[{"taxonomy":"product_brand","embeddable":true,"href":"https:\/\/boreait.com\/hu\/wp-json\/wp\/v2\/product_brand?post=10647"},{"taxonomy":"product_cat","embeddable":true,"href":"https:\/\/boreait.com\/hu\/wp-json\/wp\/v2\/product_cat?post=10647"},{"taxonomy":"product_tag","embeddable":true,"href":"https:\/\/boreait.com\/hu\/wp-json\/wp\/v2\/product_tag?post=10647"}],"curies":[{"name":"wp","href":"https:\/\/api.w.org\/{rel}","templated":true}]}}