{"id":10646,"date":"2025-09-17T12:58:18","date_gmt":"2025-09-17T10:58:18","guid":{"rendered":"https:\/\/boreait.com\/hu\/?post_type=product&#038;p=10646"},"modified":"2025-09-17T12:58:39","modified_gmt":"2025-09-17T10:58:39","slug":"hp-470-g7-173-lcd-kepernyo-1600x900-hd-30-tus-matt-led-uj","status":"publish","type":"product","link":"https:\/\/boreait.com\/hu\/termek\/hp-470-g7-173-lcd-kepernyo-1600x900-hd-30-tus-matt-led-uj\/","title":{"rendered":"HP 470 G7 17,3&#8243; LCD k\u00e9perny\u0151 1600&#215;900 HD+ 30 t\u0171s matt LED \u00daj"},"content":{"rendered":"<p><strong>T\u00e9nyleges LCD-kijelz\u0151s modell: NT173WDM-N27 \u2013 TELJESEN KOMPATIBILIS A LAPTOP K\u00c9PERNY\u0150J\u00c9VEL A HP 470 G7 laptopokhoz \u2013 \u00e9rint\u00e9smentes<\/strong><\/p>\n<p>Jav\u00edtsa ki HP 470 G7 laptopja kijelz\u0151j\u00e9t ezzel a kiv\u00e1l\u00f3 min\u0151s\u00e9g\u0171 17,3 h\u00fcvelykes LCD-k\u00e9perny\u0151vel. A kifejezetten \u00e9rint\u00e9s n\u00e9lk\u00fcli modellekhez tervezett k\u00e9perny\u0151 1600&#215;900 HD+ felbont\u00e1st k\u00edn\u00e1l, \u00edgy \u00e9les \u00e9s \u00e9l\u00e9nk k\u00e9peket biztos\u00edt minden sz\u00e1m\u00edt\u00e1stechnikai ig\u00e9ny\u00e9hez. A matt fel\u00fclet cs\u00f6kkenti a t\u00fckr\u00f6z\u0151d\u00e9st, \u00edgy ide\u00e1lis k\u00fcl\u00f6nf\u00e9le f\u00e9nyviszonyok k\u00f6z\u00f6tt t\u00f6rt\u00e9n\u0151 haszn\u00e1latra.<\/p>\n<p>Ez az LCD-k\u00e9perny\u0151 30 t\u0171s csatlakoz\u00f3val van felszerelve, \u00e9s LED-es h\u00e1tt\u00e9rvil\u00e1g\u00edt\u00e1ssal rendelkezik, amely biztos\u00edtja az energiahat\u00e9konys\u00e1got \u00e9s a vil\u00e1gos, egyenletes megvil\u00e1g\u00edt\u00e1st. K\u00e9rj\u00fck, vegye figyelembe, hogy ez a k\u00e9perny\u0151 nem IPS, ami befoly\u00e1solhatja a sz\u00ednek pontoss\u00e1g\u00e1t \u00e9s a betekint\u00e9si sz\u00f6geket az IPS kijelz\u0151kh\u00f6z k\u00e9pest, de tov\u00e1bbra is kiv\u00e1l\u00f3 teljes\u00edtm\u00e9nyt ny\u00fajt a mindennapi feladatokhoz.<\/p>\n<p>A csomag fels\u0151 \u00e9s als\u00f3 konzolokat tartalmaz, amelyek egyszer\u0171v\u00e9 \u00e9s k\u00e9nyelmess\u00e9 teszik a telep\u00edt\u00e9st. Ak\u00e1r egy s\u00e9r\u00fclt k\u00e9perny\u0151t cser\u00e9l, ak\u00e1r laptopj\u00e1t friss\u00edti, ez az \u00faj LCD-k\u00e9perny\u0151 t\u00f6k\u00e9letes v\u00e1laszt\u00e1s a funkcionalit\u00e1s helyre\u00e1ll\u00edt\u00e1s\u00e1hoz \u00e9s a megtekint\u00e9si \u00e9lm\u00e9ny fokoz\u00e1s\u00e1hoz.<\/p>\n","protected":false},"excerpt":{"rendered":"<p>Friss\u00edtse HP 470 G7 laptopj\u00e1t ezzel az \u00faj, 17,3 h\u00fcvelykes LCD-k\u00e9perny\u0151vel. A 30 t\u0171s csatlakoz\u00f3val, matt fel\u00fclettel \u00e9s HD+ felbont\u00e1ssal (1600&#215;900) tiszta \u00e9s \u00e9l\u00e9nk l\u00e1tv\u00e1nyt biztos\u00edt. Fels\u0151 \u00e9s als\u00f3 konzolokkal is rendelkezik az egyszer\u0171 telep\u00edt\u00e9s \u00e9rdek\u00e9ben.<\/p>\n","protected":false},"featured_media":10665,"template":"","meta":[],"product_brand":[],"product_cat":[72,71],"product_tag":[],"class_list":{"0":"post-10646","1":"product","2":"type-product","3":"status-publish","4":"has-post-thumbnail","6":"product_cat-17-3","7":"product_cat-new-laptop-screens-lcd-panels","9":"first","10":"instock","11":"taxable","12":"shipping-taxable","13":"purchasable","14":"product-type-simple"},"_links":{"self":[{"href":"https:\/\/boreait.com\/hu\/wp-json\/wp\/v2\/product\/10646","targetHints":{"allow":["GET"]}}],"collection":[{"href":"https:\/\/boreait.com\/hu\/wp-json\/wp\/v2\/product"}],"about":[{"href":"https:\/\/boreait.com\/hu\/wp-json\/wp\/v2\/types\/product"}],"wp:featuredmedia":[{"embeddable":true,"href":"https:\/\/boreait.com\/hu\/wp-json\/wp\/v2\/media\/10665"}],"wp:attachment":[{"href":"https:\/\/boreait.com\/hu\/wp-json\/wp\/v2\/media?parent=10646"}],"wp:term":[{"taxonomy":"product_brand","embeddable":true,"href":"https:\/\/boreait.com\/hu\/wp-json\/wp\/v2\/product_brand?post=10646"},{"taxonomy":"product_cat","embeddable":true,"href":"https:\/\/boreait.com\/hu\/wp-json\/wp\/v2\/product_cat?post=10646"},{"taxonomy":"product_tag","embeddable":true,"href":"https:\/\/boreait.com\/hu\/wp-json\/wp\/v2\/product_tag?post=10646"}],"curies":[{"name":"wp","href":"https:\/\/api.w.org\/{rel}","templated":true}]}}