{"id":10645,"date":"2025-09-17T12:58:18","date_gmt":"2025-09-17T10:58:18","guid":{"rendered":"https:\/\/boreait.com\/hu\/?post_type=product&#038;p=10645"},"modified":"2025-09-17T12:58:39","modified_gmt":"2025-09-17T10:58:39","slug":"hp-pavilion-17-y-series-173-hd-matt-lcd-kepernyo-30-tus-tartokkal-uj","status":"publish","type":"product","link":"https:\/\/boreait.com\/hu\/termek\/hp-pavilion-17-y-series-173-hd-matt-lcd-kepernyo-30-tus-tartokkal-uj\/","title":{"rendered":"HP Pavilion 17-Y Series 17,3&#8243; HD+ matt LCD k\u00e9perny\u0151 30 t\u0171s tart\u00f3kkal \u00daj"},"content":{"rendered":"<p><strong>T\u00e9nyleges LCD-k\u00e9perny\u0151s modell: NT173WDM-N27 \u2013 TELJESEN KOMPATIBILIS A LAPTOP K\u00c9PERNY\u0150J\u00c9VEL A HP Pavilion 17-Y SOROZAT \u2013 \u00e9rint\u00e9smentes<\/strong><\/p>\n<p>Ez a 17,3 h\u00fcvelykes HD+ LCD-k\u00e9perny\u0151 t\u00f6k\u00e9letesen helyettes\u00edti a HP Pavilion 17-Y sorozat\u00fa laptopokat, tiszta \u00e9s \u00e9les k\u00e9pet k\u00edn\u00e1l 1600&#215;900-as felbont\u00e1ssal. A k\u00e9perny\u0151 matt fel\u00fclettel rendelkezik, amely cs\u00f6kkenti a t\u00fckr\u00f6z\u0151d\u00e9st, \u00edgy k\u00e9nyelmesen haszn\u00e1lhat\u00f3 k\u00fcl\u00f6nf\u00e9le megvil\u00e1g\u00edt\u00e1si k\u00f6r\u00fclm\u00e9nyek k\u00f6z\u00f6tt. LED-es h\u00e1tt\u00e9rvil\u00e1g\u00edt\u00e1ssal \u00e9s eDP-kapcsolattal felszerelt, hat\u00e9kony 30 t\u0171s energiafogyaszt\u00e1s mellett.<\/p>\n<p>Az egyszer\u0171 telep\u00edt\u00e9s \u00e9rdek\u00e9ben ez a k\u00e9perny\u0151 fels\u0151 \u00e9s als\u00f3 konzollal is rendelkezik, \u00edgy egyszer\u0171 friss\u00edt\u00e9st k\u00edn\u00e1l eszk\u00f6z\u00e9hez. K\u00e9rj\u00fck, vegye figyelembe, hogy ez egy \u00e9rint\u00e9smentes \u00e9s nem IPS k\u00e9perny\u0151, amely megb\u00edzhat\u00f3 teljes\u00edtm\u00e9nyt ny\u00fajt nagy \u00e9rt\u00e9k mellett.<\/p>\n<p>Ak\u00e1r egy s\u00e9r\u00fclt k\u00e9perny\u0151t cser\u00e9l, ak\u00e1r friss\u00edteni szeretn\u00e9 a kijelz\u0151t, ez az \u00faj k\u00e9perny\u0151 megb\u00edzhat\u00f3 min\u0151s\u00e9get \u00e9s tisztas\u00e1got k\u00edn\u00e1l a HP Pavilion 17-Y sorozathoz szabva.<\/p>\n","protected":false},"excerpt":{"rendered":"<p>Cser\u00e9lje le HP Pavilion 17-Y sorozat\u00fa laptopja k\u00e9perny\u0151j\u00e9t erre a 17,3 h\u00fcvelykes HD+ matt LCD-k\u00e9perny\u0151re. 1600&#215;900-as felbont\u00e1ssal, eDP 30 t\u0171s csatlakoz\u00e1ssal \u00e9s nem IPS LED-kijelz\u0151vel, valamint fels\u0151 \u00e9s als\u00f3 tart\u00f3kkal az egyszer\u0171 telep\u00edt\u00e9s \u00e9rdek\u00e9ben. \u00c1llapot: \u00daj.<\/p>\n","protected":false},"featured_media":10665,"template":"","meta":[],"product_brand":[],"product_cat":[72,71],"product_tag":[],"class_list":{"0":"post-10645","1":"product","2":"type-product","3":"status-publish","4":"has-post-thumbnail","6":"product_cat-17-3","7":"product_cat-new-laptop-screens-lcd-panels","9":"first","10":"instock","11":"taxable","12":"shipping-taxable","13":"purchasable","14":"product-type-simple"},"_links":{"self":[{"href":"https:\/\/boreait.com\/hu\/wp-json\/wp\/v2\/product\/10645","targetHints":{"allow":["GET"]}}],"collection":[{"href":"https:\/\/boreait.com\/hu\/wp-json\/wp\/v2\/product"}],"about":[{"href":"https:\/\/boreait.com\/hu\/wp-json\/wp\/v2\/types\/product"}],"wp:featuredmedia":[{"embeddable":true,"href":"https:\/\/boreait.com\/hu\/wp-json\/wp\/v2\/media\/10665"}],"wp:attachment":[{"href":"https:\/\/boreait.com\/hu\/wp-json\/wp\/v2\/media?parent=10645"}],"wp:term":[{"taxonomy":"product_brand","embeddable":true,"href":"https:\/\/boreait.com\/hu\/wp-json\/wp\/v2\/product_brand?post=10645"},{"taxonomy":"product_cat","embeddable":true,"href":"https:\/\/boreait.com\/hu\/wp-json\/wp\/v2\/product_cat?post=10645"},{"taxonomy":"product_tag","embeddable":true,"href":"https:\/\/boreait.com\/hu\/wp-json\/wp\/v2\/product_tag?post=10645"}],"curies":[{"name":"wp","href":"https:\/\/api.w.org\/{rel}","templated":true}]}}