{"id":10644,"date":"2025-09-17T12:58:18","date_gmt":"2025-09-17T10:58:18","guid":{"rendered":"https:\/\/boreait.com\/hu\/?post_type=product&#038;p=10644"},"modified":"2025-09-17T12:58:39","modified_gmt":"2025-09-17T10:58:39","slug":"hp-pavilion-17-x-lcd-kepernyo-173-hd-1600x900-matt-led-30-tus-tartokkal-uj","status":"publish","type":"product","link":"https:\/\/boreait.com\/hu\/termek\/hp-pavilion-17-x-lcd-kepernyo-173-hd-1600x900-matt-led-30-tus-tartokkal-uj\/","title":{"rendered":"HP Pavilion 17-X LCD k\u00e9perny\u0151 17,3&#8243; HD+ 1600&#215;900 matt LED 30 t\u0171s tart\u00f3kkal \u00daj"},"content":{"rendered":"<p><strong>T\u00e9nyleges LCD-k\u00e9perny\u0151s modell: NT173WDM-N27 \u2013 TELJESEN KOMPATIBILIS A LAPTOP K\u00c9PERNY\u0150J\u00c9VEL A HP Pavilion 17-X SERIES \u2013 \u00e9rint\u00e9smentes<\/strong><\/p>\n<p>Fokozza HP Pavilion 17-X sorozat\u00fa laptopja kijelz\u0151j\u00e9t ezzel a kiv\u00e1l\u00f3 min\u0151s\u00e9g\u0171 17,3 h\u00fcvelykes LCD-k\u00e9perny\u0151vel. A t\u00f6k\u00e9letes illeszked\u00e9sre k\u00e9sz\u00fclt, \u00e9rint\u00e9smentes k\u00e9perny\u0151 1600&#215;900 HD+ felbont\u00e1ssal rendelkezik, amely tiszta \u00e9s \u00e9les megtekint\u00e9si \u00e9lm\u00e9nyt biztos\u00edt, ide\u00e1lis a munk\u00e1hoz \u00e9s a sz\u00f3rakoz\u00e1shoz. Matt fel\u00fclete cs\u00f6kkenti a t\u00fckr\u00f6z\u0151d\u00e9st, \u00edgy a f\u00e9nyes LED-h\u00e1tt\u00e9r m\u00e9g \u00e9l\u00e9nkebb\u00e9 teszi a f\u00e9nyt, \u00e9s m\u00e9g a f\u00e9nyes h\u00e1tt\u00e9rvil\u00e1g\u00edt\u00e1st is biztos\u00edtja.<\/p>\n<p>A 30 t\u0171s eDP-csatlakoz\u00e1s biztons\u00e1gos csatlakoz\u00e1st biztos\u00edt laptopj\u00e1hoz, a k\u00e9perny\u0151n pedig fels\u0151 \u00e9s als\u00f3 tart\u00f3elemek tal\u00e1lhat\u00f3k a k\u00e9nyelmes telep\u00edt\u00e9s \u00e9rdek\u00e9ben. Ez a nem IPS-kijelz\u0151 szil\u00e1rd teljes\u00edtm\u00e9nyt ny\u00fajt, \u00e9s t\u00f6k\u00e9letes a s\u00e9r\u00fclt k\u00e9perny\u0151k cser\u00e9j\u00e9hez vagy a megtekint\u00e9si \u00e9lm\u00e9ny jav\u00edt\u00e1s\u00e1hoz.<\/p>\n<p>K\u00e9rj\u00fck, vegye figyelembe, hogy ezt a k\u00e9perny\u0151t kifejezetten nem \u00e9rint\u0151k\u00e9perny\u0151s HP Pavilion 17-X sorozat\u00fa laptopokhoz tervezt\u00e9k. Vadonat \u00faj \u00e9s a dobozb\u00f3l azonnal haszn\u00e1latra k\u00e9sz.<\/p>\n","protected":false},"excerpt":{"rendered":"<p>Friss\u00edtse HP Pavilion 17-X sorozat\u00fa laptopj\u00e1t 17,3&#8243; HD+ LCD-k\u00e9perny\u0151vel. A matt, \u00e9rint\u00e9smentes fel\u00fclettel, LED-es h\u00e1tt\u00e9rvil\u00e1g\u00edt\u00e1ssal \u00e9s 1600&#215;900-as felbont\u00e1ssal ez a k\u00e9perny\u0151 tiszta l\u00e1tv\u00e1nyt ny\u00fajt. Fels\u0151 \u00e9s als\u00f3 tart\u00f3konzolja az egyszer\u0171 telep\u00edt\u00e9s \u00e9rdek\u00e9ben. \u00c1llapot: \u00daj.<\/p>\n","protected":false},"featured_media":10665,"template":"","meta":[],"product_brand":[],"product_cat":[72,71],"product_tag":[],"class_list":{"0":"post-10644","1":"product","2":"type-product","3":"status-publish","4":"has-post-thumbnail","6":"product_cat-17-3","7":"product_cat-new-laptop-screens-lcd-panels","9":"first","10":"instock","11":"taxable","12":"shipping-taxable","13":"purchasable","14":"product-type-simple"},"_links":{"self":[{"href":"https:\/\/boreait.com\/hu\/wp-json\/wp\/v2\/product\/10644","targetHints":{"allow":["GET"]}}],"collection":[{"href":"https:\/\/boreait.com\/hu\/wp-json\/wp\/v2\/product"}],"about":[{"href":"https:\/\/boreait.com\/hu\/wp-json\/wp\/v2\/types\/product"}],"wp:featuredmedia":[{"embeddable":true,"href":"https:\/\/boreait.com\/hu\/wp-json\/wp\/v2\/media\/10665"}],"wp:attachment":[{"href":"https:\/\/boreait.com\/hu\/wp-json\/wp\/v2\/media?parent=10644"}],"wp:term":[{"taxonomy":"product_brand","embeddable":true,"href":"https:\/\/boreait.com\/hu\/wp-json\/wp\/v2\/product_brand?post=10644"},{"taxonomy":"product_cat","embeddable":true,"href":"https:\/\/boreait.com\/hu\/wp-json\/wp\/v2\/product_cat?post=10644"},{"taxonomy":"product_tag","embeddable":true,"href":"https:\/\/boreait.com\/hu\/wp-json\/wp\/v2\/product_tag?post=10644"}],"curies":[{"name":"wp","href":"https:\/\/api.w.org\/{rel}","templated":true}]}}