{"id":10643,"date":"2025-09-17T12:58:18","date_gmt":"2025-09-17T10:58:18","guid":{"rendered":"https:\/\/boreait.com\/hu\/?post_type=product&#038;p=10643"},"modified":"2025-09-17T12:58:39","modified_gmt":"2025-09-17T10:58:39","slug":"hp-17-ca-sorozatu-lcd-kepernyo-173-hd-1600x900-matt-30-tus-uj-tartokkal","status":"publish","type":"product","link":"https:\/\/boreait.com\/hu\/termek\/hp-17-ca-sorozatu-lcd-kepernyo-173-hd-1600x900-matt-30-tus-uj-tartokkal\/","title":{"rendered":"HP 17-CA sorozat\u00fa LCD-k\u00e9perny\u0151 17,3&#8243; HD+ 1600&#215;900 matt, 30 t\u0171s, \u00faj, tart\u00f3kkal"},"content":{"rendered":"<p><strong>T\u00e9nyleges LCD-k\u00e9perny\u0151s modell: NT173WDM-N27 \u2013 TELJESEN KOMPATIBILIS A LAPTOP K\u00c9PERNY\u0150J\u00c9VEL A HP 17-CA sorozat\u00fa laptopokhoz \u2013 \u00e9rint\u00e9smentes<\/strong><\/p>\n<p>Fokozza a laptop \u00e9lm\u00e9ny\u00e9t ezzel az \u00faj LCD-k\u00e9perny\u0151vel, amelyet kifejezetten a HP 17-CA sorozat\u00fa laptopokhoz terveztek. Ez a 17,3 h\u00fcvelykes HD+ (1600&#215;900) \u00e9rint\u00e9smentes kijelz\u0151 nagy felbont\u00e1s\u00fa tisztas\u00e1got k\u00edn\u00e1l, \u00edgy ide\u00e1lis munk\u00e1hoz \u00e9s sz\u00f3rakoz\u00e1shoz egyar\u00e1nt. A matt fel\u00fcletnek k\u00f6sz\u00f6nhet\u0151en a k\u00e9perny\u0151 cs\u00f6kkenti a t\u00fckr\u00f6z\u0151d\u00e9st, \u00edgy m\u00e9g vil\u00e1gos be\u00e1ll\u00edt\u00e1sok mellett is k\u00e9nyelmes megjelen\u00edt\u00e9st biztos\u00edt. A LED-es h\u00e1tt\u00e9rvil\u00e1g\u00edt\u00e1s \u00e9l\u00e9nk f\u00e9nyer\u0151t biztos\u00edt, a nem IPS-konfigur\u00e1ci\u00f3 pedig k\u00f6lts\u00e9ghat\u00e9kony megold\u00e1st k\u00edn\u00e1l a megjelen\u00edt\u00e9si ig\u00e9nyeire.<\/p>\n<p>Ez az LCD-panel fels\u0151 \u00e9s als\u00f3 konzolokkal van felszerelve, \u00edgy k\u00f6nnyen felszerelhet\u0151 \u00e9s telep\u00edthet\u0151. 30 t\u0171s eDP-csatlakoz\u00f3ja biztos\u00edtja a kompatibilit\u00e1st a HP 17-CA sorozat\u00fa modellekkel, \u00edgy megb\u00edzhat\u00f3 illeszked\u00e9st biztos\u00edt. B\u00e1tran friss\u00edtse laptopja kijelz\u0151j\u00e9t, tudva, hogy ez a k\u00e9perny\u0151 teljesen \u00faj \u00e1llapotban van, \u00e9s k\u00e9szen \u00e1ll a z\u00f6kken\u0151mentes integr\u00e1ci\u00f3ra.<\/p>\n","protected":false},"excerpt":{"rendered":"<p>Cser\u00e9lje ki vagy friss\u00edtse HP 17-CA sorozat\u00fa laptopja k\u00e9perny\u0151j\u00e9t ezzel a 17,3 h\u00fcvelykes HD+, \u00e9rint\u00e9smentes kijelz\u0151vel. 1600&#215;900-as felbont\u00e1s\u00e1val, matt fel\u00fclet\u00e9vel \u00e9s LED-es h\u00e1tt\u00e9rvil\u00e1g\u00edt\u00e1s\u00e1val t\u00f6k\u00e9letes a tiszta, csillog\u00e1smentes megtekint\u00e9shez. Fels\u0151 \u00e9s als\u00f3 konzollal sz\u00e1ll\u00edtjuk. \u00c1llapot: \u00daj.<\/p>\n","protected":false},"featured_media":10665,"template":"","meta":[],"product_brand":[],"product_cat":[72,71],"product_tag":[],"class_list":{"0":"post-10643","1":"product","2":"type-product","3":"status-publish","4":"has-post-thumbnail","6":"product_cat-17-3","7":"product_cat-new-laptop-screens-lcd-panels","9":"first","10":"instock","11":"taxable","12":"shipping-taxable","13":"purchasable","14":"product-type-simple"},"_links":{"self":[{"href":"https:\/\/boreait.com\/hu\/wp-json\/wp\/v2\/product\/10643","targetHints":{"allow":["GET"]}}],"collection":[{"href":"https:\/\/boreait.com\/hu\/wp-json\/wp\/v2\/product"}],"about":[{"href":"https:\/\/boreait.com\/hu\/wp-json\/wp\/v2\/types\/product"}],"wp:featuredmedia":[{"embeddable":true,"href":"https:\/\/boreait.com\/hu\/wp-json\/wp\/v2\/media\/10665"}],"wp:attachment":[{"href":"https:\/\/boreait.com\/hu\/wp-json\/wp\/v2\/media?parent=10643"}],"wp:term":[{"taxonomy":"product_brand","embeddable":true,"href":"https:\/\/boreait.com\/hu\/wp-json\/wp\/v2\/product_brand?post=10643"},{"taxonomy":"product_cat","embeddable":true,"href":"https:\/\/boreait.com\/hu\/wp-json\/wp\/v2\/product_cat?post=10643"},{"taxonomy":"product_tag","embeddable":true,"href":"https:\/\/boreait.com\/hu\/wp-json\/wp\/v2\/product_tag?post=10643"}],"curies":[{"name":"wp","href":"https:\/\/api.w.org\/{rel}","templated":true}]}}