{"id":10642,"date":"2025-09-17T12:58:18","date_gmt":"2025-09-17T10:58:18","guid":{"rendered":"https:\/\/boreait.com\/hu\/?post_type=product&#038;p=10642"},"modified":"2025-09-17T12:58:38","modified_gmt":"2025-09-17T10:58:38","slug":"lcd-kepernyo-hp-17-by-sorozat-173-matt-hd-30-tus-tartokkal-uj","status":"publish","type":"product","link":"https:\/\/boreait.com\/hu\/termek\/lcd-kepernyo-hp-17-by-sorozat-173-matt-hd-30-tus-tartokkal-uj\/","title":{"rendered":"LCD k\u00e9perny\u0151 HP 17-BY sorozat 17,3&#8243; matt HD+ 30 t\u0171s tart\u00f3kkal \u00daj"},"content":{"rendered":"<p><strong>T\u00e9nyleges LCD-k\u00e9perny\u0151s modell: NT173WDM-N27 \u2013 TELJESEN KOMPATIBILIS A LAPTOP K\u00c9PERNY\u0150J\u00c9VEL 17-BY0000 &#8211; 17-BY3000 HP 17-BY sorozat\u00fa laptopokhoz &#8211; \u00e9rint\u00e9smentes<\/strong><\/p>\n<p>Fokozza HP 17-BY sorozat\u00fa laptopja (17-BY0000 \u00e9s 17-BY3000 k\u00f6z\u00f6tti modellek) kijelz\u0151j\u00e9t ezzel a kiv\u00e1l\u00f3 min\u0151s\u00e9g\u0171 17,3&#8243;-es LCD-k\u00e9perny\u0151vel. 1600&#215;900 (HD+) felbont\u00e1sra tervezve, tiszta, r\u00e9szletgazdag k\u00e9peket biztos\u00edt a mindennapi sz\u00e1m\u00edt\u00e1stechnik\u00e1hoz. A nem matt fel\u00fclet\u0171, nem minim\u00e1lis IPSS-kik\u00e9pz\u00e9s\u0171 k\u00e9perny\u0151 k\u00e1pr\u00e1z\u00e1s, ami k\u00e9nyelmess\u00e9 teszi a hosszan tart\u00f3 haszn\u00e1latot k\u00fcl\u00f6nf\u00e9le f\u00e9nyviszonyok mellett.<\/p>\n<p>A 30 t\u0171s eDP-csatlakoz\u00f3val \u00e9s LED-es h\u00e1tt\u00e9rvil\u00e1g\u00edt\u00e1ssal felszerelt k\u00e9perny\u0151 hat\u00e9kony energiafelhaszn\u00e1l\u00e1st biztos\u00edt, mik\u00f6zben meg\u0151rzi a f\u00e9nyer\u0151t \u00e9s a sz\u00ednpontoss\u00e1got. A fels\u0151 \u00e9s als\u00f3 konzolok be\u00e9p\u00edt\u00e9se leegyszer\u0171s\u00edti a telep\u00edt\u00e9si folyamatot, \u00edgy alkalmass\u00e1 teszi az egyszer\u0171 cser\u00e9kre. Ez a k\u00e9perny\u0151 vadonat\u00faj, garant\u00e1lja a hib\u00e1tlan term\u00e9ket, k\u00e9szen \u00e1ll a megtekint\u00e9si \u00e9lm\u00e9ny fokoz\u00e1s\u00e1ra.<\/p>\n","protected":false},"excerpt":{"rendered":"<p>Friss\u00edtse HP 17-BY sorozat\u00fa laptopj\u00e1t ezzel a 17,3&#8243;-os HD+ LCD-k\u00e9perny\u0151vel. 30 t\u0171s eDP-csatlakoz\u00f3val, matt fel\u00fclettel \u00e9s LED-es h\u00e1tt\u00e9rvil\u00e1g\u00edt\u00e1ssal tiszta, f\u00e9nyes k\u00e9pet biztos\u00edt. Fels\u0151 \u00e9s als\u00f3 tart\u00f3konzollal \u00e9rkezik. \u00c1llapot: \u00daj.<\/p>\n","protected":false},"featured_media":10665,"template":"","meta":[],"product_brand":[],"product_cat":[72,71],"product_tag":[],"class_list":{"0":"post-10642","1":"product","2":"type-product","3":"status-publish","4":"has-post-thumbnail","6":"product_cat-17-3","7":"product_cat-new-laptop-screens-lcd-panels","9":"first","10":"instock","11":"taxable","12":"shipping-taxable","13":"purchasable","14":"product-type-simple"},"_links":{"self":[{"href":"https:\/\/boreait.com\/hu\/wp-json\/wp\/v2\/product\/10642","targetHints":{"allow":["GET"]}}],"collection":[{"href":"https:\/\/boreait.com\/hu\/wp-json\/wp\/v2\/product"}],"about":[{"href":"https:\/\/boreait.com\/hu\/wp-json\/wp\/v2\/types\/product"}],"wp:featuredmedia":[{"embeddable":true,"href":"https:\/\/boreait.com\/hu\/wp-json\/wp\/v2\/media\/10665"}],"wp:attachment":[{"href":"https:\/\/boreait.com\/hu\/wp-json\/wp\/v2\/media?parent=10642"}],"wp:term":[{"taxonomy":"product_brand","embeddable":true,"href":"https:\/\/boreait.com\/hu\/wp-json\/wp\/v2\/product_brand?post=10642"},{"taxonomy":"product_cat","embeddable":true,"href":"https:\/\/boreait.com\/hu\/wp-json\/wp\/v2\/product_cat?post=10642"},{"taxonomy":"product_tag","embeddable":true,"href":"https:\/\/boreait.com\/hu\/wp-json\/wp\/v2\/product_tag?post=10642"}],"curies":[{"name":"wp","href":"https:\/\/api.w.org\/{rel}","templated":true}]}}