{"id":10641,"date":"2025-09-17T12:58:18","date_gmt":"2025-09-17T10:58:18","guid":{"rendered":"https:\/\/boreait.com\/hu\/?post_type=product&#038;p=10641"},"modified":"2025-09-17T12:58:38","modified_gmt":"2025-09-17T10:58:38","slug":"lcd-kepernyo-hp-17-bs-sorozathoz-173-hd-30-tus-matt-erintesmentes-uj","status":"publish","type":"product","link":"https:\/\/boreait.com\/hu\/termek\/lcd-kepernyo-hp-17-bs-sorozathoz-173-hd-30-tus-matt-erintesmentes-uj\/","title":{"rendered":"LCD k\u00e9perny\u0151 HP 17-BS sorozathoz 17,3&#8243; HD+ 30 t\u0171s matt \u00e9rint\u00e9smentes \u00daj"},"content":{"rendered":"<p><strong>T\u00e9nyleges LCD-k\u00e9perny\u0151s modell: NT173WDM-N27 \u2013 TELJESEN KOMPATIBILIS A LAPTOP K\u00c9PERNY\u0150J\u00c9VEL A 17-BS000 &#8211; 17-BS099 &#8211; 17-BS099-es laptopokhoz k\u00e9sz\u00fclt laptop k\u00e9perny\u0151j\u00e9vel 17-BS000 &#8211; 17-BS099 &#8211; \u00e9rint\u00e9smentes<\/strong><\/p>\n<p>Fokozza HP 17-BS sorozat\u00fa laptopj\u00e1t kiv\u00e1l\u00f3 min\u0151s\u00e9g\u0171 17,3&#8243;-es LCD-k\u00e9perny\u0151nkkel. A kifejezetten a 17-BS000-t\u0151l 17-BS099-ig terjed\u0151 modellekhez tervezett k\u00e9perny\u0151 1600&#215;900 HD+ felbont\u00e1ssal rendelkezik, amely \u00e9les \u00e9s tiszta k\u00e9pet ad a napi feladatokhoz. A matt fel\u00fclet seg\u00edt cs\u00f6kkenteni a k\u00fcl\u00f6nb\u00f6z\u0151 f\u00e9nyviszonyokat, \u00edgy ide\u00e1lis a t\u00fckr\u00f6z\u0151d\u00e9shez.<\/p>\n<p>Ez az LCD-k\u00e9perny\u0151 30 t\u0171s csatlakoz\u00f3val van felszerelve, valamint fels\u0151 \u00e9s als\u00f3 konzolt is tartalmaz, \u00edgy biztos\u00edtva a biztons\u00e1gos illeszked\u00e9st \u00e9s az egyszer\u0171 telep\u00edt\u00e9st. K\u00e9rj\u00fck, vegye figyelembe, hogy ez egy \u00e9rint\u00e9smentes kijelz\u0151 \u00e9s nem IPS, \u00edgy megb\u00edzhat\u00f3 v\u00e1laszt\u00e1s az \u00e1ltal\u00e1nos haszn\u00e1latra.<\/p>\n<p>A vadonat\u00faj \u00e1llapotnak k\u00f6sz\u00f6nhet\u0151en biztos lehet benne, hogy ez a cserek\u00e9perny\u0151 a legjobb teljes\u00edtm\u00e9nyt ny\u00fajtja, lehet\u0151v\u00e9 t\u00e9ve, hogy a lehet\u0151 legteljesebb m\u00e9rt\u00e9kben \u00e9lvezhesse laptopj\u00e1t an\u00e9lk\u00fcl, hogy a kijelz\u0151 megs\u00e9r\u00fcl\u00e9s\u00e9vel kellene bajl\u00f3dnia.<\/p>\n","protected":false},"excerpt":{"rendered":"<p>Friss\u00edtse HP 17-BS sorozat\u00fa laptopj\u00e1t ezzel az \u00faj, 17,3 h\u00fcvelykes LCD-k\u00e9perny\u0151vel. A matt fel\u00fclettel, 1600&#215;900 HD+ felbont\u00e1ssal \u00e9s 30 t\u0171s csatlakoz\u00f3val ez az \u00e9rint\u00e9smentes kijelz\u0151 t\u00f6k\u00e9letes a s\u00e9r\u00fclt k\u00e9perny\u0151k cser\u00e9j\u00e9hez. Fels\u0151 \u00e9s als\u00f3 konzolok mell\u00e9kelve az egyszer\u0171 telep\u00edt\u00e9shez.<\/p>\n","protected":false},"featured_media":10665,"template":"","meta":[],"product_brand":[],"product_cat":[72,71],"product_tag":[],"class_list":{"0":"post-10641","1":"product","2":"type-product","3":"status-publish","4":"has-post-thumbnail","6":"product_cat-17-3","7":"product_cat-new-laptop-screens-lcd-panels","9":"first","10":"instock","11":"taxable","12":"shipping-taxable","13":"purchasable","14":"product-type-simple"},"_links":{"self":[{"href":"https:\/\/boreait.com\/hu\/wp-json\/wp\/v2\/product\/10641","targetHints":{"allow":["GET"]}}],"collection":[{"href":"https:\/\/boreait.com\/hu\/wp-json\/wp\/v2\/product"}],"about":[{"href":"https:\/\/boreait.com\/hu\/wp-json\/wp\/v2\/types\/product"}],"wp:featuredmedia":[{"embeddable":true,"href":"https:\/\/boreait.com\/hu\/wp-json\/wp\/v2\/media\/10665"}],"wp:attachment":[{"href":"https:\/\/boreait.com\/hu\/wp-json\/wp\/v2\/media?parent=10641"}],"wp:term":[{"taxonomy":"product_brand","embeddable":true,"href":"https:\/\/boreait.com\/hu\/wp-json\/wp\/v2\/product_brand?post=10641"},{"taxonomy":"product_cat","embeddable":true,"href":"https:\/\/boreait.com\/hu\/wp-json\/wp\/v2\/product_cat?post=10641"},{"taxonomy":"product_tag","embeddable":true,"href":"https:\/\/boreait.com\/hu\/wp-json\/wp\/v2\/product_tag?post=10641"}],"curies":[{"name":"wp","href":"https:\/\/api.w.org\/{rel}","templated":true}]}}