{"id":10640,"date":"2025-09-17T12:58:18","date_gmt":"2025-09-17T10:58:18","guid":{"rendered":"https:\/\/boreait.com\/hu\/?post_type=product&#038;p=10640"},"modified":"2025-09-17T12:58:38","modified_gmt":"2025-09-17T10:58:38","slug":"hp-nt173wdm-n27-173-lcd-hd-matt-30-tus-led-konzollal-uj","status":"publish","type":"product","link":"https:\/\/boreait.com\/hu\/termek\/hp-nt173wdm-n27-173-lcd-hd-matt-30-tus-led-konzollal-uj\/","title":{"rendered":"HP NT173WDM-N27 17,3&#8243; LCD HD+ matt, 30 t\u0171s LED konzollal \u00daj"},"content":{"rendered":"<p>N\u00f6velje laptopja teljes\u00edtm\u00e9ny\u00e9t a HP NT173WDM-N27 17,3&#8243;-es LCD-k\u00e9perny\u0151vel. A megb\u00edzhat\u00f3s\u00e1gra \u00e9s tisztas\u00e1gra v\u00e1gy\u00f3knak tervezett k\u00e9perny\u0151 HD+ (1600&#215;900) felbont\u00e1st k\u00edn\u00e1l, amely \u00e9les \u00e9s tiszta k\u00e9pet biztos\u00edt a mindennapi haszn\u00e1latra. A matt fel\u00fclet minimaliz\u00e1lja a t\u00fckr\u00f6z\u0151d\u00e9st, \u00edgy alkalmas k\u00fcl\u00f6nf\u00e9le vil\u00e1g\u00edt\u00e1si k\u00f6rnyezetekhez \u00e9s f\u00e9nyes LED-kijelz\u0151kh\u00f6z.<\/p>\n<p>Ez a nem IPS k\u00e9perny\u0151 30 t\u0171s eDP interf\u00e9szen kereszt\u00fcl csatlakozik, \u00edgy kompatibilis a k\u00fcl\u00f6nb\u00f6z\u0151 HP laptopmodellekkel. A k\u00e9perny\u0151 fels\u0151 \u00e9s als\u00f3 konzolokkal van felszerelve a biztons\u00e1gos \u00e9s probl\u00e9mamentes telep\u00edt\u00e9s \u00e9rdek\u00e9ben. Ak\u00e1r egy s\u00e9r\u00fclt kijelz\u0151t cser\u00e9l, ak\u00e1r a jobb megjelen\u00edt\u00e9s \u00e9rdek\u00e9ben friss\u00edt, ez az LCD-k\u00e9perny\u0151 megb\u00edzhat\u00f3 megold\u00e1s.<\/p>\n<p>\u00c1llapot: \u00daj \u2013 garant\u00e1lja, hogy min\u0151s\u00e9gi term\u00e9ket kapjon, amely k\u00e9szen \u00e1ll laptopja ig\u00e9nyeinek kiel\u00e9g\u00edt\u00e9s\u00e9re.<\/p>\n","protected":false},"excerpt":{"rendered":"<p>B\u0151v\u00edtse laptopj\u00e1t a HP NT173WDM-N27 17,3&#8243;-es LCD-k\u00e9perny\u0151vel. Ez az \u00e9rint\u00e9smentes kijelz\u0151 HD+ felbont\u00e1ssal (1600&#215;900), matt fel\u00fclettel \u00e9s eDP 30 t\u0171s csatlakoz\u00f3val rendelkezik, fels\u0151 \u00e9s als\u00f3 konzollal. \u00c1llapot: \u00daj.<\/p>\n","protected":false},"featured_media":10665,"template":"","meta":[],"product_brand":[],"product_cat":[72,71],"product_tag":[],"class_list":{"0":"post-10640","1":"product","2":"type-product","3":"status-publish","4":"has-post-thumbnail","6":"product_cat-17-3","7":"product_cat-new-laptop-screens-lcd-panels","9":"first","10":"instock","11":"taxable","12":"shipping-taxable","13":"purchasable","14":"product-type-simple"},"_links":{"self":[{"href":"https:\/\/boreait.com\/hu\/wp-json\/wp\/v2\/product\/10640","targetHints":{"allow":["GET"]}}],"collection":[{"href":"https:\/\/boreait.com\/hu\/wp-json\/wp\/v2\/product"}],"about":[{"href":"https:\/\/boreait.com\/hu\/wp-json\/wp\/v2\/types\/product"}],"wp:featuredmedia":[{"embeddable":true,"href":"https:\/\/boreait.com\/hu\/wp-json\/wp\/v2\/media\/10665"}],"wp:attachment":[{"href":"https:\/\/boreait.com\/hu\/wp-json\/wp\/v2\/media?parent=10640"}],"wp:term":[{"taxonomy":"product_brand","embeddable":true,"href":"https:\/\/boreait.com\/hu\/wp-json\/wp\/v2\/product_brand?post=10640"},{"taxonomy":"product_cat","embeddable":true,"href":"https:\/\/boreait.com\/hu\/wp-json\/wp\/v2\/product_cat?post=10640"},{"taxonomy":"product_tag","embeddable":true,"href":"https:\/\/boreait.com\/hu\/wp-json\/wp\/v2\/product_tag?post=10640"}],"curies":[{"name":"wp","href":"https:\/\/api.w.org\/{rel}","templated":true}]}}