{"id":10637,"date":"2025-09-17T12:58:17","date_gmt":"2025-09-17T10:58:17","guid":{"rendered":"https:\/\/boreait.com\/hu\/?post_type=product&#038;p=10637"},"modified":"2025-10-15T14:12:46","modified_gmt":"2025-10-15T12:12:46","slug":"uj-lm156lfcl07-156-matt-full-hd-ips-lcd-kepernyo-edp-30-tus-szalag","status":"publish","type":"product","link":"https:\/\/boreait.com\/hu\/termek\/uj-lm156lfcl07-156-matt-full-hd-ips-lcd-kepernyo-edp-30-tus-szalag\/","title":{"rendered":"\u00daj LM156LFCL07 15,6&#8243; matt Full HD IPS LCD k\u00e9perny\u0151, eDP 30 t\u0171s + szalag"},"content":{"rendered":"<p><strong>T\u00e9nyleges LCD-k\u00e9perny\u0151s modell: B156ZAN03.6 vagy N156HCA-EAB Rev C.4 \u2013 teljesen kompatibilis az LM156LF CL07 07 \/ LM156LFCL07 modellel<\/strong><\/p>\n<p>Friss\u00edtse laptopja kijelz\u0151j\u00e9t az \u00faj LM156LFCL07 15,6 h\u00fcvelykes matt IPS LCD k\u00e9perny\u0151vel. Tapasztalja meg a leny\u0171g\u00f6z\u0151 l\u00e1tv\u00e1nyt a Full HD felbont\u00e1s (1920&#215;1080) \u00e9s az IPS technol\u00f3gia j\u00f3volt\u00e1b\u00f3l sz\u00e9les betekint\u00e9si sz\u00f6gek r\u00e9v\u00e9n. A k\u00e9perny\u0151 eDP interf\u00e9sszel \u00e9s 30 t\u0171s csatlakoz\u00f3val rendelkezik, amely sz\u00e9les k\u00f6r\u0171 kompatibilit\u00e1st biztos\u00edt. Matt fel\u00fclete minim\u00e1lisra cs\u00f6kkenti a t\u00fckr\u00f6z\u0151d\u00e9st, k\u00e9nyelmes megtekint\u00e9st biztos\u00edtva k\u00fcl\u00f6nf\u00e9le f\u00e9nyviszonyok k\u00f6z\u00f6tt. Az \u00d6n k\u00e9nyelme \u00e9rdek\u00e9ben \u00f6ntapad\u00f3 szalagot mell\u00e9kel\u00fcnk, hogy a telep\u00edt\u00e9st gyerekj\u00e1t\u00e9k lehessen. \u00c1llapot: \u00daj.<\/p>\n","protected":false},"excerpt":{"rendered":"<p>Vadonat\u00faj LM156LFCL07 15,6 h\u00fcvelykes matt IPS LCD k\u00e9perny\u0151 Full HD felbont\u00e1ssal (1920&#215;1080). eDP interf\u00e9sszel rendelkezik 30 t\u0171s csatlakoz\u00f3val. \u00d6ntapad\u00f3 szalag mell\u00e9kelve az egyszer\u0171 telep\u00edt\u00e9s \u00e9rdek\u00e9ben.<\/p>\n","protected":false},"featured_media":9615,"template":"","meta":[],"product_brand":[],"product_cat":[81,71],"product_tag":[],"class_list":{"0":"post-10637","1":"product","2":"type-product","3":"status-publish","4":"has-post-thumbnail","6":"product_cat-15-6-new-laptop-screens-lcd-panels","7":"product_cat-new-laptop-screens-lcd-panels","9":"first","10":"instock","11":"taxable","12":"shipping-taxable","13":"purchasable","14":"product-type-simple"},"_links":{"self":[{"href":"https:\/\/boreait.com\/hu\/wp-json\/wp\/v2\/product\/10637","targetHints":{"allow":["GET"]}}],"collection":[{"href":"https:\/\/boreait.com\/hu\/wp-json\/wp\/v2\/product"}],"about":[{"href":"https:\/\/boreait.com\/hu\/wp-json\/wp\/v2\/types\/product"}],"wp:featuredmedia":[{"embeddable":true,"href":"https:\/\/boreait.com\/hu\/wp-json\/wp\/v2\/media\/9615"}],"wp:attachment":[{"href":"https:\/\/boreait.com\/hu\/wp-json\/wp\/v2\/media?parent=10637"}],"wp:term":[{"taxonomy":"product_brand","embeddable":true,"href":"https:\/\/boreait.com\/hu\/wp-json\/wp\/v2\/product_brand?post=10637"},{"taxonomy":"product_cat","embeddable":true,"href":"https:\/\/boreait.com\/hu\/wp-json\/wp\/v2\/product_cat?post=10637"},{"taxonomy":"product_tag","embeddable":true,"href":"https:\/\/boreait.com\/hu\/wp-json\/wp\/v2\/product_tag?post=10637"}],"curies":[{"name":"wp","href":"https:\/\/api.w.org\/{rel}","templated":true}]}}