{"id":10612,"date":"2025-09-17T12:57:56","date_gmt":"2025-09-17T10:57:56","guid":{"rendered":"https:\/\/boreait.com\/hu\/?post_type=product&#038;p=10612"},"modified":"2025-09-17T12:58:36","modified_gmt":"2025-09-17T10:58:36","slug":"uj-173-huvelykes-matt-full-hd-ips-lcd-kepernyo-805696-002-tartokkal-30-tus-edp","status":"publish","type":"product","link":"https:\/\/boreait.com\/hu\/termek\/uj-173-huvelykes-matt-full-hd-ips-lcd-kepernyo-805696-002-tartokkal-30-tus-edp\/","title":{"rendered":"\u00daj, 17,3 h\u00fcvelykes matt Full HD IPS LCD k\u00e9perny\u0151 805696-002 tart\u00f3kkal, 30 t\u0171s EDP"},"content":{"rendered":"<p><strong>T\u00e9nyleges k\u00e9perny\u0151s modell: N173HCE-E31 Rev. C2 \/ NV173FHM-N41 v8.0 \u2013 17,3 h\u00fcvelykes FHD IPS matt laptopk\u00e9perny\u0151 \u2013 Teljesen kompatibilis a HP 805696-002-vel\u00a0<\/strong><\/p>\n<p>Fokozza vizu\u00e1lis \u00e9lm\u00e9ny\u00e9t ezzel a pr\u00e9mium 17,3 h\u00fcvelykes matt Full HD (1920&#215;1080) IPS LCD-k\u00e9perny\u0151vel. A tisztas\u00e1gra \u00e9s \u00e9l\u00e9nk sz\u00ednekre tervezett IPS technol\u00f3gia sz\u00e9les l\u00e1t\u00f3sz\u00f6get \u00e9s egyenletes k\u00e9pmin\u0151s\u00e9get biztos\u00edt. Ez a k\u00e9perny\u0151 30 t\u0171s EDP-csatlakoz\u00f3val rendelkezik, amely biztos\u00edtja a kompatibilit\u00e1st sz\u00e1mos laptopmodellel. A fels\u0151 \u00e9s als\u00f3 konzolok be\u00e9p\u00edt\u00e9se leegyszer\u0171s\u00edti a telep\u00edt\u00e9st, \u00edgy ide\u00e1lis csere vagy friss\u00edt\u00e9s a jelenlegi kijelz\u0151h\u00f6z. Vadonat\u00faj \u00e9s t\u00f6k\u00e9letes \u00e1llapot\u00fa, 805696-002 cikksz\u00e1m\u00fa, t\u00f6k\u00e9letes megold\u00e1s laptopod kijelz\u0151j\u00e9nek teljes\u00edtm\u00e9ny\u00e9nek helyre\u00e1ll\u00edt\u00e1s\u00e1ra.<\/p>\n","protected":false},"excerpt":{"rendered":"<p>Friss\u00edtse laptopj\u00e1t ezzel a vadonat\u00faj, 17,3 h\u00fcvelykes matt Full HD IPS LCD-k\u00e9perny\u0151vel (805696-002 cikksz\u00e1m). 30 t\u0171s EDP interf\u00e9sszel, valamint fels\u0151 \u00e9s als\u00f3 tart\u00f3kkal az egyszer\u0171 telep\u00edt\u00e9s \u00e9rdek\u00e9ben.<\/p>\n","protected":false},"featured_media":9647,"template":"","meta":[],"product_brand":[],"product_cat":[72,71],"product_tag":[25],"class_list":{"0":"post-10612","1":"product","2":"type-product","3":"status-publish","4":"has-post-thumbnail","6":"product_cat-17-3","7":"product_cat-new-laptop-screens-lcd-panels","8":"product_tag-hp","10":"first","11":"instock","12":"taxable","13":"shipping-taxable","14":"purchasable","15":"product-type-simple"},"_links":{"self":[{"href":"https:\/\/boreait.com\/hu\/wp-json\/wp\/v2\/product\/10612","targetHints":{"allow":["GET"]}}],"collection":[{"href":"https:\/\/boreait.com\/hu\/wp-json\/wp\/v2\/product"}],"about":[{"href":"https:\/\/boreait.com\/hu\/wp-json\/wp\/v2\/types\/product"}],"wp:featuredmedia":[{"embeddable":true,"href":"https:\/\/boreait.com\/hu\/wp-json\/wp\/v2\/media\/9647"}],"wp:attachment":[{"href":"https:\/\/boreait.com\/hu\/wp-json\/wp\/v2\/media?parent=10612"}],"wp:term":[{"taxonomy":"product_brand","embeddable":true,"href":"https:\/\/boreait.com\/hu\/wp-json\/wp\/v2\/product_brand?post=10612"},{"taxonomy":"product_cat","embeddable":true,"href":"https:\/\/boreait.com\/hu\/wp-json\/wp\/v2\/product_cat?post=10612"},{"taxonomy":"product_tag","embeddable":true,"href":"https:\/\/boreait.com\/hu\/wp-json\/wp\/v2\/product_tag?post=10612"}],"curies":[{"name":"wp","href":"https:\/\/api.w.org\/{rel}","templated":true}]}}