{"id":10611,"date":"2025-09-17T12:57:56","date_gmt":"2025-09-17T10:57:56","guid":{"rendered":"https:\/\/boreait.com\/hu\/?post_type=product&#038;p=10611"},"modified":"2025-09-17T12:58:35","modified_gmt":"2025-09-17T10:58:35","slug":"hp-probook-470-g3-g4-g5-173-huvelykes-fullhd-ips-matt-lcd-kepernyo-tartokkal-uj","status":"publish","type":"product","link":"https:\/\/boreait.com\/hu\/termek\/hp-probook-470-g3-g4-g5-173-huvelykes-fullhd-ips-matt-lcd-kepernyo-tartokkal-uj\/","title":{"rendered":"HP ProBook 470 G3 G4 G5 17,3 h\u00fcvelykes FullHD IPS matt LCD k\u00e9perny\u0151 tart\u00f3kkal \u2013 \u00daj"},"content":{"rendered":"<p><strong>T\u00e9nyleges k\u00e9perny\u0151s modell: N173HCE-E31 Rev. C2 \/ NV173FHM-N41 v8.0 \u2013 teljes m\u00e9rt\u00e9kben kompatibilis a HP ProBook 470 G3 G4 G5 k\u00e9sz\u00fcl\u00e9kkel<\/strong><\/p>\n<p>Ezt a vadonat\u00faj 17,3 h\u00fcvelykes LCD-k\u00e9perny\u0151t a HP ProBook 470 G3, G4 \u00e9s G5 modellekhez tervezt\u00e9k. FullHD felbont\u00e1ssal (1920&#215;1080), IPS technol\u00f3gi\u00e1val az \u00e9l\u00e9nk sz\u00ednek\u00e9rt, valamint matt fel\u00fclettel rendelkezik a t\u00fckr\u00f6z\u0151d\u00e9s cs\u00f6kkent\u00e9s\u00e9\u00e9rt. Az EDP-vel \u00e9s a 30 t\u0171s csatlakoz\u00f3val ez a kijelz\u0151 z\u00f6kken\u0151mentes kompatibilit\u00e1st \u00e9s kompatibilit\u00e1st biztos\u00edt a fels\u0151 k\u00e9perny\u0151vel \u00e9s a melltart\u00f3val. Felszerel\u00e9s Ak\u00e1r s\u00e9r\u00fclt k\u00e9perny\u0151t cser\u00e9l, ak\u00e1r b\u0151v\u00edti, ez a kiv\u00e1l\u00f3 min\u0151s\u00e9g\u0171 panel t\u00f6k\u00e9letes k\u00e9pet \u00e9s tart\u00f3ss\u00e1got biztos\u00edt.<\/p>\n","protected":false},"excerpt":{"rendered":"<p>Friss\u00edtse HP ProBook 470 G3, G4 vagy G5 k\u00e9sz\u00fcl\u00e9k\u00e9t ezzel a 17,3 h\u00fcvelykes FullHD IPS matt LCD-k\u00e9perny\u0151vel. EDP-vel \u00e9s 30 t\u0171s csatlakoz\u00f3val, fels\u0151 \u00e9s als\u00f3 konzollal az egyszer\u0171 telep\u00edt\u00e9s \u00e9rdek\u00e9ben. \u00c9lvezze az \u00e9les l\u00e1tv\u00e1nyt \u00e9s a t\u00fckr\u00f6z\u0151d\u00e9smentes \u00e9lm\u00e9nyt. \u00c1llapot: \u00daj.<\/p>\n","protected":false},"featured_media":9647,"template":"","meta":[],"product_brand":[],"product_cat":[72,71],"product_tag":[25],"class_list":{"0":"post-10611","1":"product","2":"type-product","3":"status-publish","4":"has-post-thumbnail","6":"product_cat-17-3","7":"product_cat-new-laptop-screens-lcd-panels","8":"product_tag-hp","10":"first","11":"instock","12":"taxable","13":"shipping-taxable","14":"purchasable","15":"product-type-simple"},"_links":{"self":[{"href":"https:\/\/boreait.com\/hu\/wp-json\/wp\/v2\/product\/10611","targetHints":{"allow":["GET"]}}],"collection":[{"href":"https:\/\/boreait.com\/hu\/wp-json\/wp\/v2\/product"}],"about":[{"href":"https:\/\/boreait.com\/hu\/wp-json\/wp\/v2\/types\/product"}],"wp:featuredmedia":[{"embeddable":true,"href":"https:\/\/boreait.com\/hu\/wp-json\/wp\/v2\/media\/9647"}],"wp:attachment":[{"href":"https:\/\/boreait.com\/hu\/wp-json\/wp\/v2\/media?parent=10611"}],"wp:term":[{"taxonomy":"product_brand","embeddable":true,"href":"https:\/\/boreait.com\/hu\/wp-json\/wp\/v2\/product_brand?post=10611"},{"taxonomy":"product_cat","embeddable":true,"href":"https:\/\/boreait.com\/hu\/wp-json\/wp\/v2\/product_cat?post=10611"},{"taxonomy":"product_tag","embeddable":true,"href":"https:\/\/boreait.com\/hu\/wp-json\/wp\/v2\/product_tag?post=10611"}],"curies":[{"name":"wp","href":"https:\/\/api.w.org\/{rel}","templated":true}]}}