{"id":10608,"date":"2025-09-17T12:57:55","date_gmt":"2025-09-17T10:57:55","guid":{"rendered":"https:\/\/boreait.com\/hu\/?post_type=product&#038;p=10608"},"modified":"2025-09-17T12:58:29","modified_gmt":"2025-09-17T10:58:29","slug":"latitude-5470-cpu-ventilator-es-hutoborda-szerelveny-eredeti-cserealkatresz","status":"publish","type":"product","link":"https:\/\/boreait.com\/hu\/termek\/latitude-5470-cpu-ventilator-es-hutoborda-szerelveny-eredeti-cserealkatresz\/","title":{"rendered":"Latitude 5470 CPU ventil\u00e1tor \u00e9s h\u0171t\u0151borda szerelv\u00e9ny \u2013 Eredeti cserealkatr\u00e9sz"},"content":{"rendered":"<p>CPU ventil\u00e1tor \u00e9s h\u0171t\u0151borda szerelv\u00e9ny Latitude 5470-hez<\/p>\n<p>Fokozza Latitude 5470 h\u0171t\u00e9si hat\u00e9konys\u00e1g\u00e1t ezzel az eredeti CPU ventil\u00e1tor \u00e9s h\u0171t\u0151borda szerelv\u00e9nnyel. A hib\u00e1san m\u0171k\u00f6d\u0151 vagy zajos h\u0171t\u0151egys\u00e9gek cser\u00e9j\u00e9re tervezett szerelv\u00e9ny biztos\u00edtja, hogy laptopja optim\u00e1lis h\u0151m\u00e9rs\u00e9kleten m\u0171k\u00f6dj\u00f6n a jobb teljes\u00edtm\u00e9ny \u00e9rdek\u00e9ben.<\/p>\n<p>**A term\u00e9k jellemz\u0151i:**<\/p>\n<p>&#8211; **Kompatibilit\u00e1s:** Kifejezetten a Latitude 5470 laptopmodellhez tervezt\u00e9k.<\/p>\n<p>&#8211; **Funkcion\u00e1lis:** Kicser\u00e9li a hib\u00e1s CPU-ventil\u00e1tort \u00e9s h\u0171t\u0151bord\u00e1t, vissza\u00e1ll\u00edtva a hat\u00e9kony h\u0171t\u00e9si teljes\u00edtm\u00e9nyt.<\/p>\n<p>&#8211; **Min\u0151s\u00e9g:** Eredeti cserealkatr\u00e9sz a megb\u00edzhat\u00f3 teljes\u00edtm\u00e9ny \u00e9s tart\u00f3ss\u00e1g \u00e9rdek\u00e9ben.<\/p>\n<p>&#8211; **\u00c1llapot:** A mell\u00e9kelt fot\u00f3k a t\u00e9nylegesen megkapott alkatr\u00e9szeket mutatj\u00e1k, t\u00fckr\u00f6zve azok jelenlegi \u00e1llapot\u00e1t.<\/p>\n<p>**Mi\u00e9rt v\u00e1lassza ezt a CPU ventil\u00e1tor \u00e9s h\u0171t\u0151borda szerelv\u00e9nyt?**<\/p>\n<p>&#8211; **Tov\u00e1bbfejlesztett h\u0171t\u00e9s:** N\u00e9lk\u00fcl\u00f6zhetetlen a t\u00falmeleged\u00e9s megel\u0151z\u00e9s\u00e9hez \u00e9s a teljes\u00edtm\u00e9ny fenntart\u00e1s\u00e1hoz er\u0151s haszn\u00e1lat sor\u00e1n.<\/p>\n<p>&#8211; **K\u00f6zvetlen csere:** A m\u00f3dos\u00edt\u00e1sok n\u00e9lk\u00fcli egyszer\u0171 telep\u00edt\u00e9sre tervezt\u00e9k.<\/p>\n<p>&#8211; **El\u00e9rhet\u0151s\u00e9g az eg\u00e9sz vil\u00e1gon:** Glob\u00e1lis sz\u00e1ll\u00edt\u00e1st k\u00edn\u00e1lunk, Eur\u00f3p\u00e1ra \u00f6sszpontos\u00edtva.<\/p>\n<p>K\u00e9rj\u00fck, vegye figyelembe, hogy a telep\u00edt\u00e9si utas\u00edt\u00e1sokat nem tartalmazza. Ha seg\u00edts\u00e9gre van sz\u00fcks\u00e9ge a telep\u00edt\u00e9shez, forduljon bizalommal t\u00e1mogat\u00e1s\u00e9rt. Az\u00e9rt vagyunk itt, hogy seg\u00edts\u00fcnk biztos\u00edtani a z\u00f6kken\u0151mentes cserefolyamatot.<\/p>\n<p>**Fontos:** A list\u00e1ban szerepl\u0151 fot\u00f3k pontosan azt a CPU-ventil\u00e1tort \u00e9s h\u0171t\u0151bord\u00e1t mutatj\u00e1k be, amelyet kapni fog. Minden alkatr\u00e9szt gondosan ellen\u0151riznek a min\u0151s\u00e9g \u00e9s az \u00fcgyfelek el\u00e9gedetts\u00e9ge \u00e9rdek\u00e9ben.<\/p>\n","protected":false},"excerpt":{"rendered":"<p>CPU ventil\u00e1tor \u00e9s h\u0171t\u0151borda szerelv\u00e9ny Latitude 5470-hez \u2013 Eredeti cserealkatr\u00e9sz. Jav\u00edtsa laptopja h\u0171t\u00e9si teljes\u00edtm\u00e9ny\u00e9t ezzel a kiv\u00e1l\u00f3 min\u0151s\u00e9g\u0171 CPU-ventil\u00e1torral \u00e9s h\u0171t\u0151bord\u00e1val, amely t\u00f6k\u00e9letes a hib\u00e1san m\u0171k\u00f6d\u0151 vagy zajos egys\u00e9g cser\u00e9j\u00e9hez.<\/p>\n","protected":false},"featured_media":10661,"template":"","meta":[],"product_brand":[],"product_cat":[33],"product_tag":[],"class_list":{"0":"post-10608","1":"product","2":"type-product","3":"status-publish","4":"has-post-thumbnail","6":"product_cat-cpu-fans-heatsinks","8":"first","9":"instock","10":"taxable","11":"shipping-taxable","12":"purchasable","13":"product-type-simple"},"_links":{"self":[{"href":"https:\/\/boreait.com\/hu\/wp-json\/wp\/v2\/product\/10608","targetHints":{"allow":["GET"]}}],"collection":[{"href":"https:\/\/boreait.com\/hu\/wp-json\/wp\/v2\/product"}],"about":[{"href":"https:\/\/boreait.com\/hu\/wp-json\/wp\/v2\/types\/product"}],"wp:featuredmedia":[{"embeddable":true,"href":"https:\/\/boreait.com\/hu\/wp-json\/wp\/v2\/media\/10661"}],"wp:attachment":[{"href":"https:\/\/boreait.com\/hu\/wp-json\/wp\/v2\/media?parent=10608"}],"wp:term":[{"taxonomy":"product_brand","embeddable":true,"href":"https:\/\/boreait.com\/hu\/wp-json\/wp\/v2\/product_brand?post=10608"},{"taxonomy":"product_cat","embeddable":true,"href":"https:\/\/boreait.com\/hu\/wp-json\/wp\/v2\/product_cat?post=10608"},{"taxonomy":"product_tag","embeddable":true,"href":"https:\/\/boreait.com\/hu\/wp-json\/wp\/v2\/product_tag?post=10608"}],"curies":[{"name":"wp","href":"https:\/\/api.w.org\/{rel}","templated":true}]}}