{"id":10601,"date":"2025-09-17T12:57:55","date_gmt":"2025-09-17T10:57:55","guid":{"rendered":"https:\/\/boreait.com\/hu\/?post_type=product&#038;p=10601"},"modified":"2026-02-08T08:22:16","modified_gmt":"2026-02-08T07:22:16","slug":"broadcom-bcm74312mcg-lapkakeszlet-eredeti-cserealkatresz","status":"publish","type":"product","link":"https:\/\/boreait.com\/hu\/termek\/broadcom-bcm74312mcg-lapkakeszlet-eredeti-cserealkatresz\/","title":{"rendered":"Broadcom BCM74312MCG lapkak\u00e9szlet \u2013 Eredeti cserealkatr\u00e9sz"},"content":{"rendered":"<p>Broadcom BCM74312MCG lapkak\u00e9szlet<\/p>\n<p>Friss\u00edtse eszk\u00f6z\u00e9t a Broadcom BCM74312MCG lapkak\u00e9szlettel. Ezt az eredeti cserealkatr\u00e9szt k\u00fcl\u00f6nf\u00e9le alkalmaz\u00e1sokhoz tervezt\u00e9k, amelyek nagy teljes\u00edtm\u00e9nyt \u00e9s megb\u00edzhat\u00f3s\u00e1got ig\u00e9nyelnek.<\/p>\n<p>**A term\u00e9k jellemz\u0151i:**<\/p>\n<p>&#8211; **Modellsz\u00e1m:** BCM74312MCG.<\/p>\n<p>&#8211; **Kompatibilit\u00e1s:** A kiv\u00e1l\u00f3 min\u0151s\u00e9g\u0171 feldolgoz\u00e1si megold\u00e1st ig\u00e9nyl\u0151 eszk\u00f6z\u00f6k sz\u00e9les k\u00f6r\u00e9re alkalmas.<\/p>\n<p>&#8211; **Teljes\u00edtm\u00e9ny:** Megb\u00edzhat\u00f3 feldolgoz\u00e1si teljes\u00edtm\u00e9nyt biztos\u00edt a z\u00f6kken\u0151mentes m\u0171k\u00f6d\u00e9s \u00e9rdek\u00e9ben.<\/p>\n<p>&#8211; **\u00c1llapot:** A mell\u00e9kelt fot\u00f3k a t\u00e9nylegesen megkapott lapkak\u00e9szletr\u0151l k\u00e9sz\u00fcltek, bemutatva a jelenlegi \u00e1llapot\u00e1t.<\/p>\n<p>**Mi\u00e9rt v\u00e1lassza a Broadcom BCM74312MCG-t?**<\/p>\n<p>&#8211; **Tov\u00e1bbfejlesztett teljes\u00edtm\u00e9ny:** Ide\u00e1lis a hat\u00e9kony feldolgoz\u00e1st ig\u00e9nyl\u0151 alkalmaz\u00e1sokhoz.<\/p>\n<p>&#8211; **K\u00f6zvetlen csere:** K\u00f6nnyen telep\u00edthet\u0151, nincs sz\u00fcks\u00e9g tov\u00e1bbi m\u00f3dos\u00edt\u00e1sokra.<\/p>\n<p>&#8211; **El\u00e9rhet\u0151s\u00e9g az eg\u00e9sz vil\u00e1gon:** Vil\u00e1gszerte sz\u00e1ll\u00edtjuk, Eur\u00f3p\u00e1ra \u00f6sszpontos\u00edtva.<\/p>\n<p>K\u00e9rj\u00fck, vegye figyelembe, hogy a telep\u00edt\u00e9si utas\u00edt\u00e1sokat nem tartalmazza. Ha seg\u00edts\u00e9gre van sz\u00fcks\u00e9ge a telep\u00edt\u00e9shez, tov\u00e1bbi t\u00e1mogat\u00e1s\u00e9rt forduljon hozz\u00e1nk bizalommal. Az\u00e9rt vagyunk itt, hogy biztos\u00edtsuk a z\u00f6kken\u0151mentes csere\u00e9lm\u00e9nyt.<\/p>\n<p>**Fontos:** A list\u00e1n szerepl\u0151 fot\u00f3k pontosan azt a Broadcom BCM74312MCG lapkak\u00e9szletet \u00e1br\u00e1zolj\u00e1k, amelyet \u00d6n kap. Minden alkatr\u00e9szt alaposan megvizsg\u00e1lnak, hogy garant\u00e1lj\u00e1k a min\u0151s\u00e9get \u00e9s az \u00fcgyfelek el\u00e9gedetts\u00e9g\u00e9t.<\/p>\n","protected":false},"excerpt":{"rendered":"<p>Broadcom BCM74312MCG lapkak\u00e9szlet \u2013 Eredeti cserealkatr\u00e9sz. N\u00f6velje eszk\u00f6ze teljes\u00edtm\u00e9ny\u00e9t ezzel a megb\u00edzhat\u00f3 Broadcom BCM74312MCG lapkak\u00e9szlettel, amely t\u00f6k\u00e9letes a k\u00fcl\u00f6nf\u00e9le, kiv\u00e1l\u00f3 min\u0151s\u00e9g\u0171 feldolgoz\u00e1st ig\u00e9nyl\u0151 alkalmaz\u00e1sokhoz.<\/p>\n","protected":false},"featured_media":10632,"template":"","meta":[],"product_brand":[],"product_cat":[27],"product_tag":[],"class_list":{"0":"post-10601","1":"product","2":"type-product","3":"status-publish","4":"has-post-thumbnail","6":"product_cat-motherboards-board-parts","8":"first","9":"instock","10":"taxable","11":"shipping-taxable","12":"purchasable","13":"product-type-simple"},"_links":{"self":[{"href":"https:\/\/boreait.com\/hu\/wp-json\/wp\/v2\/product\/10601","targetHints":{"allow":["GET"]}}],"collection":[{"href":"https:\/\/boreait.com\/hu\/wp-json\/wp\/v2\/product"}],"about":[{"href":"https:\/\/boreait.com\/hu\/wp-json\/wp\/v2\/types\/product"}],"wp:featuredmedia":[{"embeddable":true,"href":"https:\/\/boreait.com\/hu\/wp-json\/wp\/v2\/media\/10632"}],"wp:attachment":[{"href":"https:\/\/boreait.com\/hu\/wp-json\/wp\/v2\/media?parent=10601"}],"wp:term":[{"taxonomy":"product_brand","embeddable":true,"href":"https:\/\/boreait.com\/hu\/wp-json\/wp\/v2\/product_brand?post=10601"},{"taxonomy":"product_cat","embeddable":true,"href":"https:\/\/boreait.com\/hu\/wp-json\/wp\/v2\/product_cat?post=10601"},{"taxonomy":"product_tag","embeddable":true,"href":"https:\/\/boreait.com\/hu\/wp-json\/wp\/v2\/product_tag?post=10601"}],"curies":[{"name":"wp","href":"https:\/\/api.w.org\/{rel}","templated":true}]}}