{"id":10599,"date":"2025-09-17T12:57:54","date_gmt":"2025-09-17T10:57:54","guid":{"rendered":"https:\/\/boreait.com\/hu\/?post_type=product&#038;p=10599"},"modified":"2026-02-07T17:11:14","modified_gmt":"2026-02-07T16:11:14","slug":"4xv4n-csatlakozokabel-a-dell-latitude-e5470-e7270-e7470-hez-eredeti-cserealkatresz","status":"publish","type":"product","link":"https:\/\/boreait.com\/hu\/termek\/4xv4n-csatlakozokabel-a-dell-latitude-e5470-e7270-e7470-hez-eredeti-cserealkatresz\/","title":{"rendered":"4XV4N csatlakoz\u00f3k\u00e1bel a Dell Latitude E5470 E7270 E7470-hez \u2013 Eredeti cserealkatr\u00e9sz"},"content":{"rendered":"<p>4XV4N-04XV4N csatlakoz\u00f3k\u00e1bel a Dell Latitude E5470 E7270 E7470-hez<\/p>\n<p>Gondoskodjon megb\u00edzhat\u00f3 csatlakoz\u00e1sr\u00f3l a kifejezetten a Dell Latitude 5500-hoz tervezett 4XV4N csatlakoz\u00f3k\u00e1bellel. Ez az eredeti cserealkatr\u00e9sz n\u00e9lk\u00fcl\u00f6zhetetlen eszk\u00f6ze m\u0171k\u00f6d\u0151k\u00e9pess\u00e9g\u00e9nek helyre\u00e1ll\u00edt\u00e1s\u00e1hoz, \u00edgy t\u00f6k\u00e9letes azok sz\u00e1m\u00e1ra, akik s\u00e9r\u00fclt vagy hib\u00e1san m\u0171k\u00f6d\u0151 k\u00e1bellel k\u00fczdenek.<\/p>\n<p>**A term\u00e9k jellemz\u0151i:**<\/p>\n<p>&#8211; **Kompatibilit\u00e1s:** A Dell Latitude E5470 E7270 E7470 laptopmodellekhez tervezt\u00e9k.<\/p>\n<p>&#8211; **Alkatr\u00e9szsz\u00e1m:** 4XV4N.<\/p>\n<p>&#8211; **Min\u0151s\u00e9g:** Kiv\u00e1l\u00f3 min\u0151s\u00e9g\u0171, eredeti cserealkatr\u00e9sz a megb\u00edzhat\u00f3 teljes\u00edtm\u00e9ny \u00e9rdek\u00e9ben.<\/p>\n<p>&#8211; **\u00c1llapot:** A mell\u00e9kelt fot\u00f3k a t\u00e9nylegesen megkapott alkatr\u00e9szr\u0151l k\u00e9sz\u00fcltek, \u00e9s pontosan bemutatj\u00e1k annak \u00e1llapot\u00e1t.<\/p>\n<p>**Mi\u00e9rt v\u00e1lassza ezt a csatlakoz\u00f3k\u00e1belt?**<\/p>\n<p>&#8211; **Optim\u00e1lis csatlakoztathat\u00f3s\u00e1g:** Stabil \u00e9s hat\u00e9kony kapcsolatot biztos\u00edt laptopj\u00e1hoz.<\/p>\n<p>&#8211; **K\u00f6zvetlen csere:** K\u00f6nnyen telep\u00edthet\u0151, m\u00f3dos\u00edt\u00e1sok n\u00e9lk\u00fcl.<\/p>\n<p>&#8211; **El\u00e9rhet\u0151s\u00e9g az eg\u00e9sz vil\u00e1gon:** Megv\u00e1s\u00e1rolhat\u00f3 \u00e9s sz\u00e1ll\u00edthat\u00f3 vil\u00e1gszerte, Eur\u00f3p\u00e1ra \u00f6sszpontos\u00edtva.<\/p>\n<p>K\u00e9rj\u00fck, vegye figyelembe, hogy a telep\u00edt\u00e9si utas\u00edt\u00e1sokat nem tartalmazza. Ha seg\u00edts\u00e9gre van sz\u00fcks\u00e9ge a telep\u00edt\u00e9shez, forduljon hozz\u00e1nk bizalommal. Elk\u00f6telezettek vagyunk amellett, hogy seg\u00edts\u00fcnk \u00d6nnek a z\u00f6kken\u0151mentes csere\u00e9lm\u00e9ny el\u00e9r\u00e9s\u00e9ben.<\/p>\n<p>**Fontos:** Az ezen a list\u00e1n szerepl\u0151 fot\u00f3k a pontos csatlakoz\u00f3k\u00e1belt mutatj\u00e1k, amelyet kap. Minden alkatr\u00e9szt gondosan ellen\u0151riznek, hogy garant\u00e1lj\u00e1k a min\u0151s\u00e9get \u00e9s az \u00fcgyfelek el\u00e9gedetts\u00e9g\u00e9t.<\/p>\n","protected":false},"excerpt":{"rendered":"<p>4XV4N csatlakoz\u00f3k\u00e1bel a Dell Latitude E5470 E7270 E7470-hez \u2013 Eredeti cserealkatr\u00e9sz. Cser\u00e9lje ki a s\u00e9r\u00fclt vagy hib\u00e1san m\u0171k\u00f6d\u0151 csatlakoz\u00f3dug\u00f3s csatlakoz\u00f3k\u00e1belt erre a kiv\u00e1l\u00f3 min\u0151s\u00e9g\u0171 alkatr\u00e9szre, \u00edgy biztos\u00edtva az eszk\u00f6z optim\u00e1lis csatlakoztat\u00e1s\u00e1t.<\/p>\n","protected":false},"featured_media":10630,"template":"","meta":[],"product_brand":[],"product_cat":[20],"product_tag":[],"class_list":{"0":"post-10599","1":"product","2":"type-product","3":"status-publish","4":"has-post-thumbnail","6":"product_cat-cables","8":"first","9":"instock","10":"taxable","11":"shipping-taxable","12":"purchasable","13":"product-type-simple"},"_links":{"self":[{"href":"https:\/\/boreait.com\/hu\/wp-json\/wp\/v2\/product\/10599","targetHints":{"allow":["GET"]}}],"collection":[{"href":"https:\/\/boreait.com\/hu\/wp-json\/wp\/v2\/product"}],"about":[{"href":"https:\/\/boreait.com\/hu\/wp-json\/wp\/v2\/types\/product"}],"wp:featuredmedia":[{"embeddable":true,"href":"https:\/\/boreait.com\/hu\/wp-json\/wp\/v2\/media\/10630"}],"wp:attachment":[{"href":"https:\/\/boreait.com\/hu\/wp-json\/wp\/v2\/media?parent=10599"}],"wp:term":[{"taxonomy":"product_brand","embeddable":true,"href":"https:\/\/boreait.com\/hu\/wp-json\/wp\/v2\/product_brand?post=10599"},{"taxonomy":"product_cat","embeddable":true,"href":"https:\/\/boreait.com\/hu\/wp-json\/wp\/v2\/product_cat?post=10599"},{"taxonomy":"product_tag","embeddable":true,"href":"https:\/\/boreait.com\/hu\/wp-json\/wp\/v2\/product_tag?post=10599"}],"curies":[{"name":"wp","href":"https:\/\/api.w.org\/{rel}","templated":true}]}}