{"id":10597,"date":"2025-09-17T12:57:54","date_gmt":"2025-09-17T10:57:54","guid":{"rendered":"https:\/\/boreait.com\/hu\/?post_type=product&#038;p=10597"},"modified":"2025-09-17T12:58:06","modified_gmt":"2025-09-17T10:58:06","slug":"seagate-9w3184-022-120-gb-54k-rpm-sata-25-merevlemez-hasznalt","status":"publish","type":"product","link":"https:\/\/boreait.com\/hu\/termek\/seagate-9w3184-022-120-gb-54k-rpm-sata-25-merevlemez-hasznalt\/","title":{"rendered":"Seagate 9W3184-022 120 GB 5,4K RPM SATA 2,5&#8243; merevlemez \u2013 haszn\u00e1lt"},"content":{"rendered":"<p>Seagate 9W3184-022 \u2013 120 GB 5,4K RPM SATA 9,5 mm-es 2,5 h\u00fcvelykes merevlemez<\/p>\n<p>Fokozza laptopja teljes\u00edtm\u00e9ny\u00e9t a Seagate 9W3184-022 merevlemezzel. Ez a 120 GB-os SATA-meghajt\u00f3 5400 fordulat\/perc sebess\u00e9ggel m\u0171k\u00f6dik, \u00e9s 9,5 mm-es form\u00e1tumba illeszkedik, \u00edgy kiv\u00e1l\u00f3 v\u00e1laszt\u00e1s a megl\u00e9v\u0151 t\u00e1rhely b\u0151v\u00edt\u00e9s\u00e9re vagy cser\u00e9j\u00e9re.<\/p>\n<p>**A term\u00e9k jellemz\u0151i:**<\/p>\n<p>&#8211; **Modell:** Seagate 9W3184-022<\/p>\n<p>&#8211; **T\u00e1rol\u00f3kapacit\u00e1s:** 120 GB<\/p>\n<p>&#8211; **Sebess\u00e9g:** 5400 ford.\/perc az optim\u00e1lis teljes\u00edtm\u00e9ny \u00e9rdek\u00e9ben.<\/p>\n<p>&#8211; **Interf\u00e9sz:** SATA a gyors adat\u00e1tvitelhez.<\/p>\n<p>&#8211; **Forma:** 2,5&#8243; \u00e9s 9,5 mm vastag, kompatibilis a legt\u00f6bb laptoppal.<\/p>\n<p>**Mi\u00e9rt v\u00e1lassza ezt a merevlemezt?**<\/p>\n<p>&#8211; **Megb\u00edzhat\u00f3 teljes\u00edtm\u00e9ny:** T\u00f6k\u00e9letes mindennapi feladatokhoz, bele\u00e9rtve a f\u00e1jlt\u00e1rol\u00e1st, a multim\u00e9di\u00e1t \u00e9s egyebeket.<\/p>\n<p>&#8211; **K\u00f6zvetlen csere:** K\u00f6nnyen, v\u00e1ltoztat\u00e1s n\u00e9lk\u00fcl beilleszthet\u0151 laptopj\u00e1ba.<\/p>\n<p>&#8211; **Glob\u00e1lis sz\u00e1ll\u00edt\u00e1s:** Megv\u00e1s\u00e1rolhat\u00f3 \u00e9s sz\u00e1ll\u00edthat\u00f3 vil\u00e1gszerte, Eur\u00f3p\u00e1ra \u00f6sszpontos\u00edtva.<\/p>\n<p>K\u00e9rj\u00fck, vegye figyelembe, hogy a telep\u00edt\u00e9si utas\u00edt\u00e1sokat nem tartalmazza. Ha seg\u00edts\u00e9gre van sz\u00fcks\u00e9ge a telep\u00edt\u00e9si folyamathoz, forduljon bizalommal t\u00e1mogat\u00e1s\u00e9rt. Csapatunk az\u00e9rt van itt, hogy seg\u00edtsen biztos\u00edtani a z\u00f6kken\u0151mentes csere\u00e9lm\u00e9nyt.<\/p>\n<p>**Fontos:** Az adatlapon szerepl\u0151 fot\u00f3k pontosan a kapott merevlemezt mutatj\u00e1k. Minden alkatr\u00e9szt alaposan megvizsg\u00e1lnak a min\u0151s\u00e9g \u00e9s a teljes\u00edtm\u00e9ny garant\u00e1l\u00e1sa \u00e9rdek\u00e9ben.<\/p>\n","protected":false},"excerpt":{"rendered":"<p>Seagate 9W3184-022 120 GB 5,4K RPM SATA 9,5 mm-es 2,5 h\u00fcvelykes merevlemez \u2013 Eredeti cserealkatr\u00e9sz. B\u0151v\u00edtse vagy cser\u00e9lje ki laptopja t\u00e1rol\u00f3j\u00e1t ezzel a megb\u00edzhat\u00f3 merevlemezzel, amely ide\u00e1lis a teljes\u00edtm\u00e9ny \u00e9s a t\u00e1rol\u00f3kapacit\u00e1s n\u00f6vel\u00e9s\u00e9hez.<\/p>\n","protected":false},"featured_media":10628,"template":"","meta":[],"product_brand":[],"product_cat":[61,31],"product_tag":[],"class_list":{"0":"post-10597","1":"product","2":"type-product","3":"status-publish","4":"has-post-thumbnail","6":"product_cat-2-5-hdd","7":"product_cat-ssd-hdd-drives","9":"first","10":"instock","11":"taxable","12":"shipping-taxable","13":"purchasable","14":"product-type-simple"},"_links":{"self":[{"href":"https:\/\/boreait.com\/hu\/wp-json\/wp\/v2\/product\/10597","targetHints":{"allow":["GET"]}}],"collection":[{"href":"https:\/\/boreait.com\/hu\/wp-json\/wp\/v2\/product"}],"about":[{"href":"https:\/\/boreait.com\/hu\/wp-json\/wp\/v2\/types\/product"}],"wp:featuredmedia":[{"embeddable":true,"href":"https:\/\/boreait.com\/hu\/wp-json\/wp\/v2\/media\/10628"}],"wp:attachment":[{"href":"https:\/\/boreait.com\/hu\/wp-json\/wp\/v2\/media?parent=10597"}],"wp:term":[{"taxonomy":"product_brand","embeddable":true,"href":"https:\/\/boreait.com\/hu\/wp-json\/wp\/v2\/product_brand?post=10597"},{"taxonomy":"product_cat","embeddable":true,"href":"https:\/\/boreait.com\/hu\/wp-json\/wp\/v2\/product_cat?post=10597"},{"taxonomy":"product_tag","embeddable":true,"href":"https:\/\/boreait.com\/hu\/wp-json\/wp\/v2\/product_tag?post=10597"}],"curies":[{"name":"wp","href":"https:\/\/api.w.org\/{rel}","templated":true}]}}