{"id":1058,"date":"2025-09-17T09:53:37","date_gmt":"2025-09-17T07:53:37","guid":{"rendered":"https:\/\/boreait.com\/hu\/?post_type=product&#038;p=1058"},"modified":"2026-01-09T09:12:09","modified_gmt":"2026-01-09T08:12:09","slug":"hp-elite-8300-tobbfunkcios-cpu-dc12v-070a-ventilator-687541-001-basa1825r2h","status":"publish","type":"product","link":"https:\/\/boreait.com\/hu\/termek\/hp-elite-8300-tobbfunkcios-cpu-dc12v-070a-ventilator-687541-001-basa1825r2h\/","title":{"rendered":"HP Elite 8300 t\u00f6bbfunkci\u00f3s CPU DC12V 0,70A ventil\u00e1tor 687541-001 BASA1825R2H"},"content":{"rendered":"<p>A HP Elite 8300 All-In-One CPU ventil\u00e1tor (687541-001) n\u00e9lk\u00fcl\u00f6zhetetlen eleme a HP Elite 8300 All-In-One asztali sz\u00e1m\u00edt\u00f3g\u00e9pe teljes\u00edtm\u00e9ny\u00e9nek \u00e9s megb\u00edzhat\u00f3s\u00e1g\u00e1nak meg\u0151rz\u00e9s\u00e9nek. Eredeti cserealkatr\u00e9szk\u00e9nt kifejezetten a HP tervezte \u00e9s tesztelte a kompatibilit\u00e1s \u00e9s a kiv\u00e1l\u00f3 teljes\u00edtm\u00e9ny biztos\u00edt\u00e1sa \u00e9rdek\u00e9ben.<\/p>\n<p>A CPU ventil\u00e1tor d\u00f6nt\u0151 szerepet j\u00e1tszik a sz\u00e1m\u00edt\u00f3g\u00e9p k\u00f6zponti feldolgoz\u00f3 egys\u00e9g\u00e9nek (CPU) h\u0171t\u00e9s\u00e9ben. M\u0171k\u00f6d\u00e9s k\u00f6zben a CPU h\u0151t termel, megfelel\u0151 h\u0171t\u00e9s n\u00e9lk\u00fcl pedig h\u0151szab\u00e1lyoz\u00e1shoz vezethet, ami befoly\u00e1solja a rendszer teljes\u00edtm\u00e9ny\u00e9t, \u00e9s k\u00e1ros\u00edthatja az \u00e9rz\u00e9keny alkatr\u00e9szeket.<\/p>\n<p>DC12V 0,70A besorol\u00e1s\u00e1val a HP Elite 8300 All-In-One CPU ventil\u00e1tor hat\u00e9konyan vonja el a h\u0151t a CPU-t\u00f3l, lehet\u0151v\u00e9 t\u00e9ve az optim\u00e1lis h\u0151m\u00e9rs\u00e9kleten val\u00f3 m\u0171k\u00f6d\u00e9st m\u00e9g intenz\u00edv feladatok sor\u00e1n is. Ez seg\u00edt fenntartani a sima \u00e9s stabil teljes\u00edtm\u00e9nyt, megel\u0151zve a rendszer t\u00falmeleged\u00e9s miatti lelassul\u00e1s\u00e1t vagy le\u00e1ll\u00e1s\u00e1t.<\/p>\n<p>A HP Elite 8300 All-In-One asztali sz\u00e1m\u00edt\u00f3g\u00e9phez z\u00f6kken\u0151mentesen illeszked\u0151 ventil\u00e1tor kiv\u00e1l\u00f3 min\u0151s\u00e9g\u0171 anyagokb\u00f3l k\u00e9sz\u00fclt, \u00edgy biztos\u00edtva a tart\u00f3ss\u00e1got \u00e9s a tart\u00f3s teljes\u00edtm\u00e9nyt. A ventil\u00e1tor megb\u00edzhat\u00f3 m\u0171k\u00f6d\u00e9se hozz\u00e1j\u00e1rul sz\u00e1m\u00edt\u00f3g\u00e9pe \u00e1ltal\u00e1nos \u00e9lettartam\u00e1hoz, cs\u00f6kkentve a k\u00f6lts\u00e9ges jav\u00edt\u00e1sok vagy cser\u00e9k kock\u00e1zat\u00e1t.<\/p>\n<p>Ha azt veszi \u00e9szre, hogy a HP Elite 8300 All-In-One asztali sz\u00e1m\u00edt\u00f3g\u00e9pe felmelegszik, rendszer\u00f6sszeoml\u00e1st tapasztal, vagy lelassul a megterhel\u0151 feladatok sor\u00e1n, akkor lehet, hogy ideje kicser\u00e9lni a CPU ventil\u00e1tort. Az eredeti HP Elite 8300 All-In-One CPU ventil\u00e1torral (687541-001) val\u00f3 friss\u00edt\u00e9s hat\u00e9konyan helyre\u00e1ll\u00edtja a sz\u00e1m\u00edt\u00f3g\u00e9p h\u0171t\u00e9si k\u00e9pess\u00e9g\u00e9t, \u00e9s megel\u0151zi a h\u0151vel kapcsolatos probl\u00e9m\u00e1kat.<\/p>\n<p>B\u00edzzon a HP Elite 8300 All-In-One CPU Fan (687541-001) eredeti min\u0151s\u00e9g\u00e9ben \u00e9s kompatibilit\u00e1s\u00e1ban, hogy asztali sz\u00e1m\u00edt\u00f3g\u00e9pe z\u00f6kken\u0151mentesen \u00e9s hat\u00e9konyan m\u0171k\u00f6dj\u00f6n. Ak\u00e1r \u00fczleti szakember, ak\u00e1r h\u00e9tk\u00f6znapi felhaszn\u00e1l\u00f3, a megfelel\u0151 h\u0171t\u00e9s fenntart\u00e1sa elengedhetetlen a teljes\u00edtm\u00e9ny maximaliz\u00e1l\u00e1s\u00e1hoz \u00e9s a megb\u00edzhat\u00f3 sz\u00e1m\u00edt\u00e1stechnikai \u00e9lm\u00e9ny biztos\u00edt\u00e1s\u00e1hoz. Cser\u00e9lje ki CPU ventil\u00e1tor\u00e1t erre az eredeti HP alkatr\u00e9szre, hogy HP Elite 8300 All-In-One asztali sz\u00e1m\u00edt\u00f3g\u00e9pe a lehet\u0151 legjobban m\u0171k\u00f6dj\u00f6n.<\/p>\n","protected":false},"excerpt":{"rendered":"<p>A HP Elite 8300 All-In-One CPU ventil\u00e1tor (687541-001) egy eredeti cserealkatr\u00e9sz, amelyet arra terveztek, hogy a HP Elite 8300 All-In-One asztali sz\u00e1m\u00edt\u00f3g\u00e9pe optim\u00e1lis h\u0151m\u00e9rs\u00e9kleten m\u0171k\u00f6dj\u00f6n. A DC12V 0,70A n\u00e9vleges teljes\u00edtm\u00e9ny\u00e9vel ez a ventil\u00e1tor hat\u00e9konyan vezeti el a h\u0151t, egyenletes teljes\u00edtm\u00e9nyt biztos\u00edt \u00e9s megakad\u00e1lyozza a t\u00falmeleged\u00e9st.<\/p>\n","protected":false},"featured_media":1109,"template":"","meta":[],"product_brand":[],"product_cat":[33],"product_tag":[25],"class_list":{"0":"post-1058","1":"product","2":"type-product","3":"status-publish","4":"has-post-thumbnail","6":"product_cat-cpu-fans-heatsinks","7":"product_tag-hp","9":"first","10":"instock","11":"taxable","12":"shipping-taxable","13":"purchasable","14":"product-type-simple"},"_links":{"self":[{"href":"https:\/\/boreait.com\/hu\/wp-json\/wp\/v2\/product\/1058","targetHints":{"allow":["GET"]}}],"collection":[{"href":"https:\/\/boreait.com\/hu\/wp-json\/wp\/v2\/product"}],"about":[{"href":"https:\/\/boreait.com\/hu\/wp-json\/wp\/v2\/types\/product"}],"wp:featuredmedia":[{"embeddable":true,"href":"https:\/\/boreait.com\/hu\/wp-json\/wp\/v2\/media\/1109"}],"wp:attachment":[{"href":"https:\/\/boreait.com\/hu\/wp-json\/wp\/v2\/media?parent=1058"}],"wp:term":[{"taxonomy":"product_brand","embeddable":true,"href":"https:\/\/boreait.com\/hu\/wp-json\/wp\/v2\/product_brand?post=1058"},{"taxonomy":"product_cat","embeddable":true,"href":"https:\/\/boreait.com\/hu\/wp-json\/wp\/v2\/product_cat?post=1058"},{"taxonomy":"product_tag","embeddable":true,"href":"https:\/\/boreait.com\/hu\/wp-json\/wp\/v2\/product_tag?post=1058"}],"curies":[{"name":"wp","href":"https:\/\/api.w.org\/{rel}","templated":true}]}}