{"id":10538,"date":"2025-09-17T12:57:29","date_gmt":"2025-09-17T10:57:29","guid":{"rendered":"https:\/\/boreait.com\/hu\/?post_type=product&#038;p=10538"},"modified":"2025-09-17T12:57:46","modified_gmt":"2025-09-17T10:57:46","slug":"01hvx1-1hvx1-belso-keret-a-dell-precision-7730-hoz-eredeti-cserealkatresz","status":"publish","type":"product","link":"https:\/\/boreait.com\/hu\/termek\/01hvx1-1hvx1-belso-keret-a-dell-precision-7730-hoz-eredeti-cserealkatresz\/","title":{"rendered":"01HVX1 1HVX1 bels\u0151 keret a Dell Precision 7730-hoz \u2013 Eredeti cserealkatr\u00e9sz"},"content":{"rendered":"<p>CN-01HVX1 bels\u0151 keret a Dell Precision 7730-hoz &#8211; 1HVX1<\/p>\n<p>Revitaliz\u00e1lja Dell Precision 7730 k\u00e9sz\u00fcl\u00e9k\u00e9t ezzel az eredeti CN-01HVX1 bels\u0151 kerettel. A s\u00e9r\u00fclt vagy elhaszn\u00e1l\u00f3dott keretek cser\u00e9j\u00e9re tervezett r\u00e9sz biztos\u00edtja, hogy laptopja meg\u0151rizze szerkezeti integrit\u00e1s\u00e1t \u00e9s teljes\u00edtm\u00e9ny\u00e9t.<\/p>\n<p>**A term\u00e9k jellemz\u0151i:**<\/p>\n<p>&#8211; **Kompatibilit\u00e1s:** Kifejezetten a Dell Precision 7730 laptopmodellhez tervezve.<\/p>\n<p>&#8211; **Funkcionalit\u00e1s:** Biztons\u00e1gos \u00e9s megb\u00edzhat\u00f3 csere a s\u00e9r\u00fclt bels\u0151 keretekhez.<\/p>\n<p>&#8211; **Min\u0151s\u00e9g:** Eredeti cserealkatr\u00e9sz az optim\u00e1lis illeszked\u00e9s \u00e9s tart\u00f3ss\u00e1g \u00e9rdek\u00e9ben.<\/p>\n<p>&#8211; **\u00c1llapot:** A mell\u00e9kelt fot\u00f3k a t\u00e9nylegesen megkapott r\u00e9szr\u0151l k\u00e9sz\u00fcltek, bemutatva az aktu\u00e1lis \u00e1llapotot.<\/p>\n<p>**Mi\u00e9rt v\u00e1lassza ezt a bels\u0151 keretet?**<\/p>\n<p>&#8211; **Struktur\u00e1lis t\u00e1mogat\u00e1s:** N\u00e9lk\u00fcl\u00f6zhetetlen laptopja \u00e1ltal\u00e1nos integrit\u00e1s\u00e1nak meg\u0151rz\u00e9s\u00e9hez.<\/p>\n<p>&#8211; **K\u00f6zvetlen csere:** K\u00f6nnyen telep\u00edthet\u0151, nincs sz\u00fcks\u00e9g tov\u00e1bbi m\u00f3dos\u00edt\u00e1sokra.<\/p>\n<p>&#8211; **El\u00e9rhet\u0151s\u00e9g az eg\u00e9sz vil\u00e1gon:** Vil\u00e1gszerte sz\u00e1ll\u00edtjuk, Eur\u00f3p\u00e1ra \u00f6sszpontos\u00edtva.<\/p>\n<p>K\u00e9rj\u00fck, vegye figyelembe, hogy a telep\u00edt\u00e9si utas\u00edt\u00e1sokat nem tartalmazza. Ha seg\u00edts\u00e9gre van sz\u00fcks\u00e9ge a telep\u00edt\u00e9shez, tov\u00e1bbi t\u00e1mogat\u00e1s\u00e9rt forduljon hozz\u00e1nk bizalommal. Az\u00e9rt vagyunk itt, hogy biztos\u00edtsuk a z\u00f6kken\u0151mentes csere\u00e9lm\u00e9nyt.<\/p>\n<p>**Fontos:** A list\u00e1ban szerepl\u0151 fot\u00f3k pontosan azt a bels\u0151 keretet \u00e1br\u00e1zolj\u00e1k, amelyet \u00d6n kap. Minden alkatr\u00e9szt alaposan megvizsg\u00e1lnak, hogy garant\u00e1lj\u00e1k a min\u0151s\u00e9get \u00e9s az \u00fcgyfelek el\u00e9gedetts\u00e9g\u00e9t.<\/p>\n","protected":false},"excerpt":{"rendered":"<p>CN-01HVX1 bels\u0151 keret a Dell Precision 7730-hoz \u2013 Eredeti cserealkatr\u00e9sz. \u00c1ll\u00edtsa vissza Dell Precision 7730 integrit\u00e1s\u00e1t ezzel a kiv\u00e1l\u00f3 min\u0151s\u00e9g\u0171 bels\u0151 kerettel, amely t\u00f6k\u00e9letes a s\u00e9r\u00fclt vagy elhaszn\u00e1l\u00f3dott keretek cser\u00e9j\u00e9hez.<\/p>\n","protected":false},"featured_media":10574,"template":"","meta":[],"product_brand":[],"product_cat":[16],"product_tag":[17],"class_list":{"0":"post-10538","1":"product","2":"type-product","3":"status-publish","4":"has-post-thumbnail","6":"product_cat-laptop-housing","7":"product_tag-dell","9":"first","10":"instock","11":"taxable","12":"shipping-taxable","13":"purchasable","14":"product-type-simple"},"_links":{"self":[{"href":"https:\/\/boreait.com\/hu\/wp-json\/wp\/v2\/product\/10538","targetHints":{"allow":["GET"]}}],"collection":[{"href":"https:\/\/boreait.com\/hu\/wp-json\/wp\/v2\/product"}],"about":[{"href":"https:\/\/boreait.com\/hu\/wp-json\/wp\/v2\/types\/product"}],"wp:featuredmedia":[{"embeddable":true,"href":"https:\/\/boreait.com\/hu\/wp-json\/wp\/v2\/media\/10574"}],"wp:attachment":[{"href":"https:\/\/boreait.com\/hu\/wp-json\/wp\/v2\/media?parent=10538"}],"wp:term":[{"taxonomy":"product_brand","embeddable":true,"href":"https:\/\/boreait.com\/hu\/wp-json\/wp\/v2\/product_brand?post=10538"},{"taxonomy":"product_cat","embeddable":true,"href":"https:\/\/boreait.com\/hu\/wp-json\/wp\/v2\/product_cat?post=10538"},{"taxonomy":"product_tag","embeddable":true,"href":"https:\/\/boreait.com\/hu\/wp-json\/wp\/v2\/product_tag?post=10538"}],"curies":[{"name":"wp","href":"https:\/\/api.w.org\/{rel}","templated":true}]}}