{"id":10513,"date":"2025-09-17T12:57:07","date_gmt":"2025-09-17T10:57:07","guid":{"rendered":"https:\/\/boreait.com\/hu\/?post_type=product&#038;p=10513"},"modified":"2025-09-17T12:57:40","modified_gmt":"2025-09-17T10:57:40","slug":"intel-server-board-s1200bt-lga1155-atx-ipmi-2-0-c204-lapkakeszlet-da0s09mb6c0-revc","status":"publish","type":"product","link":"https:\/\/boreait.com\/hu\/termek\/intel-server-board-s1200bt-lga1155-atx-ipmi-2-0-c204-lapkakeszlet-da0s09mb6c0-revc\/","title":{"rendered":"Intel Server Board S1200BT LGA1155, ATX, IPMI 2.0, C204 lapkak\u00e9szlet, DA0S09MB6C0 REV:C"},"content":{"rendered":"<p><strong>DA0S09MB6C0 REV:C\u00a0 \u2013 I\/O h\u00e1tt\u00e9rpajzs mell\u00e9kelve!<\/strong><\/p>\n<p>Az <strong>Intel\u00ae Server Board S1200BT<\/strong> egy megb\u00edzhat\u00f3 \u00e9s sokoldal\u00fa alaplap, amelyet kisv\u00e1llalkoz\u00e1sokhoz \u00e9s bel\u00e9p\u0151 szint\u0171 szervermegold\u00e1sokhoz terveztek. Az <strong>LGA1155 foglalattal<\/strong> \u00e9p\u00fclt, t\u00e1mogatja az <strong>Intel\u00ae <\/strong><strong>Xeon E3-1200 sorozat\u00fa processzorokat<\/strong>, amelyek hat\u00e9kony teljes\u00edtm\u00e9nyt ny\u00fajtanak a szerver ig\u00e9nyeinek. Ak\u00e1r <strong>\u00e1llv\u00e1nyt<\/strong> vagy <strong>talapzatot<\/strong> \u00e1ll\u00edt fel, ez a t\u00e1bla rugalmass\u00e1got \u00e9s m\u00e9retezhet\u0151s\u00e9get k\u00edn\u00e1l a n\u00f6vekv\u0151 v\u00e1llalkoz\u00e1sok sz\u00e1m\u00e1ra.<\/p>\n<p>Ez az <strong>ATX form\u00e1tum\u00fa<\/strong> k\u00e1rtya az <strong>Intel\u00ae C204 lapkak\u00e9szletet<\/strong> tartalmazza, amely a szerverek munkaterhel\u00e9s\u00e9re van optimaliz\u00e1lva, kiv\u00e1l\u00f3 adatkezel\u00e9st \u00e9s rendszerstabilit\u00e1st biztos\u00edtva. T\u00f6k\u00e9letes v\u00e1laszt\u00e1s azoknak a v\u00e1llalkoz\u00e1soknak, amelyek els\u0151 szervert szeretn\u00e9nek l\u00e9trehozni, vagy friss\u00edteni szeretn\u00e9k jelenlegi infrastrukt\u00far\u00e1jukat. Az <strong>IPMI 2.0<\/strong> szabv\u00e1nyt t\u00e1mogat\u00f3 integr\u00e1lt <strong>Baseboard Management Controller (BMC)<\/strong> seg\u00edts\u00e9g\u00e9vel az S1200BT robusztus t\u00e1vfel\u00fcgyeleti k\u00e9pess\u00e9geket k\u00edn\u00e1l, lehet\u0151v\u00e9 t\u00e9ve az informatikai rendszergazd\u00e1k sz\u00e1m\u00e1ra, hogy b\u00e1rhonnan fel\u00fcgyelj\u00e9k \u00e9s ir\u00e1ny\u00edts\u00e1k a szervert, minim\u00e1lis \u00e1ll\u00e1sid\u0151t biztos\u00edtva.<\/p>\n<p>A hat\u00e9kony teljes\u00edtm\u00e9nyre tervezett szerverk\u00e1rtya <strong>rackbar\u00e1t<\/strong>, \u00e9s t\u00e1mogatja a fejlett h\u00e1l\u00f3zati \u00e9s t\u00e1rol\u00e1si k\u00e9pess\u00e9geket ig\u00e9nyl\u0151 rendszerekkel val\u00f3 integr\u00e1ci\u00f3t. Az <strong>Intel\u00ae C204 lapkak\u00e9szlet<\/strong> kompatibilit\u00e1st biztos\u00edt olyan kulcsfontoss\u00e1g\u00fa v\u00e1llalati funkci\u00f3kkal is, mint a RAID t\u00e1rol\u00f3kezel\u00e9s, megb\u00edzhat\u00f3bb\u00e1 \u00e9s biztons\u00e1gba helyezve a szerverbe\u00e1ll\u00edt\u00e1st.<\/p>\n<p>Kisv\u00e1llalati m\u0171veletekhez ide\u00e1lis az <strong>Intel\u00ae Server Board S1200BT<\/strong>, amely egyes\u00edti a teljes\u00edtm\u00e9nyt, a hat\u00e9konys\u00e1got \u00e9s a kezelhet\u0151s\u00e9get, \u00edgy k\u00f6lts\u00e9ghat\u00e9kony megold\u00e1ss\u00e1 v\u00e1lik a robusztus bel\u00e9p\u0151 szint\u0171 szervert keres\u0151 v\u00e1llalkoz\u00e1sok sz\u00e1m\u00e1ra.<\/p>\n<p><strong>F\u0151bb jellemz\u0151k:<\/strong><\/p>\n<ul>\n<li><strong>LGA1155 foglalat<\/strong>, t\u00e1mogatja az <strong>Intel\u00ae Xeon E3-1200 sorozat\u00fa processzorokat<\/strong><\/li>\n<li><strong>ATX forma<\/strong>, illeszthet\u0151 <strong>rack- vagy talapzat\u00fa alv\u00e1zhoz<\/strong><\/li>\n<li><strong>Intel\u00ae C204 lapkak\u00e9szlet<\/strong> az optimaliz\u00e1lt szerverteljes\u00edtm\u00e9ny \u00e9rdek\u00e9ben<\/li>\n<li><strong>Integr\u00e1lt BMC IPMI 2.0-val<\/strong> a t\u00e1voli kezel\u00e9shez<\/li>\n<li>Ide\u00e1lis kisv\u00e1llalkoz\u00e1sok \u00e9s els\u0151 szerverbe\u00e1ll\u00edt\u00e1sok sz\u00e1m\u00e1ra<\/li>\n<li><strong>Rackbar\u00e1t t\u00e1bla<\/strong>, az egyszer\u0171 integr\u00e1ci\u00f3 \u00e9rdek\u00e9ben<\/li>\n<li>T\u00f6k\u00e9letes egyens\u00faly a teljes\u00edtm\u00e9ny \u00e9s a m\u00e9retezhet\u0151s\u00e9g k\u00f6z\u00f6tt kisv\u00e1llalkoz\u00e1sok sz\u00e1m\u00e1ra<\/li>\n<\/ul>\n","protected":false},"excerpt":{"rendered":"<p>Az <strong>Intel\u00ae Server Board S1200BT<\/strong> egy sokoldal\u00fa szerveralaplap <strong>LGA1155 foglalattal<\/strong> \u00e9s <strong>Intel\u00ae C204 chipk\u00e9szlettel<\/strong>, ide\u00e1lis kisv\u00e1llalkoz\u00e1si megold\u00e1sokhoz. T\u00e1mogatja az <strong>IPMI 2.0<\/strong> szabv\u00e1nyt a t\u00e1voli fel\u00fcgyelethez, \u00e9s rack-bar\u00e1t, \u00edgy t\u00f6k\u00e9letes a hat\u00e9kony szervertelep\u00edt\u00e9shez <strong>rack<\/strong> vagy <strong>talapzatos h\u00e1z<\/strong> be\u00e1ll\u00edt\u00e1sokban.<\/p>\n","protected":false},"featured_media":10563,"template":"","meta":[],"product_brand":[],"product_cat":[27],"product_tag":[],"class_list":{"0":"post-10513","1":"product","2":"type-product","3":"status-publish","4":"has-post-thumbnail","6":"product_cat-motherboards-board-parts","8":"first","9":"instock","10":"taxable","11":"shipping-taxable","12":"purchasable","13":"product-type-simple"},"_links":{"self":[{"href":"https:\/\/boreait.com\/hu\/wp-json\/wp\/v2\/product\/10513","targetHints":{"allow":["GET"]}}],"collection":[{"href":"https:\/\/boreait.com\/hu\/wp-json\/wp\/v2\/product"}],"about":[{"href":"https:\/\/boreait.com\/hu\/wp-json\/wp\/v2\/types\/product"}],"wp:featuredmedia":[{"embeddable":true,"href":"https:\/\/boreait.com\/hu\/wp-json\/wp\/v2\/media\/10563"}],"wp:attachment":[{"href":"https:\/\/boreait.com\/hu\/wp-json\/wp\/v2\/media?parent=10513"}],"wp:term":[{"taxonomy":"product_brand","embeddable":true,"href":"https:\/\/boreait.com\/hu\/wp-json\/wp\/v2\/product_brand?post=10513"},{"taxonomy":"product_cat","embeddable":true,"href":"https:\/\/boreait.com\/hu\/wp-json\/wp\/v2\/product_cat?post=10513"},{"taxonomy":"product_tag","embeddable":true,"href":"https:\/\/boreait.com\/hu\/wp-json\/wp\/v2\/product_tag?post=10513"}],"curies":[{"name":"wp","href":"https:\/\/api.w.org\/{rel}","templated":true}]}}