{"id":10496,"date":"2025-09-17T12:56:44","date_gmt":"2025-09-17T10:56:44","guid":{"rendered":"https:\/\/boreait.com\/hu\/?post_type=product&#038;p=10496"},"modified":"2026-02-07T17:05:50","modified_gmt":"2026-02-07T16:05:50","slug":"hp-soros-port-adapter-628646-001-eredeti-alkatresz","status":"publish","type":"product","link":"https:\/\/boreait.com\/hu\/termek\/hp-soros-port-adapter-628646-001-eredeti-alkatresz\/","title":{"rendered":"HP soros port adapter 628646-001 &#8211; Eredeti alkatr\u00e9sz"},"content":{"rendered":"<p>HP soros port adapter (628646-001)<\/p>\n<p>Ez a HP soros port adapter (628646-001) ide\u00e1lis megold\u00e1s a HP hib\u00e1s vagy hi\u00e1nyz\u00f3 soros portj\u00e1nak p\u00f3tl\u00e1s\u00e1ra. K\u00f6zvetlen illeszked\u00e9st k\u00edn\u00e1l, \u00e9s kompatibilit\u00e1st biztos\u00edt bizonyos HP modellekkel, vissza\u00e1ll\u00edtva a soros kommunik\u00e1ci\u00f3hoz sz\u00fcks\u00e9ges funkcionalit\u00e1st.<\/p>\n<p>**A term\u00e9k jellemz\u0151i:**<\/p>\n<p>&#8211; **Kompatibilit\u00e1s:** Egyes HP-modellekkel m\u0171k\u00f6dik, amelyekhez 628646-001 soros port adapter sz\u00fcks\u00e9ges.<\/p>\n<p>&#8211; **Alkatr\u00e9szsz\u00e1m:** 628646-001.<\/p>\n<p>&#8211; **Funkcionalit\u00e1s:** Lehet\u0151v\u00e9 teszi a soros kommunik\u00e1ci\u00f3t a s\u00e9r\u00fclt vagy hi\u00e1nyz\u00f3 portok p\u00f3tl\u00e1s\u00e1val.<\/p>\n<p>&#8211; **\u00c1llapot:** A k\u00e9pek a t\u00e9nyleges adaptert mutatj\u00e1k, amit kapni fog, \u00edgy pontosan tudja, mire sz\u00e1m\u00edthat.<\/p>\n<p>**Mi\u00e9rt v\u00e1lassza ezt az adaptert?**<\/p>\n<p>&#8211; **Vissza\u00e1ll\u00edtja a funkcionalit\u00e1st:** T\u00f6k\u00e9letes megold\u00e1s a hi\u00e1nyz\u00f3 vagy hib\u00e1s soros porttal kapcsolatos probl\u00e9m\u00e1k megold\u00e1s\u00e1ra.<\/p>\n<p>&#8211; **K\u00f6nny\u0171 csere:** K\u00f6zvetlen\u00fcl illeszked\u0151 kialak\u00edt\u00e1s, amely egyszer\u0171v\u00e9 \u00e9s probl\u00e9mamentess\u00e9 teszi a telep\u00edt\u00e9st.<\/p>\n<p>&#8211; **Sz\u00e1ll\u00edt\u00e1s az eg\u00e9sz vil\u00e1gon:** El\u00e9rhet\u0151 glob\u00e1lis sz\u00e1ll\u00edt\u00e1sra, k\u00fcl\u00f6n\u00f6sen Eur\u00f3p\u00e1ban.<\/p>\n<p>K\u00e9rj\u00fck, vegye figyelembe, hogy a telep\u00edt\u00e9si utas\u00edt\u00e1sokat nem tartalmazza. Ha seg\u00edts\u00e9gre van sz\u00fcks\u00e9ge a telep\u00edt\u00e9shez, forduljon bizalommal seg\u00edts\u00e9g\u00e9rt.<\/p>\n<p>**Fontos:** A term\u00e9kk\u00e9pek a t\u00e9nyleges soros port adaptert jelen\u00edtik meg, amelyet a min\u0151s\u00e9g biztos\u00edt\u00e1sa \u00e9rdek\u00e9ben alaposan \u00e1tvizsg\u00e1lva sz\u00e1ll\u00edtunk \u00d6nnek.<\/p>\n","protected":false},"excerpt":{"rendered":"<p>HP soros port adapter (628646-001) \u2013 Eredeti alkatr\u00e9sz, t\u00f6k\u00e9letes a hib\u00e1s vagy hi\u00e1nyz\u00f3 soros port adapter cser\u00e9j\u00e9hez kompatibilis HP eszk\u00f6z\u00f6kben.<\/p>\n","protected":false},"featured_media":10556,"template":"","meta":[],"product_brand":[],"product_cat":[27],"product_tag":[25],"class_list":{"0":"post-10496","1":"product","2":"type-product","3":"status-publish","4":"has-post-thumbnail","6":"product_cat-motherboards-board-parts","7":"product_tag-hp","9":"first","10":"instock","11":"taxable","12":"shipping-taxable","13":"purchasable","14":"product-type-simple"},"_links":{"self":[{"href":"https:\/\/boreait.com\/hu\/wp-json\/wp\/v2\/product\/10496","targetHints":{"allow":["GET"]}}],"collection":[{"href":"https:\/\/boreait.com\/hu\/wp-json\/wp\/v2\/product"}],"about":[{"href":"https:\/\/boreait.com\/hu\/wp-json\/wp\/v2\/types\/product"}],"wp:featuredmedia":[{"embeddable":true,"href":"https:\/\/boreait.com\/hu\/wp-json\/wp\/v2\/media\/10556"}],"wp:attachment":[{"href":"https:\/\/boreait.com\/hu\/wp-json\/wp\/v2\/media?parent=10496"}],"wp:term":[{"taxonomy":"product_brand","embeddable":true,"href":"https:\/\/boreait.com\/hu\/wp-json\/wp\/v2\/product_brand?post=10496"},{"taxonomy":"product_cat","embeddable":true,"href":"https:\/\/boreait.com\/hu\/wp-json\/wp\/v2\/product_cat?post=10496"},{"taxonomy":"product_tag","embeddable":true,"href":"https:\/\/boreait.com\/hu\/wp-json\/wp\/v2\/product_tag?post=10496"}],"curies":[{"name":"wp","href":"https:\/\/api.w.org\/{rel}","templated":true}]}}