{"id":10494,"date":"2025-09-17T12:56:44","date_gmt":"2025-09-17T10:56:44","guid":{"rendered":"https:\/\/boreait.com\/hu\/?post_type=product&#038;p=10494"},"modified":"2025-09-17T12:57:35","modified_gmt":"2025-09-17T10:57:35","slug":"adapter-blindmate-rev-b-es-merevlemez-ssd-caddy-laptop-cserealkatreszek","status":"publish","type":"product","link":"https:\/\/boreait.com\/hu\/termek\/adapter-blindmate-rev-b-es-merevlemez-ssd-caddy-laptop-cserealkatreszek\/","title":{"rendered":"Adapter Blindmate Rev. B \u00e9s merevlemez SSD Caddy &#8211; Laptop cserealkatr\u00e9szek"},"content":{"rendered":"<p>Adapter Blindmate Rev. B \u00e9s merevlemez SSD Caddy<\/p>\n<p>Friss\u00edteni vagy cser\u00e9lni szeretn\u00e9 a laptop alapvet\u0151 alkatr\u00e9szeit? Ez a k\u00e9szlet egy **Kiv\u00e1l\u00f3 min\u0151s\u00e9g\u0171 Blindmate Rev. B** adaptert \u00e9s egy **Hard Drive Caddy-t** tartalmaz, amelyeket \u00fagy terveztek, hogy megfeleljenek laptopja hardverk\u00f6vetelm\u00e9nyeinek.<\/p>\n<p>**A term\u00e9k jellemz\u0151i:**<\/p>\n<p>&#8211; **Adaptor Blindmate Rev. B:** Megb\u00edzhat\u00f3 megold\u00e1s a laptopok csatlakoztat\u00e1s\u00e1hoz, z\u00f6kken\u0151mentes kompatibilit\u00e1st biztos\u00edtva k\u00fcl\u00f6nf\u00e9le eszk\u00f6z\u00f6kkel.<\/p>\n<p>&#8211; ** Merevlemez SSD Caddy:** T\u00f6k\u00e9letes a laptop merevlemez-rekesz\u00e9nek cser\u00e9j\u00e9hez vagy b\u0151v\u00edt\u00e9s\u00e9hez. Seg\u00edt biztons\u00e1gosan r\u00f6gz\u00edteni a merevlemezt, \u00e9s haszn\u00e1lat k\u00f6zben is a hely\u00e9n tartja.<\/p>\n<p>&#8211; **Kompatibilit\u00e1s:** Ide\u00e1lis olyan laptopokhoz, amelyekhez Blindmate Rev. B adapterek \u00e9s szabv\u00e1nyos merevlemez-tart\u00f3k sz\u00fcks\u00e9gesek.<\/p>\n<p>&#8211; **Val\u00f3di fot\u00f3k:** A term\u00e9kk\u00e9pek a t\u00e9nylegesen megkapott alkatr\u00e9szeket t\u00fckr\u00f6zik.<\/p>\n<p>**Mi\u00e9rt v\u00e1lassza ezt a k\u00e9szletet?**<\/p>\n<p>&#8211; **Z\u00f6kken\u0151mentes csatlakoztathat\u00f3s\u00e1g:** A Blindmate adapter stabil \u00e9s hat\u00e9kony kapcsolatot biztos\u00edt.<\/p>\n<p>&#8211; **K\u00f6nny\u0171 friss\u00edt\u00e9s:** A merevlemez-tart\u00f3 egyszer\u0171 telep\u00edt\u00e9st vagy cser\u00e9t tesz lehet\u0151v\u00e9, \u00edgy a laptop t\u00e1rol\u00e1s\u00e1ra is egyszer\u0171en b\u0151v\u00edthet\u0151.<\/p>\n<p>&#8211; **Glob\u00e1lis sz\u00e1ll\u00edt\u00e1s:** Vil\u00e1gszerte sz\u00e1ll\u00edtunk, Eur\u00f3p\u00e1ra \u00f6sszpontos\u00edtva.<\/p>\n<p>K\u00e9rj\u00fck, vegye figyelembe, hogy nem adunk telep\u00edt\u00e9si utas\u00edt\u00e1sokat. Ha seg\u00edts\u00e9gre van sz\u00fcks\u00e9ge, forduljon hozz\u00e1nk bizalommal \u00fatmutat\u00e1s\u00e9rt.<\/p>\n<p>**Fontos:** Az ezen a list\u00e1n szerepl\u0151 fot\u00f3k pontosan a kapott adapterr\u0151l \u00e9s merevlemez-tart\u00f3r\u00f3l k\u00e9sz\u00fcltek. Minden elemet megvizsg\u00e1lnak a megfelel\u0151 m\u0171k\u00f6d\u00e9s biztos\u00edt\u00e1sa \u00e9rdek\u00e9ben.<\/p>\n","protected":false},"excerpt":{"rendered":"<p>Adapter Blindmate Rev. B &amp; Hard Drive Caddy \u2013 Eredeti cserealkatr\u00e9szek laptopokhoz. Ide\u00e1lis a jelenlegi konfigur\u00e1ci\u00f3 friss\u00edt\u00e9s\u00e9hez vagy cser\u00e9j\u00e9hez, ez az adapter \u00e9s a caddy kiv\u00e1l\u00f3 min\u0151s\u00e9g\u0171 alkatr\u00e9szek, amelyek biztos\u00edtj\u00e1k a megfelel\u0151 illeszked\u00e9st \u00e9s m\u0171k\u00f6d\u00e9st.<\/p>\n","protected":false},"featured_media":10552,"template":"","meta":[],"product_brand":[],"product_cat":[16],"product_tag":[],"class_list":{"0":"post-10494","1":"product","2":"type-product","3":"status-publish","4":"has-post-thumbnail","6":"product_cat-laptop-housing","8":"first","9":"instock","10":"taxable","11":"shipping-taxable","12":"purchasable","13":"product-type-simple"},"_links":{"self":[{"href":"https:\/\/boreait.com\/hu\/wp-json\/wp\/v2\/product\/10494","targetHints":{"allow":["GET"]}}],"collection":[{"href":"https:\/\/boreait.com\/hu\/wp-json\/wp\/v2\/product"}],"about":[{"href":"https:\/\/boreait.com\/hu\/wp-json\/wp\/v2\/types\/product"}],"wp:featuredmedia":[{"embeddable":true,"href":"https:\/\/boreait.com\/hu\/wp-json\/wp\/v2\/media\/10552"}],"wp:attachment":[{"href":"https:\/\/boreait.com\/hu\/wp-json\/wp\/v2\/media?parent=10494"}],"wp:term":[{"taxonomy":"product_brand","embeddable":true,"href":"https:\/\/boreait.com\/hu\/wp-json\/wp\/v2\/product_brand?post=10494"},{"taxonomy":"product_cat","embeddable":true,"href":"https:\/\/boreait.com\/hu\/wp-json\/wp\/v2\/product_cat?post=10494"},{"taxonomy":"product_tag","embeddable":true,"href":"https:\/\/boreait.com\/hu\/wp-json\/wp\/v2\/product_tag?post=10494"}],"curies":[{"name":"wp","href":"https:\/\/api.w.org\/{rel}","templated":true}]}}