{"id":10480,"date":"2025-09-17T12:56:22","date_gmt":"2025-09-17T10:56:22","guid":{"rendered":"https:\/\/boreait.com\/hu\/?post_type=product&#038;p=10480"},"modified":"2026-02-07T17:05:16","modified_gmt":"2026-02-07T16:05:16","slug":"bulk-2-x-w1333eb4gm-ddr-1333-cl9-ecc-micron-4g-256x8-ram-asztali-memoriamodul","status":"publish","type":"product","link":"https:\/\/boreait.com\/hu\/termek\/bulk-2-x-w1333eb4gm-ddr-1333-cl9-ecc-micron-4g-256x8-ram-asztali-memoriamodul\/","title":{"rendered":"BULK 2 x W1333EB4GM DDR-1333 CL9 ECC Micron 4G\/256&#215;8 RAM asztali mem\u00f3riamodul"},"content":{"rendered":"<p>2 x W1333EB4GM DDR-1333 CL9 ECC Micron 4G\/256&#215;8 RAM<\/p>\n<p>B\u0151v\u00edtse asztali sz\u00e1m\u00edt\u00f3g\u00e9pe mem\u00f3ri\u00e1j\u00e1t a W1333EB4GM DDR-1333 CL9 ECC Micron 4G\/256&#215;8 RAM modullal. A megb\u00edzhat\u00f3s\u00e1gra \u00e9s teljes\u00edtm\u00e9nyre tervezett mem\u00f3ria ide\u00e1lis azoknak a felhaszn\u00e1l\u00f3knak, akik szeretn\u00e9k jav\u00edtani rendszer\u00fck t\u00f6bbfeladatos k\u00e9pess\u00e9geit \u00e9s \u00e1ltal\u00e1nos hat\u00e9konys\u00e1g\u00e1t.<\/p>\n<p>**A term\u00e9k jellemz\u0151i:**<\/p>\n<p>&#8211; **Modellsz\u00e1m:** W1333EB4GM<\/p>\n<p>&#8211; **Mem\u00f3ria t\u00edpusa:** DDR-1333<\/p>\n<p>&#8211; **CAS k\u00e9sleltet\u00e9s:** CL9<\/p>\n<p>&#8211; **Hibajav\u00edt\u00e1s:** ECC (Hibajav\u00edt\u00f3 k\u00f3d) a jobb adatintegrit\u00e1s \u00e9rdek\u00e9ben.<\/p>\n<p>&#8211; **Kapacit\u00e1s:** 4 GB<\/p>\n<p>&#8211; **Chip konfigur\u00e1ci\u00f3:** 256&#215;8<\/p>\n<p>&#8211; **Gy\u00e1rt\u00f3:** Mikron<\/p>\n<p>**Mi\u00e9rt v\u00e1lassza ezt a RAM-modult?**<\/p>\n<p>&#8211; **Teljes\u00edtm\u00e9nyn\u00f6vel\u00e9s:** B\u0151v\u00edtse asztali sz\u00e1m\u00edt\u00f3g\u00e9pe RAM-j\u00e1t a sim\u00e1bb t\u00f6bbfeladatos munkav\u00e9gz\u00e9s \u00e9s a gyorsabb alkalmaz\u00e1sbet\u00f6lt\u00e9s \u00e9rdek\u00e9ben.<\/p>\n<p>&#8211; **ECC technol\u00f3gia:** Ide\u00e1lis szerverekhez \u00e9s munka\u00e1llom\u00e1sokhoz, ahol az adatok integrit\u00e1sa kulcsfontoss\u00e1g\u00fa, seg\u00edt megel\u0151zni az adats\u00e9r\u00fcl\u00e9st.<\/p>\n<p>&#8211; **Kompatibilit\u00e1s:** Sz\u00e1mos DDR-1333 mem\u00f3ri\u00e1t ig\u00e9nyl\u0151 asztali sz\u00e1m\u00edt\u00f3g\u00e9phez haszn\u00e1lhat\u00f3.<\/p>\n<p>K\u00e9rj\u00fck, vegye figyelembe, hogy a telep\u00edt\u00e9si utas\u00edt\u00e1sokat nem tartalmazza. Ha seg\u00edts\u00e9gre van sz\u00fcks\u00e9ge a telep\u00edt\u00e9shez, tov\u00e1bbi t\u00e1mogat\u00e1s\u00e9rt forduljon hozz\u00e1nk bizalommal. Az\u00e9rt vagyunk itt, hogy seg\u00edts\u00fcnk a z\u00f6kken\u0151mentes friss\u00edt\u00e9si folyamatban.<\/p>\n<p>**Fontos:** A list\u00e1ban szerepl\u0151 fot\u00f3k pontosan azt a RAM-modult \u00e1br\u00e1zolj\u00e1k, amelyet kapni fog. Minden alkatr\u00e9szt alaposan megvizsg\u00e1lnak a min\u0151s\u00e9g \u00e9s az \u00fcgyfelek el\u00e9gedetts\u00e9ge \u00e9rdek\u00e9ben.<\/p>\n","protected":false},"excerpt":{"rendered":"<p>W1333EB4GM DDR-1333 CL9 ECC Micron 4G\/256&#215;8 RAM \u2013 N\u00f6velje asztali sz\u00e1m\u00edt\u00f3g\u00e9pe teljes\u00edtm\u00e9ny\u00e9t ezzel a megb\u00edzhat\u00f3 mem\u00f3riamodullal, amely t\u00f6k\u00e9letes a t\u00f6bbfeladatos munkav\u00e9gz\u00e9s \u00e9s a rendszer \u00e1ltal\u00e1nos hat\u00e9konys\u00e1g\u00e1nak jav\u00edt\u00e1s\u00e1ra.<\/p>\n","protected":false},"featured_media":10545,"template":"","meta":[],"product_brand":[],"product_cat":[36],"product_tag":[],"class_list":{"0":"post-10480","1":"product","2":"type-product","3":"status-publish","4":"has-post-thumbnail","6":"product_cat-ram-memory","8":"first","9":"instock","10":"taxable","11":"shipping-taxable","12":"purchasable","13":"product-type-simple"},"_links":{"self":[{"href":"https:\/\/boreait.com\/hu\/wp-json\/wp\/v2\/product\/10480","targetHints":{"allow":["GET"]}}],"collection":[{"href":"https:\/\/boreait.com\/hu\/wp-json\/wp\/v2\/product"}],"about":[{"href":"https:\/\/boreait.com\/hu\/wp-json\/wp\/v2\/types\/product"}],"wp:featuredmedia":[{"embeddable":true,"href":"https:\/\/boreait.com\/hu\/wp-json\/wp\/v2\/media\/10545"}],"wp:attachment":[{"href":"https:\/\/boreait.com\/hu\/wp-json\/wp\/v2\/media?parent=10480"}],"wp:term":[{"taxonomy":"product_brand","embeddable":true,"href":"https:\/\/boreait.com\/hu\/wp-json\/wp\/v2\/product_brand?post=10480"},{"taxonomy":"product_cat","embeddable":true,"href":"https:\/\/boreait.com\/hu\/wp-json\/wp\/v2\/product_cat?post=10480"},{"taxonomy":"product_tag","embeddable":true,"href":"https:\/\/boreait.com\/hu\/wp-json\/wp\/v2\/product_tag?post=10480"}],"curies":[{"name":"wp","href":"https:\/\/api.w.org\/{rel}","templated":true}]}}