{"id":10479,"date":"2025-09-17T12:56:22","date_gmt":"2025-09-17T10:56:22","guid":{"rendered":"https:\/\/boreait.com\/hu\/?post_type=product&#038;p=10479"},"modified":"2025-09-17T12:57:31","modified_gmt":"2025-09-17T10:57:31","slug":"bulk-512mb-1rx8-pc2-4200u-444-11-a1-ram-asztali-szamitogephez-eredeti-csere","status":"publish","type":"product","link":"https:\/\/boreait.com\/hu\/termek\/bulk-512mb-1rx8-pc2-4200u-444-11-a1-ram-asztali-szamitogephez-eredeti-csere\/","title":{"rendered":"BULK 512MB 1Rx8 PC2-4200U-444-11-A1 RAM asztali sz\u00e1m\u00edt\u00f3g\u00e9phez \u2013 Eredeti csere"},"content":{"rendered":"<p>512 MB 1Rx8 PC2-4200U-444-11-A1 RAM asztali sz\u00e1m\u00edt\u00f3g\u00e9phez<\/p>\n<p>N\u00f6velje asztali sz\u00e1m\u00edt\u00f3g\u00e9pe teljes\u00edtm\u00e9ny\u00e9t ezzel az 512 MB 1Rx8 PC2-4200U-444-11-A1 RAM modullal. A megb\u00edzhat\u00f3 \u00e9s hat\u00e9kony m\u0171k\u00f6d\u00e9sre tervezett mem\u00f3ria t\u00f6k\u00e9letes megold\u00e1s a rendszer sebess\u00e9g\u00e9nek \u00e9s a t\u00f6bbfeladatos k\u00e9pess\u00e9gek n\u00f6vel\u00e9s\u00e9re.<\/p>\n<p>**A term\u00e9k jellemz\u0151i:**<\/p>\n<p>&#8211; **M\u0171szaki adatok:** 512 MB kapacit\u00e1s, 1Rx8 konfigur\u00e1ci\u00f3, PC2-4200U, 444-11 id\u0151z\u00edt\u00e9s.<\/p>\n<p>&#8211; **Kompatibilit\u00e1s:** A PC2-4200 RAM-ot t\u00e1mogat\u00f3 asztali rendszerek sz\u00e9les sk\u00e1l\u00e1j\u00e1hoz alkalmas.<\/p>\n<p>&#8211; **Min\u0151s\u00e9g:** Eredeti cseremem\u00f3riamodul a megb\u00edzhat\u00f3 teljes\u00edtm\u00e9ny \u00e9rdek\u00e9ben.<\/p>\n<p>&#8211; **\u00c1llapot:** A mell\u00e9kelt fot\u00f3k a t\u00e9nylegesen megkapott RAM-modulr\u00f3l k\u00e9sz\u00fcltek, bemutatva a jelenlegi \u00e1llapot\u00e1t.<\/p>\n<p>**Mi\u00e9rt v\u00e1lassza ezt a RAM-modult?**<\/p>\n<p>&#8211; **Tov\u00e1bbfejlesztett teljes\u00edtm\u00e9ny:** Ide\u00e1lis r\u00e9gebbi rendszerek friss\u00edt\u00e9s\u00e9hez vagy a teljes\u00edtm\u00e9ny fokoz\u00e1s\u00e1hoz t\u00f6bbfeladatos k\u00f6rnyezetben.<\/p>\n<p>&#8211; **Egyszer\u0171 telep\u00edt\u00e9s:** Egyszer\u0171 telep\u00edt\u00e9sre tervezt\u00e9k, m\u00f3dos\u00edt\u00e1sok n\u00e9lk\u00fcl.<\/p>\n<p>&#8211; **Glob\u00e1lis sz\u00e1ll\u00edt\u00e1s:** Megv\u00e1s\u00e1rolhat\u00f3 \u00e9s sz\u00e1ll\u00edthat\u00f3 vil\u00e1gszerte, Eur\u00f3p\u00e1ra \u00f6sszpontos\u00edtva.<\/p>\n<p>K\u00e9rj\u00fck, vegye figyelembe, hogy a telep\u00edt\u00e9si utas\u00edt\u00e1sokat nem tartalmazza. Ha seg\u00edts\u00e9gre van sz\u00fcks\u00e9ge a telep\u00edt\u00e9shez, tov\u00e1bbi t\u00e1mogat\u00e1s\u00e9rt forduljon hozz\u00e1nk bizalommal. Az\u00e9rt vagyunk itt, hogy biztos\u00edtsuk a z\u00f6kken\u0151mentes csere\u00e9lm\u00e9nyt.<\/p>\n<p>**Fontos:** A list\u00e1ban szerepl\u0151 fot\u00f3k pontosan azt a RAM-modult \u00e1br\u00e1zolj\u00e1k, amelyet kapni fog. Minden alkatr\u00e9szt alaposan megvizsg\u00e1lnak, hogy garant\u00e1lj\u00e1k a min\u0151s\u00e9get \u00e9s az \u00fcgyfelek el\u00e9gedetts\u00e9g\u00e9t.<\/p>\n","protected":false},"excerpt":{"rendered":"<p>512 MB 1Rx8 PC2-4200U-444-11-A1 RAM asztali sz\u00e1m\u00edt\u00f3g\u00e9pekhez \u2013 Megb\u00edzhat\u00f3 cseremem\u00f3ria. N\u00f6velje asztali sz\u00e1m\u00edt\u00f3g\u00e9pe teljes\u00edtm\u00e9ny\u00e9t ezzel a kiv\u00e1l\u00f3 min\u0151s\u00e9g\u0171 512 MB RAM modullal, amely t\u00f6k\u00e9letes a rendszer sebess\u00e9g\u00e9nek \u00e9s hat\u00e9konys\u00e1g\u00e1nak n\u00f6vel\u00e9s\u00e9re.<\/p>\n","protected":false},"featured_media":10544,"template":"","meta":[],"product_brand":[],"product_cat":[41,36],"product_tag":[],"class_list":{"0":"post-10479","1":"product","2":"type-product","3":"status-publish","4":"has-post-thumbnail","6":"product_cat-ddr2","7":"product_cat-ram-memory","9":"first","10":"instock","11":"taxable","12":"shipping-taxable","13":"purchasable","14":"product-type-simple"},"_links":{"self":[{"href":"https:\/\/boreait.com\/hu\/wp-json\/wp\/v2\/product\/10479","targetHints":{"allow":["GET"]}}],"collection":[{"href":"https:\/\/boreait.com\/hu\/wp-json\/wp\/v2\/product"}],"about":[{"href":"https:\/\/boreait.com\/hu\/wp-json\/wp\/v2\/types\/product"}],"wp:featuredmedia":[{"embeddable":true,"href":"https:\/\/boreait.com\/hu\/wp-json\/wp\/v2\/media\/10544"}],"wp:attachment":[{"href":"https:\/\/boreait.com\/hu\/wp-json\/wp\/v2\/media?parent=10479"}],"wp:term":[{"taxonomy":"product_brand","embeddable":true,"href":"https:\/\/boreait.com\/hu\/wp-json\/wp\/v2\/product_brand?post=10479"},{"taxonomy":"product_cat","embeddable":true,"href":"https:\/\/boreait.com\/hu\/wp-json\/wp\/v2\/product_cat?post=10479"},{"taxonomy":"product_tag","embeddable":true,"href":"https:\/\/boreait.com\/hu\/wp-json\/wp\/v2\/product_tag?post=10479"}],"curies":[{"name":"wp","href":"https:\/\/api.w.org\/{rel}","templated":true}]}}