{"id":10478,"date":"2025-09-17T12:56:21","date_gmt":"2025-09-17T10:56:21","guid":{"rendered":"https:\/\/boreait.com\/hu\/?post_type=product&#038;p=10478"},"modified":"2025-09-17T12:57:30","modified_gmt":"2025-09-17T10:57:30","slug":"16-gb-2rx4-pc3l-12800r-memoriamodul-hmt42gr7afr4a-pb-asztali-szamitogepekhez","status":"publish","type":"product","link":"https:\/\/boreait.com\/hu\/termek\/16-gb-2rx4-pc3l-12800r-memoriamodul-hmt42gr7afr4a-pb-asztali-szamitogepekhez\/","title":{"rendered":"16 GB 2Rx4 PC3L 12800R mem\u00f3riamodul HMT42GR7AFR4A-PB asztali sz\u00e1m\u00edt\u00f3g\u00e9pekhez"},"content":{"rendered":"<p>16 GB 2Rx4 PC3L 12800R mem\u00f3riamodul (HMT42GR7AFR4A-PB) asztali sz\u00e1m\u00edt\u00f3g\u00e9pekhez<\/p>\n<p>Fokozza asztali sz\u00e1m\u00edt\u00f3g\u00e9pe teljes\u00edtm\u00e9ny\u00e9t ezzel a kiv\u00e1l\u00f3 min\u0151s\u00e9g\u0171 16 GB-os mem\u00f3riamodullal. A k\u00fcl\u00f6nf\u00e9le asztali rendszerekkel val\u00f3 kompatibilit\u00e1sra tervezett modul t\u00f6k\u00e9letes a sz\u00e1m\u00edt\u00f3g\u00e9p mem\u00f3ri\u00e1j\u00e1nak b\u0151v\u00edt\u00e9s\u00e9re a nagyobb sebess\u00e9g \u00e9s t\u00f6bbfeladatos k\u00e9pess\u00e9gek \u00e9rdek\u00e9ben.<\/p>\n<p>**A term\u00e9k jellemz\u0151i:**<\/p>\n<p>&#8211; **Mem\u00f3ria m\u00e9rete:** 16 GB<\/p>\n<p>&#8211; **T\u00edpus:** 2Rx4 PC3L 12800R<\/p>\n<p>&#8211; **Modellsz\u00e1m:** HMT42GR7AFR4A-PB<\/p>\n<p>&#8211; **Kompatibilit\u00e1s:** Ide\u00e1lis az 12800 MT\/s sebess\u00e9g\u0171 DDR3 mem\u00f3ri\u00e1t ig\u00e9nyl\u0151 asztali sz\u00e1m\u00edt\u00f3g\u00e9pekhez.<\/p>\n<p>&#8211; **Min\u0151s\u00e9g:** Eredeti mem\u00f3riamodul, amelyet megb\u00edzhat\u00f3 teljes\u00edtm\u00e9nyre terveztek.<\/p>\n<p>**Mi\u00e9rt v\u00e1lassza ezt a mem\u00f3riamodult?**<\/p>\n<p>&#8211; **Tov\u00e1bbfejlesztett teljes\u00edtm\u00e9ny:** T\u00f6k\u00e9letes a rendszer sebess\u00e9g\u00e9nek \u00e9s hat\u00e9konys\u00e1g\u00e1nak n\u00f6vel\u00e9s\u00e9re, k\u00fcl\u00f6n\u00f6sen az ig\u00e9nyes alkalmaz\u00e1sokhoz \u00e9s a t\u00f6bbfeladatos munkav\u00e9gz\u00e9shez.<\/p>\n<p>&#8211; **Egyszer\u0171 friss\u00edt\u00e9s:** Egyszer\u0171 telep\u00edt\u00e9si folyamat, amely lehet\u0151v\u00e9 teszi az asztali sz\u00e1m\u00edt\u00f3g\u00e9pe k\u00e9pess\u00e9geinek probl\u00e9mamentes b\u0151v\u00edt\u00e9s\u00e9t.<\/p>\n<p>&#8211; **Glob\u00e1lis sz\u00e1ll\u00edt\u00e1s:** Megv\u00e1s\u00e1rolhat\u00f3 \u00e9s sz\u00e1ll\u00edthat\u00f3 vil\u00e1gszerte, Eur\u00f3p\u00e1ra \u00f6sszpontos\u00edtva.<\/p>\n<p>K\u00e9rj\u00fck, vegye figyelembe, hogy a telep\u00edt\u00e9si utas\u00edt\u00e1sokat nem tartalmazza. Ha seg\u00edts\u00e9gre van sz\u00fcks\u00e9ge, vagy k\u00e9rd\u00e9se van, forduljon bizalommal t\u00e1mogat\u00e1s\u00e9rt. Csapatunk k\u00e9szen \u00e1ll a z\u00f6kken\u0151mentes friss\u00edt\u00e9si \u00e9lm\u00e9ny biztos\u00edt\u00e1s\u00e1ra.<\/p>\n<p>**Fontos:** A list\u00e1ban szerepl\u0151 f\u00e9nyk\u00e9pek pontosan azt a mem\u00f3riamodult mutatj\u00e1k, amelyet kapni fog. Minden alkatr\u00e9szt ellen\u0151riznek a min\u0151s\u00e9g \u00e9s a teljes\u00edtm\u00e9ny biztos\u00edt\u00e1sa \u00e9rdek\u00e9ben.<\/p>\n","protected":false},"excerpt":{"rendered":"<p>16 GB-os 2Rx4 PC3L 12800R mem\u00f3riamodul (HMT42GR7AFR4A-PB) asztali sz\u00e1m\u00edt\u00f3g\u00e9pekhez. N\u00f6velje rendszere teljes\u00edtm\u00e9ny\u00e9t ezzel a megb\u00edzhat\u00f3 mem\u00f3riamodullal, amely t\u00f6k\u00e9letes a t\u00f6bbfeladatos munkav\u00e9gz\u00e9s \u00e9s az \u00e1ltal\u00e1nos sebess\u00e9g fokoz\u00e1s\u00e1ra.<\/p>\n","protected":false},"featured_media":10543,"template":"","meta":[],"product_brand":[],"product_cat":[40,36],"product_tag":[],"class_list":{"0":"post-10478","1":"product","2":"type-product","3":"status-publish","4":"has-post-thumbnail","6":"product_cat-ddr4","7":"product_cat-ram-memory","9":"first","10":"instock","11":"taxable","12":"shipping-taxable","13":"purchasable","14":"product-type-simple"},"_links":{"self":[{"href":"https:\/\/boreait.com\/hu\/wp-json\/wp\/v2\/product\/10478","targetHints":{"allow":["GET"]}}],"collection":[{"href":"https:\/\/boreait.com\/hu\/wp-json\/wp\/v2\/product"}],"about":[{"href":"https:\/\/boreait.com\/hu\/wp-json\/wp\/v2\/types\/product"}],"wp:featuredmedia":[{"embeddable":true,"href":"https:\/\/boreait.com\/hu\/wp-json\/wp\/v2\/media\/10543"}],"wp:attachment":[{"href":"https:\/\/boreait.com\/hu\/wp-json\/wp\/v2\/media?parent=10478"}],"wp:term":[{"taxonomy":"product_brand","embeddable":true,"href":"https:\/\/boreait.com\/hu\/wp-json\/wp\/v2\/product_brand?post=10478"},{"taxonomy":"product_cat","embeddable":true,"href":"https:\/\/boreait.com\/hu\/wp-json\/wp\/v2\/product_cat?post=10478"},{"taxonomy":"product_tag","embeddable":true,"href":"https:\/\/boreait.com\/hu\/wp-json\/wp\/v2\/product_tag?post=10478"}],"curies":[{"name":"wp","href":"https:\/\/api.w.org\/{rel}","templated":true}]}}