{"id":10466,"date":"2025-09-17T12:55:57","date_gmt":"2025-09-17T10:55:57","guid":{"rendered":"https:\/\/boreait.com\/hu\/?post_type=product&#038;p=10466"},"modified":"2025-09-17T12:57:23","modified_gmt":"2025-09-17T10:57:23","slug":"bulk-3-x-buffalo-select-d3u1333-b2gbj-2gb-1333mhz-pc3-10600u-ram-hasznalt","status":"publish","type":"product","link":"https:\/\/boreait.com\/hu\/termek\/bulk-3-x-buffalo-select-d3u1333-b2gbj-2gb-1333mhz-pc3-10600u-ram-hasznalt\/","title":{"rendered":"BULK 3 X Buffalo Select D3U1333-B2GBJ 2GB 1333MHz PC3-10600U RAM &#8211; Haszn\u00e1lt"},"content":{"rendered":"<p>Buffalo Select D3U1333-B2GBJ 2GB 1333MHz PC3-10600U asztali RAM<\/p>\n<p>Friss\u00edtse asztali rendszer\u00e9t a Buffalo Select D3U1333-B2GBJ RAM modullal. Ez a 2 GB-os mem\u00f3riak\u00e1rtya 1333 MHz-es sebess\u00e9ggel m\u0171k\u00f6dik, \u00e9s kompatibilis a PC3-10600U szabv\u00e1nyokkal, megb\u00edzhat\u00f3 megold\u00e1st ny\u00fajtva sz\u00e1m\u00edt\u00f3g\u00e9pe teljes\u00edtm\u00e9ny\u00e9nek n\u00f6vel\u00e9s\u00e9re.<\/p>\n<p>**A term\u00e9k jellemz\u0151i:**<\/p>\n<p>&#8211; **Modell:** Buffalo Select D3U1333-B2GBJ<\/p>\n<p>&#8211; **Mem\u00f3ria m\u00e9rete:** 2 GB<\/p>\n<p>&#8211; **Sebess\u00e9g:** 1333 MHz<\/p>\n<p>&#8211; **T\u00edpus:** DDR3 SDRAM<\/p>\n<p>&#8211; **Norm\u00e1l:** PC3-10600U<\/p>\n<p>&#8211; **\u00c1llapot:** A mell\u00e9kelt fot\u00f3k a t\u00e9nylegesen megkapott RAM-modult mutatj\u00e1k, biztos\u00edtva az \u00e1llapot\u00e1nak \u00e1tl\u00e1that\u00f3s\u00e1g\u00e1t.<\/p>\n<p>**Mi\u00e9rt v\u00e1lassza ezt a RAM-modult?**<\/p>\n<p>&#8211; **Teljes\u00edtm\u00e9nyn\u00f6vel\u00e9s:** T\u00f6k\u00e9letes a rendszer friss\u00edt\u00e9s\u00e9hez a nagyobb ig\u00e9nybev\u00e9telt jelent\u0151 feladatok elv\u00e9gz\u00e9s\u00e9hez.<\/p>\n<p>&#8211; **K\u00f6zvetlen csere:** K\u00f6nnyen telep\u00edthet\u0151, \u00edgy probl\u00e9mamentes friss\u00edt\u00e9si lehet\u0151s\u00e9g.<\/p>\n<p>&#8211; **Sz\u00e1ll\u00edt\u00e1s az eg\u00e9sz vil\u00e1gon:** Megv\u00e1s\u00e1rolhat\u00f3 \u00e9s sz\u00e1ll\u00edthat\u00f3 vil\u00e1gszerte, az eur\u00f3pai \u00fcgyfelekre \u00f6sszpontos\u00edtva.<\/p>\n<p>K\u00e9rj\u00fck, vegye figyelembe, hogy a telep\u00edt\u00e9si utas\u00edt\u00e1sokat nem tartalmazza. Ha seg\u00edts\u00e9gre van sz\u00fcks\u00e9ge a telep\u00edt\u00e9si folyamathoz, forduljon bizalommal t\u00e1mogat\u00e1s\u00e9rt. Az\u00e9rt vagyunk itt, hogy biztos\u00edtsuk a z\u00f6kken\u0151mentes friss\u00edt\u00e9si \u00e9lm\u00e9nyt.<\/p>\n<p>**Fontos:** A list\u00e1ban szerepl\u0151 fot\u00f3k pontosan azt a RAM-modult \u00e1br\u00e1zolj\u00e1k, amelyet kapni fog. Az \u00d6n el\u00e9gedetts\u00e9ge \u00e9rdek\u00e9ben minden alkatr\u00e9szt min\u0151s\u00e9gi ellen\u0151rz\u00e9snek vet\u00fcnk al\u00e1.<\/p>\n","protected":false},"excerpt":{"rendered":"<p>Buffalo Select D3U1333-B2GBJ 2GB 1333MHz PC3-10600U RAM \u2013 Eredeti csere. N\u00f6velje asztali sz\u00e1m\u00edt\u00f3g\u00e9pe teljes\u00edtm\u00e9ny\u00e9t ezzel a megb\u00edzhat\u00f3 2 GB-os RAM modullal, amely t\u00f6k\u00e9letes a hib\u00e1s mem\u00f3ria b\u0151v\u00edt\u00e9s\u00e9re vagy cser\u00e9j\u00e9re.<\/p>\n","protected":false},"featured_media":10524,"template":"","meta":[],"product_brand":[],"product_cat":[37,36],"product_tag":[],"class_list":{"0":"post-10466","1":"product","2":"type-product","3":"status-publish","4":"has-post-thumbnail","6":"product_cat-ddr3-ddr3l","7":"product_cat-ram-memory","9":"first","10":"instock","11":"taxable","12":"shipping-taxable","13":"purchasable","14":"product-type-simple"},"_links":{"self":[{"href":"https:\/\/boreait.com\/hu\/wp-json\/wp\/v2\/product\/10466","targetHints":{"allow":["GET"]}}],"collection":[{"href":"https:\/\/boreait.com\/hu\/wp-json\/wp\/v2\/product"}],"about":[{"href":"https:\/\/boreait.com\/hu\/wp-json\/wp\/v2\/types\/product"}],"wp:featuredmedia":[{"embeddable":true,"href":"https:\/\/boreait.com\/hu\/wp-json\/wp\/v2\/media\/10524"}],"wp:attachment":[{"href":"https:\/\/boreait.com\/hu\/wp-json\/wp\/v2\/media?parent=10466"}],"wp:term":[{"taxonomy":"product_brand","embeddable":true,"href":"https:\/\/boreait.com\/hu\/wp-json\/wp\/v2\/product_brand?post=10466"},{"taxonomy":"product_cat","embeddable":true,"href":"https:\/\/boreait.com\/hu\/wp-json\/wp\/v2\/product_cat?post=10466"},{"taxonomy":"product_tag","embeddable":true,"href":"https:\/\/boreait.com\/hu\/wp-json\/wp\/v2\/product_tag?post=10466"}],"curies":[{"name":"wp","href":"https:\/\/api.w.org\/{rel}","templated":true}]}}