{"id":10465,"date":"2025-09-17T12:55:57","date_gmt":"2025-09-17T10:55:57","guid":{"rendered":"https:\/\/boreait.com\/hu\/?post_type=product&#038;p=10465"},"modified":"2025-09-17T12:57:22","modified_gmt":"2025-09-17T10:57:22","slug":"8-gb-2rx8-pc3-14900e-ram-ecc-asztali-memoria-m391b1g73qh0-hasznalt-alkatreszek","status":"publish","type":"product","link":"https:\/\/boreait.com\/hu\/termek\/8-gb-2rx8-pc3-14900e-ram-ecc-asztali-memoria-m391b1g73qh0-hasznalt-alkatreszek\/","title":{"rendered":"8 GB 2Rx8 PC3-14900E RAM ECC asztali mem\u00f3ria M391B1G73QH0 &#8211; Haszn\u00e1lt alkatr\u00e9szek"},"content":{"rendered":"<p>8 GB 2Rx8 PC3-14900E ECC RAM asztali sz\u00e1m\u00edt\u00f3g\u00e9pekhez (M391B1G73QH0)<\/p>\n<p>N\u00f6velje asztali sz\u00e1m\u00edt\u00f3g\u00e9pe teljes\u00edtm\u00e9ny\u00e9t ezzel a 8 GB-os 2Rx8 PC3-14900E RAM modullal. Ez a mem\u00f3riamodul, amely ide\u00e1lis a t\u00f6bbfeladatos k\u00e9pess\u00e9gek \u00e9s a rendszer \u00e1ltal\u00e1nos sebess\u00e9g\u00e9nek n\u00f6vel\u00e9s\u00e9re, megb\u00edzhat\u00f3an helyettes\u00edti sz\u00e1m\u00edt\u00f3g\u00e9p\u00e9t.<\/p>\n<p><strong>A term\u00e9k jellemz\u0151i:<\/strong><\/p>\n<p>&#8211; **Kompatibilit\u00e1s:** Kompatibilis asztali rendszerekkel m\u0171k\u00f6dik, amelyek PC3-14900E RAM-ot ig\u00e9nyelnek.<\/p>\n<p>&#8211; **Kapacit\u00e1s:** 8 GB mem\u00f3ria, t\u00f6k\u00e9letes az ig\u00e9nyes alkalmaz\u00e1sok teljes\u00edtm\u00e9ny\u00e9nek jav\u00edt\u00e1s\u00e1hoz.<\/p>\n<p>&#8211; **M\u0171szaki adatok:**<\/p>\n<p>&#8211; T\u00edpus: DDR3 ECC<\/p>\n<p>&#8211; Konfigur\u00e1ci\u00f3: 2Rx8<\/p>\n<p>&#8211; Sebess\u00e9g: PC3-14900E<\/p>\n<p>&#8211; Cikksz\u00e1m: M391B1G73QH0.<\/p>\n<p>&#8211; **\u00c1llapot:** A list\u00e1ban szerepl\u0151 fot\u00f3k a t\u00e9nylegesen megkapott RAM modult mutatj\u00e1k be.<\/p>\n<p><strong>Mi\u00e9rt v\u00e1lassza ezt a RAM-modult?<\/strong><\/p>\n<p>&#8211; **Tov\u00e1bbfejlesztett teljes\u00edtm\u00e9ny:** Ide\u00e1lis azoknak a felhaszn\u00e1l\u00f3knak, akik szeretn\u00e9k jav\u00edtani rendszer\u00fck sebess\u00e9g\u00e9n \u00e9s hat\u00e9konys\u00e1g\u00e1n.<\/p>\n<p>&#8211; **K\u00f6zvetlen csere:** Egyszer\u0171 telep\u00edt\u00e9sre tervezt\u00e9k, \u00edgy biztos\u00edtva a probl\u00e9mamentes friss\u00edt\u00e9si folyamatot.<\/p>\n<p>&#8211; **El\u00e9rhet\u0151s\u00e9g az eg\u00e9sz vil\u00e1gon:** Vil\u00e1gszerte k\u00edn\u00e1lunk sz\u00e1ll\u00edt\u00e1st, Eur\u00f3p\u00e1ra \u00f6sszpontos\u00edtva.<\/p>\n<p>K\u00e9rj\u00fck, vegye figyelembe, hogy a telep\u00edt\u00e9si utas\u00edt\u00e1sokat nem tartalmazza. Ha seg\u00edts\u00e9gre van sz\u00fcks\u00e9ge a telep\u00edt\u00e9shez, tov\u00e1bbi t\u00e1mogat\u00e1s\u00e9rt forduljon hozz\u00e1nk bizalommal. Elk\u00f6telezettek vagyunk amellett, hogy z\u00f6kken\u0151mentes csere\u00e9lm\u00e9nyt biztos\u00edtsunk \u00d6nnek.<\/p>\n<p>**Fontos:** A list\u00e1ban szerepl\u0151 fot\u00f3k pontosan azt a RAM-modult \u00e1br\u00e1zolj\u00e1k, amelyet kapni fog. Minden alkatr\u00e9szt alaposan megvizsg\u00e1lnak a min\u0151s\u00e9g \u00e9s a teljes\u00edtm\u00e9ny garant\u00e1l\u00e1sa \u00e9rdek\u00e9ben.<\/p>\n","protected":false},"excerpt":{"rendered":"<p>8 GB 2Rx8 PC3-14900E RAM asztali sz\u00e1m\u00edt\u00f3g\u00e9phez \u2013 Eredeti cseremem\u00f3riamodul. N\u00f6velje asztali sz\u00e1m\u00edt\u00f3g\u00e9p\u00e9nek teljes\u00edtm\u00e9ny\u00e9t ezzel a megb\u00edzhat\u00f3 RAM-modullal, amelyet a t\u00f6bbfeladatos munkav\u00e9gz\u00e9s \u00e9s a rendszer \u00e1ltal\u00e1nos sebess\u00e9g\u00e9nek n\u00f6vel\u00e9s\u00e9re terveztek.<\/p>\n","protected":false},"featured_media":10523,"template":"","meta":[],"product_brand":[],"product_cat":[37,36],"product_tag":[],"class_list":{"0":"post-10465","1":"product","2":"type-product","3":"status-publish","4":"has-post-thumbnail","6":"product_cat-ddr3-ddr3l","7":"product_cat-ram-memory","9":"first","10":"instock","11":"taxable","12":"shipping-taxable","13":"purchasable","14":"product-type-simple"},"_links":{"self":[{"href":"https:\/\/boreait.com\/hu\/wp-json\/wp\/v2\/product\/10465","targetHints":{"allow":["GET"]}}],"collection":[{"href":"https:\/\/boreait.com\/hu\/wp-json\/wp\/v2\/product"}],"about":[{"href":"https:\/\/boreait.com\/hu\/wp-json\/wp\/v2\/types\/product"}],"wp:featuredmedia":[{"embeddable":true,"href":"https:\/\/boreait.com\/hu\/wp-json\/wp\/v2\/media\/10523"}],"wp:attachment":[{"href":"https:\/\/boreait.com\/hu\/wp-json\/wp\/v2\/media?parent=10465"}],"wp:term":[{"taxonomy":"product_brand","embeddable":true,"href":"https:\/\/boreait.com\/hu\/wp-json\/wp\/v2\/product_brand?post=10465"},{"taxonomy":"product_cat","embeddable":true,"href":"https:\/\/boreait.com\/hu\/wp-json\/wp\/v2\/product_cat?post=10465"},{"taxonomy":"product_tag","embeddable":true,"href":"https:\/\/boreait.com\/hu\/wp-json\/wp\/v2\/product_tag?post=10465"}],"curies":[{"name":"wp","href":"https:\/\/api.w.org\/{rel}","templated":true}]}}