{"id":10464,"date":"2025-09-17T12:55:57","date_gmt":"2025-09-17T10:55:57","guid":{"rendered":"https:\/\/boreait.com\/hu\/?post_type=product&#038;p=10464"},"modified":"2025-09-17T12:57:21","modified_gmt":"2025-09-17T10:57:21","slug":"dell-latitude-e7250-ketsavos-vezetek-nelkuli-ac-7265ngw-kartya-cserealkatresz","status":"publish","type":"product","link":"https:\/\/boreait.com\/hu\/termek\/dell-latitude-e7250-ketsavos-vezetek-nelkuli-ac-7265ngw-kartya-cserealkatresz\/","title":{"rendered":"Dell Latitude E7250 k\u00e9ts\u00e1vos vezet\u00e9k n\u00e9lk\u00fcli AC 7265NGW k\u00e1rtya \u2013 cserealkatr\u00e9sz"},"content":{"rendered":"<p>Dell Latitude E7250 k\u00e9ts\u00e1vos vezet\u00e9k n\u00e9lk\u00fcli AC 7265NGW k\u00e1rtya<\/p>\n<p>Friss\u00edtse vagy cser\u00e9lje ki megl\u00e9v\u0151 vezet\u00e9k n\u00e9lk\u00fcli k\u00e1rty\u00e1j\u00e1t a Dell Latitude E7250-ben erre a k\u00e9ts\u00e1vos vezet\u00e9k n\u00e9lk\u00fcli AC 7265NGW k\u00e1rty\u00e1ra. Megn\u00f6velt sebess\u00e9get \u00e9s stabilit\u00e1st k\u00edn\u00e1l a Wi-Fi-kapcsolatokhoz, \u00edgy ide\u00e1lis megold\u00e1s a csatlakoz\u00e1si probl\u00e9m\u00e1kkal k\u00fczd\u0151 felhaszn\u00e1l\u00f3k sz\u00e1m\u00e1ra.<\/p>\n<p>**A term\u00e9k jellemz\u0151i:**<\/p>\n<p>&#8211; **Kompatibilit\u00e1s:** Kifejezetten a Dell Latitude E7250 modellhez tervezt\u00e9k.<\/p>\n<p>&#8211; **Alkatr\u00e9szsz\u00e1m:** 7265NGW.<\/p>\n<p>&#8211; **K\u00e9ts\u00e1vos:** A 2,4 GHz-es \u00e9s az 5 GHz-es s\u00e1vokat egyar\u00e1nt t\u00e1mogatja a gyorsabb \u00e9s stabilabb kapcsolatok \u00e9rdek\u00e9ben.<\/p>\n<p>&#8211; **Wi-Fi szabv\u00e1ny:** 802.11ac a megb\u00edzhat\u00f3 vezet\u00e9k n\u00e9lk\u00fcli sebess\u00e9g \u00e9s teljes\u00edtm\u00e9ny \u00e9rdek\u00e9ben.<\/p>\n<p>**Mi\u00e9rt v\u00e1lassza ezt a vezet\u00e9k n\u00e9lk\u00fcli k\u00e1rty\u00e1t?**<\/p>\n<p>&#8211; **Vissza\u00e1ll\u00edtja a kapcsolatot:** T\u00f6k\u00e9letes a hib\u00e1s vagy elavult vezet\u00e9k n\u00e9lk\u00fcli k\u00e1rty\u00e1k cser\u00e9j\u00e9hez.<\/p>\n<p>&#8211; **Gyors \u00e9s megb\u00edzhat\u00f3:** Jav\u00edtja a Wi-Fi teljes\u00edtm\u00e9ny\u00e9t, cs\u00f6kkenti a kimarad\u00e1sokat \u00e9s a csatlakoz\u00e1si probl\u00e9m\u00e1kat.<\/p>\n<p>&#8211; **Glob\u00e1lis sz\u00e1ll\u00edt\u00e1s:** Vil\u00e1gszerte el\u00e9rhet\u0151, Eur\u00f3p\u00e1ra \u00f6sszpontos\u00edtva.<\/p>\n<p>K\u00e9rj\u00fck, vegye figyelembe, hogy a telep\u00edt\u00e9si utas\u00edt\u00e1sokat nem tartalmazza. Ha seg\u00edts\u00e9gre van sz\u00fcks\u00e9ge a telep\u00edt\u00e9shez, forduljon hozz\u00e1nk bizalommal. Csapatunk az\u00e9rt van itt, hogy seg\u00edtsen.<\/p>\n<p>**Fontos:** A list\u00e1n szerepl\u0151 fot\u00f3k pontosan azt a vezet\u00e9k n\u00e9lk\u00fcli k\u00e1rty\u00e1t mutatj\u00e1k, amelyet kapni fog, ami biztos\u00edtja az \u00e1tl\u00e1that\u00f3s\u00e1got \u00e9s az el\u00e9gedetts\u00e9get.<\/p>\n","protected":false},"excerpt":{"rendered":"<p>Dell Latitude E7250 Dual Band Wireless AC 7265NGW k\u00e1rtya. N\u00f6velje vezet\u00e9k n\u00e9lk\u00fcli teljes\u00edtm\u00e9ny\u00e9t ezzel a megb\u00edzhat\u00f3 cserealkatr\u00e9szrel, amelyet a gyors, stabil Wi-Fi-kapcsolat helyre\u00e1ll\u00edt\u00e1s\u00e1ra terveztek.<\/p>\n","protected":false},"featured_media":10522,"template":"","meta":[],"product_brand":[],"product_cat":[27],"product_tag":[17],"class_list":{"0":"post-10464","1":"product","2":"type-product","3":"status-publish","4":"has-post-thumbnail","6":"product_cat-motherboards-board-parts","7":"product_tag-dell","9":"first","10":"instock","11":"taxable","12":"shipping-taxable","13":"purchasable","14":"product-type-simple"},"_links":{"self":[{"href":"https:\/\/boreait.com\/hu\/wp-json\/wp\/v2\/product\/10464","targetHints":{"allow":["GET"]}}],"collection":[{"href":"https:\/\/boreait.com\/hu\/wp-json\/wp\/v2\/product"}],"about":[{"href":"https:\/\/boreait.com\/hu\/wp-json\/wp\/v2\/types\/product"}],"wp:featuredmedia":[{"embeddable":true,"href":"https:\/\/boreait.com\/hu\/wp-json\/wp\/v2\/media\/10522"}],"wp:attachment":[{"href":"https:\/\/boreait.com\/hu\/wp-json\/wp\/v2\/media?parent=10464"}],"wp:term":[{"taxonomy":"product_brand","embeddable":true,"href":"https:\/\/boreait.com\/hu\/wp-json\/wp\/v2\/product_brand?post=10464"},{"taxonomy":"product_cat","embeddable":true,"href":"https:\/\/boreait.com\/hu\/wp-json\/wp\/v2\/product_cat?post=10464"},{"taxonomy":"product_tag","embeddable":true,"href":"https:\/\/boreait.com\/hu\/wp-json\/wp\/v2\/product_tag?post=10464"}],"curies":[{"name":"wp","href":"https:\/\/api.w.org\/{rel}","templated":true}]}}